
{"id":133960,"date":"2026-04-03T09:37:20","date_gmt":"2026-04-03T09:37:20","guid":{"rendered":"https:\/\/gevelridder.nl\/product\/sirliftalot2-drehbar-mit-saugheber\/"},"modified":"2026-04-06T14:52:41","modified_gmt":"2026-04-06T14:52:41","slug":"sir-liftalot2-drehbar-mit-pumpenkolben","status":"publish","type":"product","link":"https:\/\/gevelridder.nl\/de\/produkt\/sir-liftalot2-drehbar-mit-pumpenkolben\/","title":{"rendered":"SirLiftAlot2 drehbar mit Saugheber"},"content":{"rendered":"\n<h2 class=\"wp-block-heading\">Sir Liftalot2 drehbar mit Saugheber<\/h2>\n\n\n\n<p>F\u00fcr alle Bauarbeiter, die auf der Suche nach dem perfekten Werkzeug f\u00fcr einen reibungslosen und sicheren Arbeitsablauf sind, pr\u00e4sentieren wir Sir Liftalot2, das rotierende Vakuumhebeger\u00e4t. Der Komfort, den dieses Ger\u00e4t bietet, ver\u00e4ndert die Welt des Baugewerbes grundlegend. Sir Liftalot2 ist nicht einfach ein weiteres Hebeger\u00e4t. Er verf\u00fcgt \u00fcber zwei robuste&nbsp;<a href=\"https:\/\/gevelridder.nl\/product\/aaaaaanbieding-powr-grip-pompzuiger-lexaan\/\">Handsauger<\/a>, die insgesamt 150 kg heben k\u00f6nnen. Ganz gleich, ob Sie schwere Glasscheiben heben, drehen oder einsetzen m\u00fcssen, dieses Ger\u00e4t wird Ihnen die Arbeit erheblich erleichtern. Und das Beste daran? Es ist drehbar, und zwar um bis zu 360 Grad. Das bedeutet, dass Sie das Glas ohne Anstrengung in jede gew\u00fcnschte Position man\u00f6vrieren k\u00f6nnen. Die St\u00e4rke von Sir Liftalot2 liegt darin, dass der Lexan-Handpumpensauger einfach und gut durchdacht ist. Lexan ist f\u00fcr seine Haltbarkeit und St\u00e4rke bekannt. Diese Handpumpenkolben bieten einen festen Halt auf dem Material, wodurch das Risiko von Unf\u00e4llen oder Besch\u00e4digungen erheblich reduziert wird.<\/p>\n\n\n\n<h2 class=\"wp-block-heading\">Warum Sir Liftalot2 w\u00e4hlen?<\/h2>\n\n\n\n<ol class=\"wp-block-list\">\n<li><strong>Sicherheit geht vor:<\/strong>\u00a0Mit einer Hebekapazit\u00e4t von 150 kg k\u00f6nnen Sie sicher sein, dass Sie Glas stabil und sicher handhaben k\u00f6nnen.<\/li>\n\n\n\n<li><strong>Volle Kontrolle:<\/strong>\u00a0Dank der 360-Grad-Schwenkfunktion k\u00f6nnen Sie das Glas in jede beliebige Richtung drehen, was eine pr\u00e4zise Platzierung garantiert.<\/li>\n\n\n\n<li><strong>Kraftvolle Absaugung:<\/strong>\u00a0Die Lexan-Handpumpenkolben garantieren einen festen Griff und minimieren das Unfallrisiko.<\/li>\n\n\n\n<li><strong>Einfach zu bedienen:<\/strong>\u00a0Keine komplizierten Anweisungen oder Schulungen erforderlich. Sir Liftalot2 ist benutzerfreundlich, auch f\u00fcr Anf\u00e4nger.<\/li>\n<\/ol>\n\n\n\n<p>F\u00fcr Bauherren, die Qualit\u00e4t und Komfort auf der Baustelle sch\u00e4tzen, ist Sir Liftalot2 das ideale Werkzeug. Stellen Sie sicher, dass Sie mit diesem rotierenden Vakuumhebeger\u00e4t bereit sind, Ihre Projekte auf die n\u00e4chste Stufe zu heben.<\/p>\n","protected":false},"excerpt":{"rendered":"<div class=\"woocommerce-product-details__short-description\">\n<p>Dieses Modell kombiniert die drehbare Konstruktion mit starker Vakuumtechnik (Saugheber) \u2013 ideal f\u00fcr pr\u00e4zise Glasmontage.<\/p>\n<\/div>\n","protected":false},"featured_media":132959,"template":"","meta":{"_acf_changed":false,"_seopress_robots_primary_cat":"none","_seopress_titles_title":"","_seopress_titles_desc":"","_seopress_robots_index":""},"product_brand":[],"product_cat":[929],"product_tag":[1187,1013,1638,1810],"class_list":{"0":"post-133960","1":"product","2":"type-product","3":"status-publish","4":"has-post-thumbnail","6":"product_cat-vakuum-heber","7":"product_tag-drehbare-kolben","8":"product_tag-glas-de","9":"product_tag-orte","10":"product_tag-sirliftalot-drehbar-150-kg","11":"product_shipping_class-paket-80-50-20","13":"first","14":"instock","15":"taxable","16":"shipping-taxable","17":"purchasable","18":"product-type-simple"},"acf":[],"_links":{"self":[{"href":"https:\/\/gevelridder.nl\/de\/wp-json\/wp\/v2\/product\/133960","targetHints":{"allow":["GET"]}}],"collection":[{"href":"https:\/\/gevelridder.nl\/de\/wp-json\/wp\/v2\/product"}],"about":[{"href":"https:\/\/gevelridder.nl\/de\/wp-json\/wp\/v2\/types\/product"}],"wp:featuredmedia":[{"embeddable":true,"href":"https:\/\/gevelridder.nl\/de\/wp-json\/wp\/v2\/media\/132959"}],"wp:attachment":[{"href":"https:\/\/gevelridder.nl\/de\/wp-json\/wp\/v2\/media?parent=133960"}],"wp:term":[{"taxonomy":"product_brand","embeddable":true,"href":"https:\/\/gevelridder.nl\/de\/wp-json\/wp\/v2\/product_brand?post=133960"},{"taxonomy":"product_cat","embeddable":true,"href":"https:\/\/gevelridder.nl\/de\/wp-json\/wp\/v2\/product_cat?post=133960"},{"taxonomy":"product_tag","embeddable":true,"href":"https:\/\/gevelridder.nl\/de\/wp-json\/wp\/v2\/product_tag?post=133960"}],"curies":[{"name":"wp","href":"https:\/\/api.w.org\/{rel}","templated":true}]}}