
{"id":133953,"date":"2026-03-24T11:40:03","date_gmt":"2026-03-24T11:40:03","guid":{"rendered":"https:\/\/gevelridder.nl\/product\/wintergartenlift-installation-von-veranda-und-wintergartendaechern\/"},"modified":"2026-04-06T15:04:01","modified_gmt":"2026-04-06T15:04:01","slug":"wintergartenlift-installation-von-veranda-und-wintergartendaechern","status":"publish","type":"product","link":"https:\/\/gevelridder.nl\/de\/produkt\/wintergartenlift-installation-von-veranda-und-wintergartendaechern\/","title":{"rendered":"Wintergartenlift: Installation von Veranda- und Wintergartend\u00e4chern"},"content":{"rendered":"\n<h2 class=\"wp-block-heading\">Wintergarten-Lift<\/h2>\n\n\n\n<p>Wintergartenlift f\u00fcr den Einbau langer, schmaler Fenster in ein Wintergartendach von unten, ausgestattet mit einem Kolben mit Handschnappern und einer elektrischen Winde.<\/p>\n\n\n\n<h2 class=\"wp-block-heading\">Der Lift ist geeignet f\u00fcr<\/h2>\n\n\n\n<p>Bis zu einer H\u00f6he von 4,2 Metern, elektrisch, auch geeignet f\u00fcr die Montage von Deckenplatten, Jalousien, Rolll\u00e4den, Klimaanlagen usw.<br>Hierf\u00fcr ben\u00f6tigen Sie eine Plattform, die 35o Euro kostet. Funktioniert mit einer elektrischen Winde und ist sehr kompakt zu transportieren und an den Montageort zu bringen. Wenn Sie Jalousien oder Rolll\u00e4den montieren, haben wir auch<a href=\"https:\/\/gevelridder.nl\/product\/wheelie\/\">praktische Wagen<\/a>&nbsp;f\u00fcr den&nbsp;<a href=\"https:\/\/gevelridder.nl\/product\/glaskar-platenwagen-150kg\/\">Transport<\/a>, ohne die Profile zu besch\u00e4digen.<\/p>\n\n\n\n<h2 class=\"wp-block-heading\">Details Wintergartenlift<\/h2>\n\n\n\n<p>Ausgestattet mit einer Ausgleichsvorrichtung mit 4 Handsaugern, aber es ist auch ein Aufsatz erh\u00e4ltlich (Option), um Deckenplatten, Jalousien, Rolll\u00e4den usw. zu montieren. Kann eine H\u00f6he von 4,2 Metern erreichen. Geeignet f\u00fcr ein maximales Gewicht von 120 kg. Rufen Sie uns an oder schicken Sie uns eine E-Mail f\u00fcr weitere Informationen,<\/p>\n","protected":false},"excerpt":{"rendered":"<p>Der tragbare Glasmontagelift ist ein extrem kompakter, leichter Montagelift f\u00fcr die einfache Montage von Glas und anderen schweren Gegenst\u00e4nden, die in der H\u00f6he montiert werden m\u00fcssen.<\/p>\n<p><strong>\u2714\u00a0WLL 120 kg.<\/strong><\/p>\n<p><strong>\u2714\u00a0Bis zu 4,2 Meter hoch.<\/strong><\/p>\n<p><strong>\u2714\u00a0Gewicht 66 kg.<\/strong><\/p>\n<p><strong>\u2714\u00a0Mit Saugplatte mit St\u00fctzen.<\/strong><\/p>\n<p><strong>\u2714\u00a0550\u00d7650 mm Transport.<\/strong><\/p>\n<p><strong>\u2714\u00a01,0x 1,1 oder 0,75 x 1,6 m1 w\u00e4hrend des Betriebs.<\/strong><\/p>\n<p><strong>\u2714\u00a0Schnelles Aufstellen durch 1 Person.<\/strong><\/p>\n<p><strong>\u2714\u00a0Ausgestattet mit einer Fernbedienung am Kabel.<\/strong><\/p>\n<p><strong>\u2714\u00a0Heben Sie auf den mm.<\/strong><\/p>\n<p><strong>\u2714\u00a0Gew\u00e4chshausd\u00e4cher.<\/strong><\/p>\n<p><strong>\u2714\u00a0Terrassendeckel.<\/strong><\/p>\n<p><strong>\u2714\u00a0Auf Lager, kostenlos zu Ihnen nach Hause geliefert.<\/strong><\/p>\n","protected":false},"featured_media":131588,"template":"","meta":{"_acf_changed":false,"_seopress_robots_primary_cat":"none","_seopress_titles_title":"","_seopress_titles_desc":"","_seopress_robots_index":""},"product_brand":[],"product_cat":[932,931],"product_tag":[1025,1444,1806,1807,1067,1453],"class_list":{"0":"post-133953","1":"product","2":"type-product","3":"status-publish","4":"has-post-thumbnail","6":"product_cat-glasaufzuege","7":"product_cat-transportwagen-de","8":"product_tag-glas-einbauen","9":"product_tag-mieten","10":"product_tag-rugpijn-voorkomen","11":"product_tag-serreglas","12":"product_tag-serrelift-de","13":"product_tag-wagen-de-3","14":"product_shipping_class-europalette","16":"first","17":"onbackorder","18":"taxable","19":"shipping-taxable","20":"purchasable","21":"product-type-simple"},"acf":[],"_links":{"self":[{"href":"https:\/\/gevelridder.nl\/de\/wp-json\/wp\/v2\/product\/133953","targetHints":{"allow":["GET"]}}],"collection":[{"href":"https:\/\/gevelridder.nl\/de\/wp-json\/wp\/v2\/product"}],"about":[{"href":"https:\/\/gevelridder.nl\/de\/wp-json\/wp\/v2\/types\/product"}],"wp:featuredmedia":[{"embeddable":true,"href":"https:\/\/gevelridder.nl\/de\/wp-json\/wp\/v2\/media\/131588"}],"wp:attachment":[{"href":"https:\/\/gevelridder.nl\/de\/wp-json\/wp\/v2\/media?parent=133953"}],"wp:term":[{"taxonomy":"product_brand","embeddable":true,"href":"https:\/\/gevelridder.nl\/de\/wp-json\/wp\/v2\/product_brand?post=133953"},{"taxonomy":"product_cat","embeddable":true,"href":"https:\/\/gevelridder.nl\/de\/wp-json\/wp\/v2\/product_cat?post=133953"},{"taxonomy":"product_tag","embeddable":true,"href":"https:\/\/gevelridder.nl\/de\/wp-json\/wp\/v2\/product_tag?post=133953"}],"curies":[{"name":"wp","href":"https:\/\/api.w.org\/{rel}","templated":true}]}}