
{"id":133885,"date":"2026-03-24T11:37:16","date_gmt":"2026-03-24T11:37:16","guid":{"rendered":"https:\/\/gevelridder.nl\/product\/montagewagen-swivel-250-fuer-glaselemente\/"},"modified":"2026-04-06T14:45:29","modified_gmt":"2026-04-06T14:45:29","slug":"swivel-250-montagewagen","status":"publish","type":"product","link":"https:\/\/gevelridder.nl\/de\/produkt\/swivel-250-montagewagen\/","title":{"rendered":"Montagewagen Swivel 250 f\u00fcr Glaselemente"},"content":{"rendered":"\n<h2 class=\"wp-block-heading\"><strong>Swing 250 Montagewagen Plattenwagen: Optimales Format, optimale Bequemlichkeit<\/strong><\/h2>\n\n\n\n<p>Der Zwenk 250 Montagewagen Plattenwagen: Wenn Sie schon einmal auf der Suche nach einem zuverl\u00e4ssigen Plattenwagen oder Glaswagen waren, wissen Sie, dass nicht jeder Wagen gleich gut ist. Gl\u00fccklicherweise stellt Facade Knight (Gevelridder) den Zwenk 250 Glaswagen Plattenwagen vor, der alles bietet, was Sie f\u00fcr den Transport und die Lagerung von Glas und Platten ben\u00f6tigen. Dieser Wagen ist eine perfekte Kombination aus Form und Funktion und macht Ihnen das Leben leichter.&nbsp;<strong>Vielseitigkeit und Benutzerfreundlichkeit<\/strong>: Dank des innovativen Designs des Glaskarren von Glaskridder k\u00f6nnen Sie auch auf engstem Raum bequem arbeiten. Mit einem Gewicht von nur etwa 14 kg ist dieser Plattenwagen au\u00dfergew\u00f6hnlich leicht und tragbar. Ganz gleich, ob Sie Tischplatten, Thekenplatten oder wertvolle Kunstwerke transportieren, mit dem Gevelridder haben Sie die Gewissheit eines sicheren Transports.&nbsp;<strong>Technische Daten<\/strong>: Was hebt unseren Zwenk 250 Glaskar Plattenwagen von anderen ab? Der doppelseitige Schiebeb\u00fcgel, der in drei Positionen verstellbar ist, die Carve-Paddles f\u00fcr reibungsloses Man\u00f6vrieren und die Schwenkr\u00e4der mit Fu\u00dfbremsen. Dar\u00fcber hinaus bietet der einzigartige Feinstaubbelag Grip und Schutz vor Kratzern.&nbsp;<strong>Zus\u00e4tzliche Merkmale<\/strong>: Dieser Plattenwagen geht \u00fcber den Transport hinaus. Der Wagen verf\u00fcgt \u00fcber eine praktische Aufh\u00e4ngeleiste f\u00fcr Elektrowerkzeuge und eine Werkzeugablage f\u00fcr wichtige Utensilien. Dank der M\u00f6glichkeit, Clips anzubringen, k\u00f6nnen Sie auch Ihre Batterien bequem aufh\u00e4ngen.&nbsp;<strong>Warum Sie sich f\u00fcr Facade Knight (Gevelridder) entscheiden sollten<\/strong>: Jeder Zwenk 250 Glaskar Plattenwagen wird von Hand geschwei\u00dft und ausgekleidet, so dass Sie garantiert ein hochwertiges Produkt in den H\u00e4nden halten. Wenn es um Haltbarkeit und Handwerkskunst geht, ist Gevelridder der Name, dem Sie vertrauen k\u00f6nnen.&nbsp;<strong>Zusammenfassung der Merkmale<\/strong>:<\/p>\n\n\n\n<ul class=\"wp-block-list\">\n<li>Leichtgewicht (nur 12 kg)<\/li>\n\n\n\n<li>Beidseitig verstellbare Schiebestange<\/li>\n\n\n\n<li>Schnitzelpaddel f\u00fcr Man\u00f6vrierf\u00e4higkeit<\/li>\n\n\n\n<li>Lenkrollen mit Fu\u00dfbremse<\/li>\n\n\n\n<li>Feiner Staub\u00fcberzug f\u00fcr Grip und Schutz<\/li>\n\n\n\n<li>Aufh\u00e4ngeleiste f\u00fcr Elektrowerkzeuge<\/li>\n\n\n\n<li>Werkzeugfach f\u00fcr die wichtigsten Utensilien<\/li>\n\n\n\n<li>Bequeme Parkposition f\u00fcr Futter<\/li>\n\n\n\n<li>Die Leiste hat Standardl\u00f6cher f\u00fcr zwei Klemmen f\u00fcr die Markita 18V LXT<\/li>\n<\/ul>\n\n\n\n<p>Fazit: F\u00fcr alle, die den ultimativen Plattenwagen oder Glaswagen suchen, bietet Gevelridder eine konkurrenzlose L\u00f6sung. Mit seinen einzigartigen Eigenschaften und seiner hochwertigen Konstruktion ist dieser Wagen perfekt f\u00fcr jeden Auftrag, ob gro\u00df oder klein. Investieren Sie in Qualit\u00e4t, investieren Sie in Gevelridder.<\/p>\n","protected":false},"excerpt":{"rendered":"<p>Der Swivel 250 ist ein wendiger Montagewagen f\u00fcr Glas- und Fensterelemente. Mit seiner schwenkbaren Achse eignet er sich besonders gut f\u00fcr pr\u00e4zises Man\u00f6vrieren auf engen Baustellen.<\/p>\n<p><strong>\u2714<\/strong>\u00a0<strong>Ideal f\u00fcr Innenarbeiten, Wartung und Reparatur.<\/strong><\/p>\n<p><strong>\u2714<\/strong><strong>\u00a0Ihr Werkzeug immer zur Hand.<\/strong><\/p>\n<p><strong>\u2714<\/strong><strong>\u00a0Lenkrollen mit Fu\u00dfbremse.<\/strong><\/p>\n<p><strong>\u2714<\/strong><strong>\u00a0Leichtes Gewicht, sehr wendig.<\/strong><\/p>\n<p><strong>\u2714<\/strong><strong>\u00a0L=100 cm, H=100 cm, B=60 cm<\/strong><\/p>\n<p><strong>\u2714<\/strong><strong>\u00a0Regalbreite 18 cm.<\/strong><\/p>\n<p><strong>\u2714<\/strong><strong>\u00a0WLL250 kg.<\/strong><\/p>\n<p><strong>\u2714\u00a0<\/strong><strong>Eigengewicht 14 kg.<\/strong><\/p>\n<p><strong>\u2714<\/strong><strong>\u00a0Sicherheitssto\u00dfstange gegen Umkippen des Wagens.<\/strong><\/p>\n<p><strong>x<\/strong>\u00a0<strong>Ohne Spannklemmen und Werkzeug.<\/strong>\u00a0<strong>\u2660 Klammern m\u00fcssen separat bestellt werden:<\/strong><\/p>\n<ul>\n<li><a href=\"https:\/\/gevelridder.nl\/product\/spanklem-2-0-alu\/\">Alu-Spanner(Spitze)<\/a><\/li>\n<li><a href=\"https:\/\/gevelridder.nl\/product\/spanklem\/\">Stahlklammer<\/a><\/li>\n<li><a href=\"https:\/\/gevelridder.nl\/product\/spanklem-lans\/\">Spannlanze<\/a><\/li>\n<\/ul>\n","protected":false},"featured_media":131955,"template":"","meta":{"_acf_changed":false,"_seopress_robots_primary_cat":"none","_seopress_titles_title":"","_seopress_titles_desc":"","_seopress_robots_index":""},"product_brand":[],"product_cat":[915,934,931],"product_tag":[1673,1672,1675,1213,1353,1016,1019,1022,1334,1331,1028,1674,1798,1475,1055],"class_list":{"0":"post-133885","1":"product","2":"type-product","3":"status-publish","4":"has-post-thumbnail","6":"product_cat-fassade-transportwagen","7":"product_cat-glaskar","8":"product_cat-transportwagen-de","9":"product_tag-allterraindolly","10":"product_tag-fensterrahmen-2","11":"product_tag-fensterrahmentrager","12":"product_tag-glaser-de-2","13":"product_tag-glaser-de","14":"product_tag-glaskar-de","15":"product_tag-glaskar-tellerwagen","16":"product_tag-glaslift-de","17":"product_tag-glastransport-2","18":"product_tag-glastransport-hand","19":"product_tag-glaswagen-de","20":"product_tag-ladenbauer","21":"product_tag-platen-transport","22":"product_tag-rahmenwagen","23":"product_tag-tellerwagen","24":"product_shipping_class-kar-groot","26":"first","27":"instock","28":"taxable","29":"shipping-taxable","30":"purchasable","31":"product-type-simple"},"acf":[],"_links":{"self":[{"href":"https:\/\/gevelridder.nl\/de\/wp-json\/wp\/v2\/product\/133885","targetHints":{"allow":["GET"]}}],"collection":[{"href":"https:\/\/gevelridder.nl\/de\/wp-json\/wp\/v2\/product"}],"about":[{"href":"https:\/\/gevelridder.nl\/de\/wp-json\/wp\/v2\/types\/product"}],"wp:featuredmedia":[{"embeddable":true,"href":"https:\/\/gevelridder.nl\/de\/wp-json\/wp\/v2\/media\/131955"}],"wp:attachment":[{"href":"https:\/\/gevelridder.nl\/de\/wp-json\/wp\/v2\/media?parent=133885"}],"wp:term":[{"taxonomy":"product_brand","embeddable":true,"href":"https:\/\/gevelridder.nl\/de\/wp-json\/wp\/v2\/product_brand?post=133885"},{"taxonomy":"product_cat","embeddable":true,"href":"https:\/\/gevelridder.nl\/de\/wp-json\/wp\/v2\/product_cat?post=133885"},{"taxonomy":"product_tag","embeddable":true,"href":"https:\/\/gevelridder.nl\/de\/wp-json\/wp\/v2\/product_tag?post=133885"}],"curies":[{"name":"wp","href":"https:\/\/api.w.org\/{rel}","templated":true}]}}