
{"id":133843,"date":"2026-03-24T11:33:10","date_gmt":"2026-03-24T11:33:10","guid":{"rendered":"https:\/\/gevelridder.nl\/product\/schwarzer-deckel-fuer-saugheber-21-cm\/"},"modified":"2026-04-06T14:51:31","modified_gmt":"2026-04-06T14:51:31","slug":"schwarzer-deckel-fuer-pumpenkolben-21-cm","status":"publish","type":"product","link":"https:\/\/gevelridder.nl\/de\/produkt\/schwarzer-deckel-fuer-pumpenkolben-21-cm\/","title":{"rendered":"Schwarzer Deckel f\u00fcr Saugheber 21 cm"},"content":{"rendered":"\n<h2 class=\"wp-block-heading\"><strong>Ein ritterlicher Schutz f\u00fcr Ihren Pumpenkolben: Die Lederh\u00fclle<\/strong><\/h2>\n\n\n\n<p>Im Herzen Hollands wird die Lederh\u00fclle f\u00fcr den Pumpenkolben von Gevelridder mit Sorgfalt und Hingabe handgefertigt. Sie ist ein echtes Kunstwerk, das mit viel Liebe zum Detail und Qualit\u00e4t hergestellt wird. Diese Lederh\u00fclle ist nicht nur ein weiteres Accessoire, sondern ein Symbol f\u00fcr Langlebigkeit und Schutz f\u00fcr Ihren wertvollen Pumpenkolben. Mit einem starken elastischen Rand passt diese H\u00fclle perfekt um Ihren Pumpenkolben und sch\u00fctzt ihn vollst\u00e4ndig vor Staub, Schmutz und Fett.<\/p>\n\n\n\n<h3 class=\"wp-block-heading\"><strong>Warum eine Lederh\u00fclle f\u00fcr Ihren Pumpenkolben?<\/strong><\/h3>\n\n\n\n<p>Ihr Pumpenkolben ist ein wichtiges Werkzeug, das jeden Tag hart arbeitet. Um sicherzustellen, dass er auch in den kommenden Jahren seine Aufgabe erf\u00fcllt und wie neu aussieht, verdient er den besten Schutz. Hier kommt der Leder\u00fcberzug von Gevelridder ins Spiel. Ob Sie nun ein Profi in der Branche oder ein leidenschaftlicher Heimwerker sind, Sie wissen, wie wichtig die richtige Pflege Ihrer Werkzeuge ist. Mit diesem Leder\u00fcberzug verl\u00e4ngern Sie nicht nur die Lebensdauer Ihres Pumpsaugers, sondern bewahren auch sein Aussehen. Kein Staubpartikel, keine Schmutzspur und kein Fettfleck kann Ihrem Pumpkolben mehr etwas anhaben. Der Leder\u00fcberzug ist geeignet f\u00fcr die:<\/p>\n\n\n\n<ul class=\"wp-block-list\">\n<li><a href=\"https:\/\/gevelridder.nl\/product\/grabo-ottovac\/\" target=\"_blank\" rel=\"noreferrer noopener\">Ottovac<\/a><\/li>\n\n\n\n<li><a href=\"https:\/\/gevelridder.nl\/product\/anbieding-powr-grip-pompzuiger-lexaan\/\" target=\"_blank\" rel=\"noreferrer noopener\">Lexan-Pumpenkolben<\/a><\/li>\n\n\n\n<li><a href=\"https:\/\/gevelridder.nl\/product\/powr-grip-pompzuiger-metaal\/\" target=\"_blank\" rel=\"noreferrer noopener\">Pumpenkolben aus Stahl<\/a><\/li>\n<\/ul>\n\n\n\n<h3 class=\"wp-block-heading\"><strong>Made in Holland: Ein Symbol f\u00fcr Qualit\u00e4t<\/strong><\/h3>\n\n\n\n<p>Wenn Sie sich f\u00fcr den Lederbezug von Gevelridder f\u00fcr Ihren Pumpenkolben entscheiden, entscheiden Sie sich f\u00fcr Qualit\u00e4t und Handwerkskunst. Das Label \u201aMade in Holland\u2018 garantiert Produkte, die mit Stolz und Sorgfalt in den Niederlanden hergestellt werden. Es ist ein Versprechen f\u00fcr hochwertige Materialien und tadellose Verarbeitung. Sch\u00fctzen Sie Ihren Pumpenkolben mit der Eleganz und Langlebigkeit des Lederhandwerks. W\u00e4hlen Sie den Lederbezug von Gevelridder und geben Sie Ihrem Pumpenkolben die ritterliche Behandlung, die er verdient.<\/p>\n","protected":false},"excerpt":{"rendered":"<div class=\"woocommerce-product-details__short-description\">\n<p>Schutzh\u00fclle f\u00fcr Ihren Pumpenkolben, z.B. f\u00fcr die powr-grip, Bohle oder Kim Kolben. Durchmesser ca. 21 cm<\/p>\n<\/div>\n","protected":false},"featured_media":131742,"template":"","meta":{"_acf_changed":false,"_seopress_robots_primary_cat":"none","_seopress_titles_title":"","_seopress_titles_desc":"","_seopress_robots_index":""},"product_brand":[],"product_cat":[928,923,924],"product_tag":[1061],"class_list":{"0":"post-133843","1":"product","2":"type-product","3":"status-publish","4":"has-post-thumbnail","6":"product_cat-pumpenkolben","7":"product_cat-pumpenkolben-de","8":"product_cat-saugheber","9":"product_tag-pumpenkolbendeckel","10":"product_shipping_class-paket-45-35-25","12":"first","13":"instock","14":"taxable","15":"shipping-taxable","16":"purchasable","17":"product-type-simple"},"acf":[],"_links":{"self":[{"href":"https:\/\/gevelridder.nl\/de\/wp-json\/wp\/v2\/product\/133843","targetHints":{"allow":["GET"]}}],"collection":[{"href":"https:\/\/gevelridder.nl\/de\/wp-json\/wp\/v2\/product"}],"about":[{"href":"https:\/\/gevelridder.nl\/de\/wp-json\/wp\/v2\/types\/product"}],"wp:featuredmedia":[{"embeddable":true,"href":"https:\/\/gevelridder.nl\/de\/wp-json\/wp\/v2\/media\/131742"}],"wp:attachment":[{"href":"https:\/\/gevelridder.nl\/de\/wp-json\/wp\/v2\/media?parent=133843"}],"wp:term":[{"taxonomy":"product_brand","embeddable":true,"href":"https:\/\/gevelridder.nl\/de\/wp-json\/wp\/v2\/product_brand?post=133843"},{"taxonomy":"product_cat","embeddable":true,"href":"https:\/\/gevelridder.nl\/de\/wp-json\/wp\/v2\/product_cat?post=133843"},{"taxonomy":"product_tag","embeddable":true,"href":"https:\/\/gevelridder.nl\/de\/wp-json\/wp\/v2\/product_tag?post=133843"}],"curies":[{"name":"wp","href":"https:\/\/api.w.org\/{rel}","templated":true}]}}