
{"id":133838,"date":"2026-03-24T11:36:55","date_gmt":"2026-03-24T11:36:55","guid":{"rendered":"https:\/\/gevelridder.nl\/product\/rad-mit-luftreifen-400-100-mit-klemmkappe\/"},"modified":"2026-04-06T14:48:49","modified_gmt":"2026-04-06T14:48:49","slug":"rad-mit-luftreifen-400-100-mit-klemmkappe","status":"publish","type":"product","link":"https:\/\/gevelridder.nl\/de\/produkt\/rad-mit-luftreifen-400-100-mit-klemmkappe\/","title":{"rendered":"Rad mit Luftreifen 400\/100 mit Klemmkappe"},"content":{"rendered":"\n<h2 class=\"wp-block-heading\">Rad mit Luftreifen 400\/100 mit Klemmkappe<\/h2>\n\n\n\n<p><strong>R\u00e4der der Serie 54: Eine Fusion aus Innovation und Funktionalit\u00e4t<\/strong>&nbsp;In einer Branche, in der Qualit\u00e4t und Langlebigkeit der Schl\u00fcssel zum Erfolg sind, sind wir stolz darauf, unsere R\u00e4der der Serie 54 mit Kunststofffelge und schwarzem Luftreifen zu pr\u00e4sentieren. Diese sind mit einem Rollenlager erh\u00e4ltlich. Mit einer beeindruckenden Tragf\u00e4higkeit von 250 kg sind diese R\u00e4der Ihr zuverl\u00e4ssiger Partner f\u00fcr jede Aufgabe, ob schwer oder leicht. Die robuste Konstruktion mit einer Radbreite von 100 mm und einem Raddurchmesser von 400 mm macht sie ideal f\u00fcr eine Reihe von Anwendungen, von Industriekarren bis hin zu Gartenkarren. Die Nabenl\u00e4nge betr\u00e4gt 75 mm. Das 4-PR-Blockprofil, das bis zu 3 bar aufgepumpt werden kann, bietet au\u00dfergew\u00f6hnlichen Grip und Stabilit\u00e4t, auch auf unebenem Untergrund. Die Luftreifen sorgen f\u00fcr eine sanfte und komfortable Fahrt, d\u00e4mpfen St\u00f6\u00dfe und minimieren Vibrationen, was zu einer geringeren Belastung des Benutzers und einer l\u00e4ngeren Lebensdauer Ihrer Ger\u00e4te f\u00fchrt. Bitte beachten Sie, dass das tats\u00e4chliche Design des Rades von der gezeigten Abbildung abweichen kann. Was jedoch unver\u00e4ndert bleibt, ist unser Engagement f\u00fcr hervorragende Qualit\u00e4t und Kundenzufriedenheit. Wir betonen auch die Bedeutung des Lagers; das Rollenlager sorgt f\u00fcr einen ruhigeren Lauf. Mit einer EAN-Nummer 8718116089995 ist dieses Rad nicht nur ein Produkt, sondern ein Versprechen f\u00fcr Qualit\u00e4t und Effizienz. In der Welt der R\u00e4der ist unsere Serie 54 ein Synonym f\u00fcr Innovation, Funktionalit\u00e4t und Zuverl\u00e4ssigkeit, ein unverzichtbares Werkzeug f\u00fcr jeden Profi. Wir verwenden diese R\u00e4der f\u00fcr den&nbsp;<a href=\"https:\/\/gevelridder.nl\/glaskar-urban-platenwagen-350kg\/\">urban trolley<\/a>&nbsp;und den&nbsp;<a href=\"https:\/\/gevelridder.nl\/de\/product\/schnitzen-500kg-2-0\/\">carve 500 trolley<\/a>.<\/p>\n","protected":false},"excerpt":{"rendered":"<p>Mit einer Kunststofffelge und einem schwarzen Luftreifen sorgen diese R\u00e4der f\u00fcr eine ruhige und stabile Fahrt, egal wie hoch die Belastung ist. Wir haben ein Rollenlager f\u00fcr optimale Leistung gew\u00e4hlt. Mit einer Tragf\u00e4higkeit von 250 kg und einer robusten Konstruktion sind diese R\u00e4der die ideale Wahl f\u00fcr jedes Projekt, bei dem Zuverl\u00e4ssigkeit und Langlebigkeit gefragt sind, wobei das Kunststoffdesign sie leicht macht.<\/p>\n<p><b>\u2714<\/b>\u00a0Luftreifen<\/p>\n<div class=\"markdown prose w-full break-words dark:prose-invert light\">\n<p><b>\u2714\u00a0<\/b>Raddurchmesser (mm)400<\/p>\n<p><b>\u2714\u00a0<\/b>Breite der R\u00e4der (mm)100<\/p>\n<p><b>\u2714\u00a0<\/b>Tragf\u00e4higkeit (kg)250<\/p>\n<p><b>\u2714\u00a0<\/b>LagertypRollenlager<\/p>\n<p><b>\u2714<\/b>\u00a0R\u00e4der mit Luftreifen<\/p>\n<p><b>\u2714\u00a0<\/b>Radmaterial aus Polyamid 6 Kern<\/p>\n<p><b>\u2714\u00a0<\/b>L\u00e4nge der Nabe (mm) 75<\/p>\n<p><b>\u2714\u00a0<\/b>Bohrung \u00d8 (mm) 20<\/p>\n<p><b>\u2714\u00a0<\/b>Innen- und Au\u00dfeneinsatz<\/p>\n<\/div>\n","protected":false},"featured_media":131521,"template":"","meta":{"_acf_changed":false,"_seopress_robots_primary_cat":"none","_seopress_titles_title":"","_seopress_titles_desc":"","_seopress_robots_index":""},"product_brand":[],"product_cat":[915,936],"product_tag":[1537,1132,1055,1795,1794],"class_list":{"0":"post-133838","1":"product","2":"type-product","3":"status-publish","4":"has-post-thumbnail","6":"product_cat-fassade-transportwagen","7":"product_cat-teile-de","8":"product_tag-pneumatischer-glaswagen","9":"product_tag-reifen-400","10":"product_tag-tellerwagen","11":"product_tag-tillen","12":"product_tag-transport","13":"product_shipping_class-16-euro-de","15":"first","16":"instock","17":"taxable","18":"shipping-taxable","19":"purchasable","20":"product-type-simple"},"acf":[],"_links":{"self":[{"href":"https:\/\/gevelridder.nl\/de\/wp-json\/wp\/v2\/product\/133838","targetHints":{"allow":["GET"]}}],"collection":[{"href":"https:\/\/gevelridder.nl\/de\/wp-json\/wp\/v2\/product"}],"about":[{"href":"https:\/\/gevelridder.nl\/de\/wp-json\/wp\/v2\/types\/product"}],"wp:featuredmedia":[{"embeddable":true,"href":"https:\/\/gevelridder.nl\/de\/wp-json\/wp\/v2\/media\/131521"}],"wp:attachment":[{"href":"https:\/\/gevelridder.nl\/de\/wp-json\/wp\/v2\/media?parent=133838"}],"wp:term":[{"taxonomy":"product_brand","embeddable":true,"href":"https:\/\/gevelridder.nl\/de\/wp-json\/wp\/v2\/product_brand?post=133838"},{"taxonomy":"product_cat","embeddable":true,"href":"https:\/\/gevelridder.nl\/de\/wp-json\/wp\/v2\/product_cat?post=133838"},{"taxonomy":"product_tag","embeddable":true,"href":"https:\/\/gevelridder.nl\/de\/wp-json\/wp\/v2\/product_tag?post=133838"}],"curies":[{"name":"wp","href":"https:\/\/api.w.org\/{rel}","templated":true}]}}