
{"id":133833,"date":"2026-03-24T08:17:10","date_gmt":"2026-03-24T08:17:10","guid":{"rendered":"https:\/\/gevelridder.nl\/product\/rad-mit-luftreifen-260-85-mit-klemmkappe\/"},"modified":"2026-04-06T14:48:15","modified_gmt":"2026-04-06T14:48:15","slug":"rad-mit-luftreifen-260-85-mit-klemmkappe","status":"publish","type":"product","link":"https:\/\/gevelridder.nl\/de\/produkt\/rad-mit-luftreifen-260-85-mit-klemmkappe\/","title":{"rendered":"Rad mit Luftreifen 260\/85 mit Klemmkappe"},"content":{"rendered":"\n<p><strong>Die Knightly Rim 4\u2033 RED NL.75 RO.20: Die unschlagbare Wahl f\u00fcr Bau-, Umzugs- und Transportmeister!<\/strong><\/p>\n\n\n\n<p>Die Ritter der Moderne \u2013 Baumeister, Umzugsunternehmer und Transporteure \u2013 vereinigen sich um den beeindruckenden VELG 4\u2033 RED NL.75 RO.20. Dieser Reifen wurde als unverzichtbarer Verb\u00fcndeter f\u00fcr Ihren leichten&nbsp;<a href=\"https:\/\/gevelridder.nl\/product\/glaskar-250-platenwagen\/\" target=\"_blank\" rel=\"noreferrer noopener\">Gable Trolley<\/a>&nbsp;entwickelt und verspricht nicht nur eine einfache Montage, sondern auch eine einschneidende St\u00e4rke, die jeder Herausforderung gewachsen ist. Ausgestattet mit einem unverw\u00fcstlichen Blockprofil und einem Radkern aus robustem Polyamid garantiert der Luftreifen ein ger\u00e4usch- und vibrationsarmes Fahrvergn\u00fcgen. Au\u00dferdem k\u00f6nnen Sie sich dank des Rollenlagers auf reibungslose und einwandfreie Bewegungen verlassen. Warum sollten Sie sich f\u00fcr diesen Ritter der R\u00e4der entscheiden? Die Antwort ist einfach: Es ist perfekt f\u00fcr mittelschwere Transporte, insbesondere f\u00fcr sto\u00dfempfindliche Produkte oder f\u00fcr das Befahren von unebenen oder unbefestigten Fl\u00e4chen. B\u00fcros, Lagerh\u00e4user, Gesch\u00e4fte, Institutionen \u2013 dieses Rad f\u00fcgt sich nahtlos in jede Umgebung ein und bietet eine unvergleichliche Leistung. Mit einem Raddurchmesser von 260 mm und einer Breite von 85 mm kann dieser Riese von einem Rad bis zu 150 kg tragen. Und mit einer Achse von 20 und einer Nabenl\u00e4nge von 75 mm ist es sowohl langlebig als auch zuverl\u00e4ssig. Unser kluger Rat? Entscheiden Sie sich immer f\u00fcr einen Luftreifen, besonders wenn Sie regelm\u00e4\u00dfig Schwellen \u00fcberqueren m\u00fcssen. Und seien Sie vorsichtig, denn Vollgummireifen k\u00f6nnen in Sand oder Kies stecken bleiben, was zu einem umgest\u00fcrzten Wagen f\u00fchren kann. Aber mit dem VELG 4\u2033 RED NL.75 RO.20 werden Sie immer triumphieren, ganz gleich, ob Sie es mit unebenen Oberfl\u00e4chen wie Kopfsteinpflaster, besch\u00e4digten B\u00f6den oder sogar Hindernissen wie Schwellen zu tun haben. Holen Sie sich Gold, Ritter des Bauwesens, des Umzugs und des Transports. Entscheiden Sie sich f\u00fcr den FELG 4\u2033 RED NL.75 RO.20 und erleben Sie die Kraft der wahren Ritterlichkeit in jedem Rad!<\/p>\n","protected":false},"excerpt":{"rendered":"<div class=\"woocommerce-product-details__short-description\">\n<p>Das VELG 4\u2033 RED NL.75 RO.20 ist ein unverzichtbares Rad f\u00fcr Bau-, Umzugs- und Transportprofis. Dieses Luftreifenrad mit Blockprofil und Polyamidkern wurde f\u00fcr den leichten Gable Cart entwickelt und bietet ein ger\u00e4usch- und vibrationsarmes Fahrgef\u00fchl. Mit einer Tragf\u00e4higkeit von 150 kg und Spezifikationen von 260 mm Durchmesser und 85 mm Breite ist es ideal f\u00fcr verschiedene Oberfl\u00e4chen und Umgebungen. Entscheiden Sie sich f\u00fcr ritterliche Zuverl\u00e4ssigkeit mit diesem Rad! Das Rad wiegt nur 1,1 kg. H\u00e4ufige Reifenpannen? Dann haben wir das Polyfil-Rad mit einer \u00e4hnlichen D\u00e4mpfung wie der Luftreifen.<\/p>\n<\/div>\n","protected":false},"featured_media":131521,"template":"","meta":{"_acf_changed":false,"_seopress_robots_primary_cat":"none","_seopress_titles_title":"","_seopress_titles_desc":"","_seopress_robots_index":""},"product_brand":[],"product_cat":[915,936],"product_tag":[1748,1016,1534,1789],"class_list":{"0":"post-133833","1":"product","2":"type-product","3":"status-publish","4":"has-post-thumbnail","6":"product_cat-fassade-transportwagen","7":"product_cat-teile-de","8":"product_tag-gevelridderkar","9":"product_tag-glaskar-de","10":"product_tag-luftreifen","11":"product_tag-wiel","13":"first","14":"instock","15":"taxable","16":"shipping-taxable","17":"purchasable","18":"product-type-simple"},"acf":[],"_links":{"self":[{"href":"https:\/\/gevelridder.nl\/de\/wp-json\/wp\/v2\/product\/133833","targetHints":{"allow":["GET"]}}],"collection":[{"href":"https:\/\/gevelridder.nl\/de\/wp-json\/wp\/v2\/product"}],"about":[{"href":"https:\/\/gevelridder.nl\/de\/wp-json\/wp\/v2\/types\/product"}],"wp:featuredmedia":[{"embeddable":true,"href":"https:\/\/gevelridder.nl\/de\/wp-json\/wp\/v2\/media\/131521"}],"wp:attachment":[{"href":"https:\/\/gevelridder.nl\/de\/wp-json\/wp\/v2\/media?parent=133833"}],"wp:term":[{"taxonomy":"product_brand","embeddable":true,"href":"https:\/\/gevelridder.nl\/de\/wp-json\/wp\/v2\/product_brand?post=133833"},{"taxonomy":"product_cat","embeddable":true,"href":"https:\/\/gevelridder.nl\/de\/wp-json\/wp\/v2\/product_cat?post=133833"},{"taxonomy":"product_tag","embeddable":true,"href":"https:\/\/gevelridder.nl\/de\/wp-json\/wp\/v2\/product_tag?post=133833"}],"curies":[{"name":"wp","href":"https:\/\/api.w.org\/{rel}","templated":true}]}}