
{"id":133798,"date":"2026-03-24T11:34:38","date_gmt":"2026-03-24T11:34:38","guid":{"rendered":"https:\/\/gevelridder.nl\/product\/nachfuellset-fuer-glaskar\/"},"modified":"2026-04-06T14:46:03","modified_gmt":"2026-04-06T14:46:03","slug":"nachfuellset-fuer-glaskar","status":"publish","type":"product","link":"https:\/\/gevelridder.nl\/de\/produkt\/nachfuellset-fuer-glaskar\/","title":{"rendered":"Nachf\u00fcllset f\u00fcr Glaskar"},"content":{"rendered":"\n<h2 class=\"wp-block-heading\">Nachf\u00fcllset f\u00fcr einen Glaskar<\/h2>\n\n\n\n<p>Mit diesem Ausf\u00fcllset f\u00fcr einen Glaswagen k\u00f6nnen Sie Ihren Rahmen mit Glas gegen den Wagen ausf\u00fcllen. Der Ausf\u00fcllstreifen an der Unterseite ist 70\u00d720 mm gro\u00df und wird mit Klettverschluss befestigt, so dass die Gesamth\u00f6he etwa 24 mm betr\u00e4gt. Das Hufeisen hat eine Ausf\u00fcllst\u00e4rke von 65 mm. Das Ausf\u00fcllset kann sowohl f\u00fcr unseren&nbsp;<a href=\"https:\/\/gevelridder.nl\/product\/glaskar-platenwagen-150kg\/\">150kg-Glaswagen<\/a>&nbsp;als auch f\u00fcr den&nbsp;<a href=\"https:\/\/gevelridder.nl\/product\/glaskar-250-platenwagen\/\">250kg-Glaswagen<\/a>&nbsp;verwendet werden.<\/p>\n\n\n\n<h2 class=\"wp-block-heading\">Tellerwagen<\/h2>\n\n\n\n<p>Das Gevelkar 100\u00d7100 cm mit einer Ladefl\u00e4che von 18 cm, geeignet f\u00fcr 250 kg, hat 2 unten angebrachte H\u00fclsen, die Ihnen die M\u00f6glichkeit geben, Spannklemmen zu verwenden, es ist ganz aus Aluminium gefertigt und hat daher ein Gewicht von 12 kg. Die Spannklemmen oder Spannlanzen k\u00f6nnen separat bestellt werden.<\/p>\n\n\n\n<h3 class=\"wp-block-heading\">Glaskar mit einem Steckdosen-Set<\/h3>\n\n\n\n<p>Dieser praktische Trolley wurde liebevoll entworfen und in den Niederlanden hergestellt, worauf wir sehr stolz sind. #MadeinHolland. Die Karren sind handgefertigt und auch von Hand gepolstert. Das macht ihn zum \u201eAston Martin\u201c unter den Karren. Obwohl es die unsicherste Art ist, Glas zu transportieren, wird es immer noch regelm\u00e4\u00dfig von Hand gehoben und getragen. Manchmal fehlt es an den richtigen Hebehilfen und Transportmitteln, und manchmal ist es der Bequemlichkeit der Mitarbeiter geschuldet. Glas kann manuell angehoben werden, wenn es nicht zu gro\u00df und schwer ist und nicht zu weit transportiert werden muss. Aber wollen Sie das Risiko eingehen, lebenslange R\u00fcckenschmerzen zu bekommen, wir nicht!&nbsp;<a href=\"https:\/\/arbocatalogus-vlakglas.nl\/handeling\/handmatig-tillen-en-dragen-van-glas\">Siehe auch den Katalog f\u00fcr Gesundheit und Sicherheit in der Flachglasindustrie&nbsp;<\/a>Die h\u00e4ufigsten Ursachen f\u00fcr Unf\u00e4lle und Verletzungen sind:<\/p>\n\n\n\n<ul class=\"wp-block-list\">\n<li>Schnitte durch die Wirkung von Glas<\/li>\n\n\n\n<li>K\u00f6rperliche \u00dcberanstrengung durch das Heben und Tragen schwerer Glasscheiben<\/li>\n\n\n\n<li>Stolpern, Ausrutschen oder Sturz<\/li>\n\n\n\n<li>Von einer herabfallenden Last getroffen werden<\/li>\n<\/ul>\n\n\n\n<p>Die wichtigsten Risiken:<\/p>\n\n\n\n<ol class=\"wp-block-list\">\n<li>K\u00f6rperliche Belastung<\/li>\n\n\n\n<li>Von (herabfallenden) Materialien getroffen werden<\/li>\n\n\n\n<li>Gefahr beim Schneiden<\/li>\n\n\n\n<li>Stolpern, Fallen und Ausrutschen<\/li>\n<\/ol>\n\n\n\n<p>L\u00f6sungen f\u00fcr die Risiken:<\/p>\n\n\n\n<ol class=\"wp-block-list\">\n<li>Sicheres manuelles Heben und Tragen<\/li>\n\n\n\n<li>Vorbeugung von Verletzungen der Gelenke<\/li>\n\n\n\n<li>St\u00fcrzen, Ausrutschen und Stolpern vorbeugen<\/li>\n\n\n\n<li>Die richtige PSA f\u00fcr jeden Einsatz!<\/li>\n<\/ol>\n\n\n\n<p>Richtig, also Facade Knight (Gevelridder)!<\/p>\n","protected":false},"excerpt":{"rendered":"<div class=\"woocommerce-product-details__short-description\">\n<p>Mit diesem Ausf\u00fcllkit k\u00f6nnen Sie Ihren Rahmen mit Glas gegen den Wagen ausf\u00fcllen. Der Ausf\u00fcllstreifen an der Unterseite ist 70\u00d720 mm gro\u00df und wird mit Klettverschluss befestigt. Die Gesamth\u00f6he betr\u00e4gt etwa 24 mm, kann also verschoben werden (je nach Rahmen). Das Hufeisen hat eine Ausf\u00fcllst\u00e4rke von 65 mm.<\/p>\n<\/div>\n","protected":false},"featured_media":138064,"template":"","meta":{"_acf_changed":false,"_seopress_robots_primary_cat":"none","_seopress_titles_title":"","_seopress_titles_desc":"","_seopress_robots_index":""},"product_brand":[],"product_cat":[915,936,931],"product_tag":[998,1016,1052,1521],"class_list":{"0":"post-133798","1":"product","2":"type-product","3":"status-publish","4":"has-post-thumbnail","6":"product_cat-fassade-transportwagen","7":"product_cat-teile-de","8":"product_cat-transportwagen-de","9":"product_tag-giebel-ritter","10":"product_tag-glaskar-de","11":"product_tag-montage-glas","12":"product_tag-plattenwagen","13":"product_shipping_class-25-euro-de","15":"first","16":"instock","17":"taxable","18":"shipping-taxable","19":"purchasable","20":"product-type-simple"},"acf":[],"_links":{"self":[{"href":"https:\/\/gevelridder.nl\/de\/wp-json\/wp\/v2\/product\/133798","targetHints":{"allow":["GET"]}}],"collection":[{"href":"https:\/\/gevelridder.nl\/de\/wp-json\/wp\/v2\/product"}],"about":[{"href":"https:\/\/gevelridder.nl\/de\/wp-json\/wp\/v2\/types\/product"}],"wp:featuredmedia":[{"embeddable":true,"href":"https:\/\/gevelridder.nl\/de\/wp-json\/wp\/v2\/media\/138064"}],"wp:attachment":[{"href":"https:\/\/gevelridder.nl\/de\/wp-json\/wp\/v2\/media?parent=133798"}],"wp:term":[{"taxonomy":"product_brand","embeddable":true,"href":"https:\/\/gevelridder.nl\/de\/wp-json\/wp\/v2\/product_brand?post=133798"},{"taxonomy":"product_cat","embeddable":true,"href":"https:\/\/gevelridder.nl\/de\/wp-json\/wp\/v2\/product_cat?post=133798"},{"taxonomy":"product_tag","embeddable":true,"href":"https:\/\/gevelridder.nl\/de\/wp-json\/wp\/v2\/product_tag?post=133798"}],"curies":[{"name":"wp","href":"https:\/\/api.w.org\/{rel}","templated":true}]}}