
{"id":133748,"date":"2026-03-24T11:44:24","date_gmt":"2026-03-24T11:44:24","guid":{"rendered":"https:\/\/gevelridder.nl\/product\/the-cannon-set-basic-250kg\/"},"modified":"2026-04-06T15:00:10","modified_gmt":"2026-04-06T15:00:10","slug":"fassaden-ritter-set-250kg-basic","status":"publish","type":"product","link":"https:\/\/gevelridder.nl\/de\/produkt\/fassaden-ritter-set-250kg-basic\/","title":{"rendered":"The Cannon Set Basic 250kg"},"content":{"rendered":"\n<h2 class=\"wp-block-heading\"><strong>TheCannon Set Basic 250 kg \u2013 Komplettl\u00f6sung gegen R\u00fcckenbeschwerden beim Einsetzen von Glas<\/strong><\/h2>\n\n\n\n<p>Das TheCannon Set Basic 250 kg ist ein komplettes, professionelles Set f\u00fcr Glaser, Fensterbauer und Bauunternehmer, die sicher und Arbo-konform arbeiten m\u00f6chten. Mit diesem vorteilhaften Set haben Sie alles zur Hand, um Glas, Fenster, T\u00fcren und Sonnenschutz bis zu einer H\u00f6he von ca. 5,8 Metern mit einem maximalen Arbeitsgewicht von 200\u2013250 kg zu transportieren und zu heben. Weniger Schleppen, weniger R\u00fcckenbeschwerden und mehr Kontrolle auf der Baustelle.<\/p>\n\n\n\n<h2 class=\"wp-block-heading\">Was ist im TheCannon Set Basic 250 kg enthalten?<\/h2>\n\n\n\n<ul class=\"wp-block-list\">\n<li><a href=\"https:\/\/gevelridder.nl\/de\/product\/the-cannon-kompakter-montagelift\/\"><strong>TheCannon<\/strong><\/a>\u00a0\u2013 ein kompakter, leichter Fassaden-Minikran von Gevelridder. Einfach im Bus zu transportieren und schnell an der Fassade, auf dem Balkon oder an einem Ger\u00fcst aufzubauen.<\/li>\n\n\n\n<li><strong><a href=\"https:\/\/gevelridder.nl\/de\/product\/sirliftalot4-250kg\/\">SirLiftAlot 4 Vakuum hebe gerat<\/a>\u00a0(WLL 250 kg)<\/strong>\u00a0\u2013 ein leichter, aber leistungsstarker Glasheber, den Sie in drei Positionen heben k\u00f6nnen. Der Sauger arbeitet mit Lexan-Pumpsaugern und ist mit Befestigungsb\u00fcgeln f\u00fcr doppelte Absturzsicherung ausgestattet, sodass Sie Glasplatten sicher und kontrolliert platzieren k\u00f6nnen.<\/li>\n\n\n\n<li><a href=\"https:\/\/gevelridder.nl\/de\/product\/glas-transportwagen-trolley-250kg\/\"><strong>Aluminium Glaswagen 250 kg<\/strong><\/a>\u00a0\u2013 ein robuster, aber sehr leichter Glaswagen (Eigengewicht ca. 13 kg) mit einem Rahmen von 100 \u00d7 100 cm und einem Aufsatz von 200 mm. Ideal f\u00fcr den Transport von Scheiben, Platten und Rahmen auf der Baustelle oder durch das Geb\u00e4ude.<\/li>\n\n\n\n<li><a href=\"https:\/\/gevelridder.nl\/de\/product\/neu-spannklemme-fuer-glaskar-2-0-alu\/\"><strong>Zwei Spannklemmen<\/strong><\/a>\u00a0\u2013 zum Fixieren von Glas oder Plattenmaterial auf dem Glaswagen, damit alles w\u00e4hrend des Transports und des Hebens stabil und sicher steht.<\/li>\n<\/ul>\n\n\n\n<h2 class=\"wp-block-heading\">R\u00fcckenbeschwerden mit professionellem Hebehilfsmittel vorbeugen<\/h2>\n\n\n\n<p>Im Bau-, Ausbau- und Glasbereich sind R\u00fcckenbeschwerden und \u00dcberlastung ein gro\u00dfes Risiko. Mit dem TheCannon Set Basic 250 kg mechanisieren Sie die schwere Arbeit: Anstatt auf der Schulter zu tragen, verwenden Sie einen Minikran f\u00fcr Glas, einen Glaswagen und einen Vakuum hebe gerat. Ihre Monteure arbeiten mehr mit dem Kopf als mit dem R\u00fccken, mit einer geraden Arbeitshaltung und weniger Spitzenbelastung beim Platzieren von schweren Scheiben und Schiebet\u00fcren.<\/p>\n\n\n\n<p>Fachleute, die mit Gevelridder-Hilfsmitteln arbeiten, geben oft an, dass sie abends nicht mehr \u201emit R\u00fcckenschmerzen flach auf der Couch\u201c liegen, sondern einfach Energie haben, um ihre Freizeit zu genie\u00dfen. Genau daf\u00fcr wurde das TheCannon Set Basic entwickelt: intelligentes Werkzeug, das die k\u00f6rperliche Belastung reduziert und die Freude an der Arbeit erh\u00f6ht.<\/p>\n\n\n\n<p>Arbo-freundliches Arbeiten und bereit f\u00fcr die Inspektion<\/p>\n\n\n\n<p>Arbeitgeber sind laut Arbeitsschutzgesetz verpflichtet, ungesunde Arbeitshaltungen und schwere Hebelastungen so weit wie m\u00f6glich zu vermeiden. Mit dem TheCannon Set Basic 250 kg zeigen Sie bei einer Inspektion direkt, dass Sie schwere Glasarbeiten mit anerkannten Hebehilfsmitteln mechanisieren: einem Minikran f\u00fcr Glas, Glaswagen und Vakuum hebe gerat. Das verringert nicht nur das Risiko von R\u00fcckenbeschwerden und Arbeitsausf\u00e4llen, sondern st\u00e4rkt auch Ihr Image als professioneller und moderner Bauunternehmer oder Glaser, der sich gut um seine Mitarbeiter k\u00fcmmert.<\/p>\n","protected":false},"excerpt":{"rendered":"<p><strong>\u2714\u00a0Leicht im Gewicht, von einem Mann zu heben.<\/strong><\/p>\n<p><b>\u2714<\/b>\u00a0<strong>Sch\u00f6nes komplettes Set:<\/strong><\/p>\n<ol>\n<li>\n<ol>\n<li>TheCannon 75-250 kg<\/li>\n<li>10 Ballastbl\u00f6cke<\/li>\n<li>Glaswagen 250 kg<\/li>\n<li>Ersatzrad<\/li>\n<li>Zwei Aluminium-Spannklemmen<\/li>\n<li>Vakuum hebe gerat: SirLiftAlot4<\/li>\n<\/ol>\n<\/li>\n<\/ol>\n","protected":false},"featured_media":132500,"template":"","meta":{"_acf_changed":false,"_seopress_robots_primary_cat":"none","_seopress_titles_title":"","_seopress_titles_desc":"","_seopress_robots_index":""},"product_brand":[],"product_cat":[916,922],"product_tag":[998,1010,1234,1352,1259,1022,1266,1272,1249,1418,1400,1421,1441,1483,1558,1561,1572,1630,1040,1079,1764,1765,1766],"class_list":{"0":"post-133748","1":"product","2":"type-product","3":"status-publish","4":"has-post-thumbnail","6":"product_cat-fassadenritter","7":"product_cat-vorteils-sets","8":"product_tag-giebel-ritter","9":"product_tag-giebel-ritter-set","10":"product_tag-glas-fassade-heben","11":"product_tag-glasheber-250-kg","12":"product_tag-glaskran-mieten","13":"product_tag-glaslift-de","14":"product_tag-glaslift-de-3","15":"product_tag-glaslift-250-kg","16":"product_tag-glaswagen-250-kg","17":"product_tag-hebeleiter","18":"product_tag-hebezeug","19":"product_tag-hijsset-glas-und-rahmen","20":"product_tag-hilfsmittel-gegen-ruckenschmerzen","21":"product_tag-leiterlift","22":"product_tag-minikran-fur-glas","23":"product_tag-minilift-de","24":"product_tag-montieren","25":"product_tag-platzierung-von-glas","26":"product_tag-rahmen-heben","27":"product_tag-thecannon-gevelridder","28":"product_tag-tilhulpmiddel-glaszetten","29":"product_tag-tilhulpmiddelen-bouw-en-afbouw","30":"product_tag-vacuumheffer-glas","31":"product_shipping_class-giebel-ritter-m","33":"first","34":"instock","35":"sale","36":"taxable","37":"shipping-taxable","38":"purchasable","39":"product-type-simple"},"acf":[],"_links":{"self":[{"href":"https:\/\/gevelridder.nl\/de\/wp-json\/wp\/v2\/product\/133748","targetHints":{"allow":["GET"]}}],"collection":[{"href":"https:\/\/gevelridder.nl\/de\/wp-json\/wp\/v2\/product"}],"about":[{"href":"https:\/\/gevelridder.nl\/de\/wp-json\/wp\/v2\/types\/product"}],"wp:featuredmedia":[{"embeddable":true,"href":"https:\/\/gevelridder.nl\/de\/wp-json\/wp\/v2\/media\/132500"}],"wp:attachment":[{"href":"https:\/\/gevelridder.nl\/de\/wp-json\/wp\/v2\/media?parent=133748"}],"wp:term":[{"taxonomy":"product_brand","embeddable":true,"href":"https:\/\/gevelridder.nl\/de\/wp-json\/wp\/v2\/product_brand?post=133748"},{"taxonomy":"product_cat","embeddable":true,"href":"https:\/\/gevelridder.nl\/de\/wp-json\/wp\/v2\/product_cat?post=133748"},{"taxonomy":"product_tag","embeddable":true,"href":"https:\/\/gevelridder.nl\/de\/wp-json\/wp\/v2\/product_tag?post=133748"}],"curies":[{"name":"wp","href":"https:\/\/api.w.org\/{rel}","templated":true}]}}