
{"id":133712,"date":"2026-03-24T08:17:08","date_gmt":"2026-03-24T08:17:08","guid":{"rendered":"https:\/\/gevelridder.nl\/product\/glas-transportwagen-250\/"},"modified":"2026-04-06T14:18:27","modified_gmt":"2026-04-06T14:18:27","slug":"glas-transportwagen-trolley-250kg","status":"publish","type":"product","link":"https:\/\/gevelridder.nl\/de\/produkt\/glas-transportwagen-trolley-250kg\/","title":{"rendered":"Glas transportwagen 250"},"content":{"rendered":"\n<p>Wenn Sie einen praktischen, leichten Glaskarren oder Plattenwagen mit einer gro\u00dfen Ablagefl\u00e4che z.B. f\u00fcr breitere Fensterrahmen w\u00fcnschen, dann ist der Giebelwagen das richtige Produkt f\u00fcr Sie.<\/p>\n\n\n\n<h2 class=\"wp-block-heading\">Glas transportwagen<\/h2>\n\n\n\n<p>Der Gevelkar glaswagen 100\u00d7100 cm mit einer Ladefl\u00e4che von 18 cm, geeignet f\u00fcr 250 kg, verf\u00fcgt \u00fcber 2 unten angebrachte H\u00fclsen, die Ihnen die M\u00f6glichkeit geben, Spannklemmen zu verwenden. Die H\u00fclsen sind hinten verl\u00e4ngert, so dass Sie die Spannklemmen hier bequem in Parkposition bringen k\u00f6nnen. Der Wagen ist komplett aus Aluminium gefertigt und wiegt daher nur 12 kg. Die Spannklemmen oder Lanzen k\u00f6nnen separat bestellt werden. Dieser handliche Wagen wurde mit viel Liebe in den Niederlanden entworfen und hergestellt, worauf wir sehr stolz sind. #MadeinHolland. Die Trolleys sind handgefertigt und auch von Hand gepolstert. Das macht ihn zum \u201eMercedes-Benz\u201c unter den Plattenwagen.<\/p>\n\n\n\n<h3 class=\"wp-block-heading\">Spanner f\u00fcr den glaswagen<\/h3>\n\n\n\n<p>Der Preis beinhaltet nicht&nbsp;<a href=\"https:\/\/gevelridder.nl\/de\/product\/neu-spannklemme-fuer-glaskar-2-0-alu\/\" target=\"_blank\" rel=\"noreferrer noopener\">die Klemme<\/a>, die Sie separat bestellen m\u00fcssen.<\/p>\n\n\n\n<h3 class=\"wp-block-heading\">Abmessungen des&nbsp; glas transportwagens<\/h3>\n\n\n\n<p>Die Ladefl\u00e4che ist 18 cm breit. Die Gesamtbreite des Wagens einschlie\u00dflich der R\u00e4der betr\u00e4gt nur 50 cm. Der Wagen ist auch in einer Version mit<a href=\"https:\/\/gevelridder.nl\/de\/?post_type=product&amp;p=119920\">&nbsp;1 Achse f\u00fcr 150 kg<\/a>&nbsp;erh\u00e4ltlich. Die Griffe sind mit einem Schnellverschluss verstellbar. Der Wagen ist mit schwarzem\/anthrazitfarbenem Filz ausgestattet.<\/p>\n\n\n\n<h4 class=\"wp-block-heading\">TNO \u2013 Merkblatt physische Arbeitsbelastung 2018<\/h4>\n\n\n\n<p>K\u00f6rperliche Belastung ist neben psychosozialer Arbeitsbelastung immer noch die Hauptursache f\u00fcr Berufskrankheiten und Arbeitsausf\u00e4lle. Dies ist ein&nbsp;<a href=\"https:\/\/www.arboportaal.nl\/onderwerpen\/tillen-en-dragen\/documenten\/publicatie\/2018\/07\/01\/factsheet-fysieke-arbeidsbelasting-2018\">TNO-Faktenblatt<\/a>&nbsp;mit Zahlen vom Juni 2018. Verwenden Sie deshalb die Hebehilfen von Gevelridder!<\/p>\n\n\n\n<h4 class=\"wp-block-heading\">Heben und Tragen mit glaswagen<\/h4>\n\n\n\n<p>Heben ist das Aufnehmen und Absetzen einer Last mit den H\u00e4nden, ohne sich selbst zu bewegen. Wenn Sie etwas im Gehen bewegen, w\u00e4hrend Sie heben, nennen wir das Tragen. Diese Tipps werden Ihnen helfen, gesundheitliche Probleme zu vermeiden.<\/p>\n\n\n\n<p>Welche Beschwerden k\u00f6nnen Sie bekommen? Das Heben und Tragen bei der Arbeit ist eine der Hauptursachen f\u00fcr k\u00f6rperliche Beschwerden, wie Schmerzen im (unteren) R\u00fccken, in den Schultern, im Nacken, in den Knien und in den H\u00fcften. Sie k\u00f6nnen auch R\u00fcckenbeschwerden bekommen, wenn Sie Gegenst\u00e4nde gebeugt oder mit verdrehtem R\u00fccken heben.<\/p>\n\n\n\n<p><a href=\"https:\/\/www.fnv.nl\/werk-inkomen\/veilig-gezond-werken\/lichamelijke-belasting\/tillen-en-dragen\">siehe auch<\/a><\/p>\n\n\n\n<p>Im K\u00f6nigreich von Facade Knight (Gevelridder), wo Handwerkskunst und Ehre hoch gesch\u00e4tzt werden, pr\u00e4sentieren wir Ihnen mit Stolz unsere majest\u00e4tischen Glaskarren \u2013 ein Produkt aus unserer eigenen Entwicklung und Herstellung. Wachsam wie ein Ritter, der seine Burg bewacht, raten wir Ihnen, die Karren immer auf einen ebenen Boden zu stellen, damit das edle Glas nicht umkippt. Und so wie ein Knappe seine R\u00fcstung h\u00fctet, sollten Sie die Karren nicht den Launen von Wind und Wetter aussetzen. Bewahren Sie ihre Pracht und sch\u00fctzen Sie, was wertvoll ist. M\u00f6ge Ihr Streben nach Perfektion bei Facade Knight (Gevelridder) in Erf\u00fcllung gehen!<\/p>\n","protected":false},"excerpt":{"rendered":"<p><b>\u2714<\/b>\u00a0<strong>F\u00fcr den Transport von Glas, Rahmen, Stein usw.<\/strong><\/p>\n<p><strong>\u2714\u00a0Leicht, einfach zu tragen.<\/strong><\/p>\n<p><strong>\u2714\u00a0L=100 cm, H=100 cm, B=50 cm<\/strong><\/p>\n<p><strong>\u2714\u00a0Ablagebreite 18 cm (Platz bis zum Rad 19,5 cm).<\/strong><\/p>\n<p><strong>\u2714\u00a0WLL250 kg.<\/strong><\/p>\n<p><strong>\u2714\u00a0Eigengewicht 12 kg.<\/strong><\/p>\n<p><strong>\u2714<\/strong><strong>\u00a0Luftreifen (gute D\u00e4mpfung).<\/strong><\/p>\n<p><strong>\u2714<\/strong><strong>\u00a0Bleibt nicht in Sand und Schotter stecken<\/strong><strong>.<\/strong><\/p>\n<p><strong>\u2714<\/strong><strong>\u00a0Sicherheitspuffer gegen das Umkippen des Wagens.<\/strong><\/p>\n<p><strong>x<\/strong>\u00a0<strong>Exklusive Klemmen<\/strong><\/p>\n<p>\u2660\u00a0<strong>Die Klemmschelle muss separat bestellt werden:<\/strong><\/p>\n<ul>\n<li><a href=\"https:\/\/gevelridder.nl\/product\/spanklem-2-0-alu\/\">Alu-Spannklemme (Spitze)<\/a><\/li>\n<li><a href=\"https:\/\/gevelridder.nl\/product\/spanklem\/\">Stahlklammer<\/a><\/li>\n<li><a href=\"https:\/\/gevelridder.nl\/product\/spanklem-lans\/\">Spannlanze<\/a><\/li>\n<\/ul>\n","protected":false},"featured_media":131402,"template":"","meta":{"_acf_changed":false,"_seopress_robots_primary_cat":"none","_seopress_titles_title":"","_seopress_titles_desc":"","_seopress_robots_index":""},"product_brand":[],"product_cat":[914],"product_tag":[1673,1672,1675,1353,1213,1016,1019,1022,1334,1328,1028,1674,1630,1475,1055],"class_list":{"0":"post-133712","1":"product","2":"type-product","3":"status-publish","4":"has-post-thumbnail","6":"product_cat-auslass","7":"product_tag-allterraindolly","8":"product_tag-fensterrahmen-2","9":"product_tag-fensterrahmentrager","10":"product_tag-glaser-de","11":"product_tag-glaser-de-2","12":"product_tag-glaskar-de","13":"product_tag-glaskar-tellerwagen","14":"product_tag-glaslift-de","15":"product_tag-glastransport-2","16":"product_tag-glastransport","17":"product_tag-glaswagen-de","18":"product_tag-ladenbauer","19":"product_tag-platzierung-von-glas","20":"product_tag-rahmenwagen","21":"product_tag-tellerwagen","22":"product_shipping_class-65-euro-de","24":"first","25":"instock","26":"sale","27":"taxable","28":"shipping-taxable","29":"purchasable","30":"product-type-simple"},"acf":[],"_links":{"self":[{"href":"https:\/\/gevelridder.nl\/de\/wp-json\/wp\/v2\/product\/133712","targetHints":{"allow":["GET"]}}],"collection":[{"href":"https:\/\/gevelridder.nl\/de\/wp-json\/wp\/v2\/product"}],"about":[{"href":"https:\/\/gevelridder.nl\/de\/wp-json\/wp\/v2\/types\/product"}],"wp:featuredmedia":[{"embeddable":true,"href":"https:\/\/gevelridder.nl\/de\/wp-json\/wp\/v2\/media\/131402"}],"wp:attachment":[{"href":"https:\/\/gevelridder.nl\/de\/wp-json\/wp\/v2\/media?parent=133712"}],"wp:term":[{"taxonomy":"product_brand","embeddable":true,"href":"https:\/\/gevelridder.nl\/de\/wp-json\/wp\/v2\/product_brand?post=133712"},{"taxonomy":"product_cat","embeddable":true,"href":"https:\/\/gevelridder.nl\/de\/wp-json\/wp\/v2\/product_cat?post=133712"},{"taxonomy":"product_tag","embeddable":true,"href":"https:\/\/gevelridder.nl\/de\/wp-json\/wp\/v2\/product_tag?post=133712"}],"curies":[{"name":"wp","href":"https:\/\/api.w.org\/{rel}","templated":true}]}}