
{"id":133696,"date":"2026-03-24T08:17:09","date_gmt":"2026-03-24T08:17:09","guid":{"rendered":"https:\/\/gevelridder.nl\/product\/glas-und-plattenwagen-150\/"},"modified":"2026-04-06T14:19:01","modified_gmt":"2026-04-06T14:19:01","slug":"glas-und-plattenwagen-150kg-2-0","status":"publish","type":"product","link":"https:\/\/gevelridder.nl\/de\/produkt\/glas-und-plattenwagen-150kg-2-0\/","title":{"rendered":"Glas- und Plattenwagen 150"},"content":{"rendered":"\n<h2 class=\"wp-block-heading\"><strong>Glas- und Plattenwagen<\/strong><\/h2>\n\n\n\n<h3 class=\"wp-block-heading\">Sch\u00f6ner Plattenwagen<\/h3>\n\n\n\n<p>Sobald Sie sich an diesen praktischen, leichten Glaskarren gew\u00f6hnt haben, werden Sie ihn nicht mehr missen wollen. Der Gevelkar 100\u00d7100 cm mit einer Ladefl\u00e4che von 18 cm ist f\u00fcr 150 kg geeignet. Der handliche Karren verf\u00fcgt \u00fcber 2 unten angebrachte Rohre, die Ihnen die M\u00f6glichkeit geben, Spannklemmen zu verwenden. Der einachsige Anh\u00e4nger ist ganz aus leichtem Aluminium gefertigt und wiegt nur 10 kg.<\/p>\n\n\n\n<h3 class=\"wp-block-heading\">Lagermontierte Glaskar-R\u00e4der<\/h3>\n\n\n\n<p>Der Glaswagen hat Achsen mit Luftreifen, eine bewusste Entscheidung unsererseits. Luftreifen bieten mehr D\u00e4mpfung und lassen sich daher leichter \u00fcber eine Unebenheit fahren. Wir verkaufen diesen Tellerwagen auch mit separaten Vollreifen, die h\u00e4ufiger in Werkst\u00e4tten verwendet werden. Dieser Teller- und Glaskarren wurde mit viel Liebe in den Niederlanden hergestellt, worauf wir sehr stolz sind. Der Preis beinhaltet nicht die Klammer oder die Lanze. Diese m\u00fcssen Sie separat bestellen. Die&nbsp;<a href=\"https:\/\/gevelridder.nl\/de\/product\/neu-spannklemme-fuer-glaskar-2-0-alu\/\">Klammern<\/a>&nbsp;verhindern, dass das Glas nach vorne f\u00e4llt. Nat\u00fcrlich sollten Sie den Wagen nicht einfach drau\u00dfen stehen lassen, wenn er beladen ist, denn der Wind kann ihn umwehen. Die Ladefl\u00e4che ist 18 cm breit und sch\u00f6n von Hand gef\u00fcttert.<\/p>\n\n\n\n<h3 class=\"wp-block-heading\">Glaskar Schubstange<\/h3>\n\n\n\n<p>Der Wagen ist mit einer verstellbaren Schiebestange ausgestattet, die Sie auf beiden Seiten des Wagens verwenden k\u00f6nnen. Wir haben den Wagen auch in einer 250kg-Version mit einer Doppelachse:&nbsp;<a href=\"https:\/\/gevelridder.nl\/product\/glaskar-250-platenwagen\/\">Gable Cart 250kg \u2013 Facade Knight (Gevelridder)<\/a>. Unser so genannter 4\u00d74 hat den Vorteil, dass die Ladefl\u00e4che immer waagerecht ist, so dass es einfacher ist, ein zweiachsiges Fahrzeug \u00fcber eine Schwelle zu schieben. Das einachsige Fahrzeug hingegen ist etwas wendiger.<\/p>\n\n\n\n<h3 class=\"wp-block-heading\">K\u00f6rperliche Belastung und Sicherheit<\/h3>\n\n\n\n<p>Mitarbeiter, die fast t\u00e4glich Gegenst\u00e4nde oder Personen heben oder tragen, sind einem hohen Risiko von (dauerhaften) R\u00fcckenverletzungen ausgesetzt. Es ist daher wichtig, diese Form der k\u00f6rperlichen Belastung zu minimieren oder verantwortungsvoll durchzuf\u00fchren. Arbeitgeber sind verpflichtet, Ma\u00dfnahmen zu ergreifen, die sicherstellen, dass das Heben oder Tragen keine Gesundheitsrisiken birgt. Wenn Sie mehr \u00fcber das Heben und Tragen von Lasten erfahren m\u00f6chten, besuchen Sie die Website zu den Arbeitsbedingungen.<\/p>\n","protected":false},"excerpt":{"rendered":"<p>Der Gevelkar mit einer Tragf\u00e4higkeit von 150 kg ist eine praktische und leichte L\u00f6sung f\u00fcr den Transport von Glas und Platten. In der Version 2.0 ist es jetzt einfacher, die Zugklammern an der R\u00fcckseite des Rahmens zu parken. Mit Luftreifen f\u00fcr bessere D\u00e4mpfung und Man\u00f6vrierf\u00e4higkeit ist dieser Plattenwagen ideal f\u00fcr den Einsatz in Situationen, in denen der Platz knapp ist. Zum Beispiel in Aufz\u00fcgen und auf Galerien von Wohnungen und zum Beispiel in Werkst\u00e4tten. Dank des verstellbaren Schiebeb\u00fcgels an beiden Seiten l\u00e4sst er sich leicht man\u00f6vrieren. Wir bieten auch eine\u00a0<a href=\"https:\/\/gevelridder.nl\/product\/glaskar-250-platenwagen\/\">250 kg schwere Version<\/a>\u00a0mit Doppelachsen f\u00fcr noch mehr Ladekapazit\u00e4t. Sicherheit steht an erster Stelle, und die Verwendung von Klammern verhindert, dass Glas herunterf\u00e4llt. Im Preis nicht enthalten sind die Spannklemmen, f\u00fcr die wir drei verschiedene Typen anbieten:<\/p>\n<ul>\n<li><a href=\"https:\/\/gevelridder.nl\/product\/spanklem-2-0-alu\/\">Alu-Spannvorrichtung<\/a>\u00a0(meist verkauft)<\/li>\n<li><a href=\"https:\/\/gevelridder.nl\/product\/spanklem\/\">Stahlklammer<\/a>\u00a0(teurer und schwerer)<\/li>\n<li><a href=\"https:\/\/gevelridder.nl\/product\/spanklem-lans\/\">Spannlanze<\/a>\u00a0(f\u00fcr kleineres Glas).<\/li>\n<\/ul>\n","protected":false},"featured_media":131516,"template":"","meta":{"_acf_changed":false,"_seopress_robots_primary_cat":"none","_seopress_titles_title":"","_seopress_titles_desc":"","_seopress_robots_index":""},"product_brand":[],"product_cat":[915,934],"product_tag":[1673,1714,1675,1748,1353,1213,1016,1316,1022,1346,1028,1359,1674,1564],"class_list":{"0":"post-133696","1":"product","2":"type-product","3":"status-publish","4":"has-post-thumbnail","6":"product_cat-fassade-transportwagen","7":"product_cat-glaskar","8":"product_tag-allterraindolly","9":"product_tag-aluminiumlift","10":"product_tag-fensterrahmentrager","11":"product_tag-gevelridderkar","12":"product_tag-glaser-de","13":"product_tag-glaser-de-2","14":"product_tag-glaskar-de","15":"product_tag-glaslift-de-2","16":"product_tag-glaslift-de","17":"product_tag-glaswagen-de-2","18":"product_tag-glaswagen-de","19":"product_tag-glazierslife-de","20":"product_tag-ladenbauer","21":"product_tag-miroiterie-de","22":"product_shipping_class-wagen-klein","24":"first","25":"instock","26":"taxable","27":"shipping-taxable","28":"purchasable","29":"product-type-simple"},"acf":[],"_links":{"self":[{"href":"https:\/\/gevelridder.nl\/de\/wp-json\/wp\/v2\/product\/133696","targetHints":{"allow":["GET"]}}],"collection":[{"href":"https:\/\/gevelridder.nl\/de\/wp-json\/wp\/v2\/product"}],"about":[{"href":"https:\/\/gevelridder.nl\/de\/wp-json\/wp\/v2\/types\/product"}],"wp:featuredmedia":[{"embeddable":true,"href":"https:\/\/gevelridder.nl\/de\/wp-json\/wp\/v2\/media\/131516"}],"wp:attachment":[{"href":"https:\/\/gevelridder.nl\/de\/wp-json\/wp\/v2\/media?parent=133696"}],"wp:term":[{"taxonomy":"product_brand","embeddable":true,"href":"https:\/\/gevelridder.nl\/de\/wp-json\/wp\/v2\/product_brand?post=133696"},{"taxonomy":"product_cat","embeddable":true,"href":"https:\/\/gevelridder.nl\/de\/wp-json\/wp\/v2\/product_cat?post=133696"},{"taxonomy":"product_tag","embeddable":true,"href":"https:\/\/gevelridder.nl\/de\/wp-json\/wp\/v2\/product_tag?post=133696"}],"curies":[{"name":"wp","href":"https:\/\/api.w.org\/{rel}","templated":true}]}}