
{"id":133683,"date":"2026-04-03T09:37:20","date_gmt":"2026-04-03T09:37:20","guid":{"rendered":"https:\/\/gevelridder.nl\/product\/glaswagen-bigurban-500-kg-15-x-15-m\/"},"modified":"2026-04-06T14:27:02","modified_gmt":"2026-04-06T14:27:02","slug":"glaskar-bigurban-tellerwagen-500kg-1-5x1-5-m1","status":"publish","type":"product","link":"https:\/\/gevelridder.nl\/de\/produkt\/glaskar-bigurban-tellerwagen-500kg-1-5x1-5-m1\/","title":{"rendered":"Glaswagen BigUrban 500 kg \u2013 1,5 \u00d7 1,5 m"},"content":{"rendered":"\n<p>Der Glaskar Big-Urban Slab Trolley 500 kg bietet mit seiner gro\u00dfen oberen Ablagefl\u00e4che die perfekte L\u00f6sung, ideal f\u00fcr breitere Fensterrahmen und andere Materialien. Mit einer maximalen Last von 500 kg (gleichm\u00e4\u00dfig verteilt) ist der Glaskkar die richtige Wahl f\u00fcr Ihren Transportbedarf.<\/p>\n\n\n\n<p><strong>Glaskar Big-Urban Plate Trolley 500kg: Effizienter Transport<\/strong><\/p>\n\n\n\n<p>Mit den Ma\u00dfen 150\u00d7150 cm und einer Ladefl\u00e4che von 18 cm ist der Giebelwagen genau auf Ihre Bed\u00fcrfnisse zugeschnitten. Dieser Aluminiumwagen mit einem Eigengewicht von 26 kg (unser Standard- und&nbsp;<a href=\"https:\/\/gevelridder.nl\/product\/glaskar-platenwagen-150kg-dubbel-verlengd\/\">meistverkaufter Wagen<\/a>&nbsp;wiegt 12 kg) bietet Haltbarkeit und Portabilit\u00e4t. An der Unterseite des Wagens sind 3 Rohre angebracht, die es Ihnen erm\u00f6glichen, Spannklammern f\u00fcr zus\u00e4tzliche Stabilit\u00e4t w\u00e4hrend des Transports zu verwenden (auch in der Mitte f\u00fcr kleineres Glas). Gro\u00dfe R\u00e4der mit einer zul\u00e4ssigen Belastung von 250 kg pro Rad (Durchmesser von ca. 400 mm) machen diesen Wagen f\u00fcr verschiedene Situationen geeignet, auch im Gel\u00e4nde.<\/p>\n\n\n\n<p><strong>Glaskar Big-Urban Plate Trolley 500kg : Mit Liebe entworfen, hergestellt in den Niederlanden<\/strong><\/p>\n\n\n\n<p>Unser Plattenwagen ist nicht einfach irgendein Wagen. Wir pr\u00e4sentieren Ihnen mit Stolz unseren von Hand entworfenen und handgefertigten Schallplattenwagen #MadeinHolland. Jedes Detail wurde liebevoll gepflegt, so dass dieser Wagen der \u201eMercedes\u201c unter den Wagen ist.<\/p>\n\n\n\n<p><strong>Klammern und Zubeh\u00f6r<\/strong><\/p>\n\n\n\n<p>Bitte beachten Sie, dass die Spannklemmen nicht im Preis enthalten sind. Sie k\u00f6nnen diese separat bestellen, um Ihren Transport noch sicherer zu machen.<\/p>\n\n\n\n<p><strong>Abmessungen und Optionen<\/strong><\/p>\n\n\n\n<p>Die Ladefl\u00e4che des Glaskar Tellerwagens ist 18 cm breit, w\u00e4hrend die Gesamtbreite einschlie\u00dflich der R\u00e4der nur 57 cm betr\u00e4gt. F\u00fcr mehr Handlichkeit ist auch eine Version mit kleineren R\u00e4dern (250 kg Last) erh\u00e4ltlich. Sind Sie auf der Suche nach einem einachsigen Wagen? Unser Einachser hat eine maximale WLL (Working Load Limit) von 150 kg. Verstellbare Griffe mit einem Schnellverschlussmechanismus und schwarzem\/anthrazitfarbenem Filz runden das Erlebnis ab.<\/p>\n\n\n\n<p><strong>Facade Knight (Gevelridder): Gesundheitsprobleme mit effizientem Transport verhindern<\/strong><\/p>\n\n\n\n<p>Wussten Sie, dass das Heben und Tragen bei der Arbeit die Hauptursache f\u00fcr k\u00f6rperliche Beschwerden ist? R\u00fcckenschmerzen, Schulter-, Nacken-, Knie- und H\u00fcftschmerzen k\u00f6nnen durch unsachgem\u00e4\u00dfes Heben entstehen, unser Plattenwagen beugt dem vor. Unser Fassadenwagen oder Plattenwagen wurde sowohl im Hinblick auf Effizienz als auch auf Gesundheit entwickelt. Mit den Hebehilfen von Gevelridder k\u00f6nnen Sie diesen Beschwerden vorbeugen und sicher und bequem arbeiten.<\/p>\n\n\n\n<p><strong>TNO \u2013 Fakten zur k\u00f6rperlichen Arbeitsbelastung 2018<\/strong><\/p>\n\n\n\n<p>K\u00f6rperliche Belastung ist nach wie vor eine der Hauptursachen f\u00fcr Berufskrankheiten und Fehlzeiten. Unsere Produkte sind so konzipiert, dass sie im Einklang mit den Erkenntnissen der TNO zu einem ges\u00fcnderen Arbeitsumfeld beitragen. Entdecken Sie die Leistungsf\u00e4higkeit des Gable Trolley und des Plate Trolley \u2013 Ihre Partner f\u00fcr effizienten Transport und gesunde Arbeitsbedingungen. Bestellen Sie jetzt und erleben Sie den Unterschied! \u00dcbrigens, haben Sie schon&nbsp;<a href=\"https:\/\/gevelridder.nl\/de\/product\/brammetje-kozijnwagen\/\">H\u00fcndchen Brammetje<\/a>&nbsp;gesehen?<\/p>\n","protected":false},"excerpt":{"rendered":"<p>Dieser gro\u00dfformatige Glaswagen ist ideal f\u00fcr den urbanen Einsatz. Mit seiner stabilen Konstruktion und gro\u00dfz\u00fcgigen Auflagefl\u00e4che transportieren Sie schwere Glaselemente bis 500 kg sicher und effizient.<\/p>\n<p><strong>\u2714<\/strong>\u00a0<strong>F\u00fcr den Transport von Glas, Rahmen, Stein usw.<\/strong><\/p>\n<p><strong>\u2714<\/strong><strong>\u00a0Leicht, einfach zu tragen.<\/strong><\/p>\n<p><strong>\u2714<\/strong><strong>\u00a0L= 150 cm, H=150 cm, B=58 cm.<\/strong><\/p>\n<p><strong>\u2714<\/strong><strong>\u00a0Ablagebreite 18 cm (Platz f\u00fcr das Rad 20 cm).<\/strong><\/p>\n<p><strong>\u2714<\/strong><strong>\u00a0Freier Raum unter dem Sto\u00dff\u00e4nger 13 cm.<\/strong><\/p>\n<p><strong>\u2714<\/strong><strong>\u00a0WLL500 kg.<\/strong><\/p>\n<p><strong>\u2714<\/strong>\u00a0<strong>Eigengewicht 26 kg.<\/strong><\/p>\n<p><strong>\u2714<\/strong><strong>\u00a0Luftreifen (gute D\u00e4mpfung).<\/strong><\/p>\n<p><strong>\u2714<\/strong><strong>\u00a0Bleibt nicht in Sand und Kies stecken.<\/strong><\/p>\n<p><strong>x<\/strong>\u00a0<strong>Exklusive Klammern<\/strong><\/p>\n<p>\u2660\u00a0<strong>Die Spannklemme muss separat bestellt werden:<\/strong><\/p>\n<ul>\n<li><a href=\"https:\/\/gevelridder.nl\/product\/spanklem-2-0-alu\/\">Alu-Spannvorrichtung( Spitze)<\/a><\/li>\n<li><a href=\"https:\/\/gevelridder.nl\/product\/spanklem\/\">Stahlklammer<\/a><\/li>\n<li><a href=\"https:\/\/gevelridder.nl\/product\/spanklem-lans\/\">Spannlanze<\/a><\/li>\n<\/ul>\n","protected":false},"featured_media":133008,"template":"","meta":{"_acf_changed":false,"_seopress_robots_primary_cat":"none","_seopress_titles_title":"","_seopress_titles_desc":"","_seopress_robots_index":""},"product_brand":[],"product_cat":[915,934],"product_tag":[1673,1156,1672,1675,1016,1019,1022,1328,1334,1343,1028,1031,1369,1674,1744,1475,1055,1745,1177,994],"class_list":{"0":"post-133683","1":"product","2":"type-product","3":"status-publish","4":"has-post-thumbnail","6":"product_cat-fassade-transportwagen","7":"product_cat-glaskar","8":"product_tag-allterraindolly","9":"product_tag-dornenstrauch","10":"product_tag-fensterrahmen-2","11":"product_tag-fensterrahmentrager","12":"product_tag-glaskar-de","13":"product_tag-glaskar-tellerwagen","14":"product_tag-glaslift-de","15":"product_tag-glastransport","16":"product_tag-glastransport-2","17":"product_tag-glastransport-von-hand","18":"product_tag-glaswagen-de","19":"product_tag-glaswagen-tellerwagen","20":"product_tag-grabsteinwagen","21":"product_tag-ladenbauer","22":"product_tag-platen-kar","23":"product_tag-rahmenwagen","24":"product_tag-tellerwagen","25":"product_tag-terrastegels-kar","26":"product_tag-turwagen-de-2","27":"product_tag-turwagen","28":"product_shipping_class-kar-groot","30":"first","31":"instock","32":"taxable","33":"shipping-taxable","34":"purchasable","35":"product-type-simple"},"acf":[],"_links":{"self":[{"href":"https:\/\/gevelridder.nl\/de\/wp-json\/wp\/v2\/product\/133683","targetHints":{"allow":["GET"]}}],"collection":[{"href":"https:\/\/gevelridder.nl\/de\/wp-json\/wp\/v2\/product"}],"about":[{"href":"https:\/\/gevelridder.nl\/de\/wp-json\/wp\/v2\/types\/product"}],"wp:featuredmedia":[{"embeddable":true,"href":"https:\/\/gevelridder.nl\/de\/wp-json\/wp\/v2\/media\/133008"}],"wp:attachment":[{"href":"https:\/\/gevelridder.nl\/de\/wp-json\/wp\/v2\/media?parent=133683"}],"wp:term":[{"taxonomy":"product_brand","embeddable":true,"href":"https:\/\/gevelridder.nl\/de\/wp-json\/wp\/v2\/product_brand?post=133683"},{"taxonomy":"product_cat","embeddable":true,"href":"https:\/\/gevelridder.nl\/de\/wp-json\/wp\/v2\/product_cat?post=133683"},{"taxonomy":"product_tag","embeddable":true,"href":"https:\/\/gevelridder.nl\/de\/wp-json\/wp\/v2\/product_tag?post=133683"}],"curies":[{"name":"wp","href":"https:\/\/api.w.org\/{rel}","templated":true}]}}