
{"id":133670,"date":"2026-03-24T11:34:39","date_gmt":"2026-03-24T11:34:39","guid":{"rendered":"https:\/\/gevelridder.nl\/product\/fassadenheber-fuss-gummi-set-2\/"},"modified":"2026-04-06T14:08:32","modified_gmt":"2026-04-06T14:08:32","slug":"giebel-ritter-fuss-gummi-set-2","status":"publish","type":"product","link":"https:\/\/gevelridder.nl\/de\/produkt\/giebel-ritter-fuss-gummi-set-2\/","title":{"rendered":"Fassadenheber Fu\u00df Gummi Set 2"},"content":{"rendered":"\n<h2 class=\"wp-block-heading\">Gableknight Fu\u00dfgummi Set 2<\/h2>\n\n\n\n<p>Tauschen Sie das Facade Knight (Gevelridder) Foot Rubber Set 2 regelm\u00e4\u00dfig aus. Ein Ritter wei\u00df besser als jeder andere, wie wichtig es ist, seine Waffen richtig zu warten, das gilt auch f\u00fcr das Facade Knight (Gevelridder) Foot Rubber Set 2. Es kommt oft auf die Details an. Dies sollte sowohl bei der j\u00e4hrlichen Inspektion als auch bei der Verwendung des Facade Knight (Gevelridder) geschehen. Sie sollten den Facade Knight (Gevelridder) j\u00e4hrlich inspizieren lassen. Bevor Sie den Gevelridder benutzen, sollten Sie auch die Fu\u00dfgummis einer Sichtpr\u00fcfung unterziehen. Wenn die Lauffl\u00e4che abgenutzt ist, sollten die Fu\u00dfgummis auf beiden Seiten ersetzt werden, damit der Gevelridder stabil bleibt und nicht verrutschen kann. Das Facade Knight (Gevelridder) Fu\u00dfgummi-Set 2 ist f\u00fcr Facade Knight (Gevelridder) geeignet, die ab 2022 gekauft wurden. Bitte beachten Sie: Set 1 = Gableknight gekauft vor 2021 Set 2= f\u00fcr Gableknight gekauft in oder nach 2022 Das Set ist f\u00fcr die folgenden Gableknights erh\u00e4ltlich,&nbsp;<a href=\"https:\/\/gevelridder.nl\/product-categorie\/gevelridders\/gevelridders-gevelridders\/\">klicken Sie hier<\/a>. F\u00fcr einen Gableknight brauchen Sie ein Set! Der Gevelridder ist CE-gekennzeichnet. Gevelridder ist selbst Hersteller des Gevelridder und daher Experte f\u00fcr die Erteilung eines CE-Zeichens. J\u00e4hrlich muss ein Sachverst\u00e4ndiger den Gevelridder \u00fcberpr\u00fcfen. CE steht f\u00fcr \u201eConformit\u00e9 Europ\u00e9enne\u201c (Europ\u00e4ische Konformit\u00e4t). Die CE-Kennzeichnung ist ein Label, das anzeigt, dass ein Produkt die Anforderungen der europ\u00e4ischen Richtlinien erf\u00fcllt. Die Richtlinien umfassen gesetzliche Anforderungen an Sicherheit, Gesundheit und Umwelt.<\/p>\n\n\n\n<h2 class=\"wp-block-heading\">Zweck CE-Kennzeichnung Giebel Ritter Fu\u00df Gummi Set 2<\/h2>\n\n\n\n<p>Der Zweck der CE-Kennzeichnung ist die F\u00f6rderung des freien Warenverkehrs zwischen den EU-Mitgliedstaaten und die Harmonisierung der Rechtsvorschriften der EU-L\u00e4nder zur Produktsicherheit und zum Gesundheitsschutz. Ein CE-gekennzeichnetes Produkt hat Zugang zum internationalen Markt innerhalb Europas. Die CE-Kennzeichnung \u2013 erkennbar an den Buchstaben C und E \u2013 muss sich auf dem Produkt oder auf einer darauf befindlichen Datenplakette befinden.<\/p>\n\n\n\n<h2 class=\"wp-block-heading\">CE-Kennzeichnung beantragen oder beantragen lassen<\/h2>\n\n\n\n<p>Die CE-Kennzeichnung kann nicht beantragt werden, sie muss von den Herstellern oder Importeuren selbst angebracht werden. Damit erkl\u00e4rt der Hersteller oder Importeur, dass das Produkt den Anforderungen entspricht. Produkte, f\u00fcr die es eine europ\u00e4ische Richtlinie gibt, m\u00fcssen immer der Richtlinie entsprechen und mit der CE-Kennzeichnung versehen sein. Das Inverkehrbringen des Produkts ist nur m\u00f6glich, wenn eine Konformit\u00e4tsbewertung ergeben hat, dass es der Richtlinie entspricht, also muss ein Gevelridder auch gute Gummis haben. Der Hersteller oder Importeur erkl\u00e4rt mit einer EG-Konformit\u00e4tserkl\u00e4rung, dass das Produkt die Anforderungen erf\u00fcllt und kann die CE-Kennzeichnung anbringen.<\/p>\n\n\n\n<p><a href=\"https:\/\/kader-advies.nl\/begrippen\/ce-markering\/\">siehe auch.<\/a><\/p>\n","protected":false},"excerpt":{"rendered":"<p>Liebe Handwerker der Ritterschaft, liebe Ritter, ein Ritter wei\u00df besser als jeder andere, wie wichtig es ist, seine R\u00fcstung richtig zu pflegen. Es kommt oft auf die Details an. So ist es zum Beispiel wichtig, dass die Fu\u00dfgummis bei der j\u00e4hrlichen Inspektion ordnungsgem\u00e4\u00df auf Verschlei\u00df gepr\u00fcft werden. Dies sollte auch vor dem Einsatz des Giebelritters \u00fcberpr\u00fcft werden. Wenn das Profil abgenutzt ist, sollten die Fu\u00dfgummis auf beiden Seiten ersetzt werden, damit der Facade Knight (Gevelridder) stabil bleibt und nicht verrutschen kann. Bitte beachten Sie: Set 1 = Gableknight gekauft vor 2021 Set 2= f\u00fcr Gableknight gekauft in oder nach 2022 F\u00fcr einen Gableknight ben\u00f6tigen Sie 1 Set!<\/p>\n","protected":false},"featured_media":131756,"template":"","meta":{"_acf_changed":false,"_seopress_robots_primary_cat":"none","_seopress_titles_title":"","_seopress_titles_desc":"","_seopress_robots_index":""},"product_brand":[],"product_cat":[921],"product_tag":[998,1732],"class_list":{"0":"post-133670","1":"product","2":"type-product","3":"status-publish","4":"has-post-thumbnail","6":"product_cat-teile","7":"product_tag-giebel-ritter","8":"product_tag-voetrubber","10":"first","11":"instock","12":"taxable","13":"shipping-taxable","14":"purchasable","15":"product-type-simple"},"acf":[],"_links":{"self":[{"href":"https:\/\/gevelridder.nl\/de\/wp-json\/wp\/v2\/product\/133670","targetHints":{"allow":["GET"]}}],"collection":[{"href":"https:\/\/gevelridder.nl\/de\/wp-json\/wp\/v2\/product"}],"about":[{"href":"https:\/\/gevelridder.nl\/de\/wp-json\/wp\/v2\/types\/product"}],"wp:featuredmedia":[{"embeddable":true,"href":"https:\/\/gevelridder.nl\/de\/wp-json\/wp\/v2\/media\/131756"}],"wp:attachment":[{"href":"https:\/\/gevelridder.nl\/de\/wp-json\/wp\/v2\/media?parent=133670"}],"wp:term":[{"taxonomy":"product_brand","embeddable":true,"href":"https:\/\/gevelridder.nl\/de\/wp-json\/wp\/v2\/product_brand?post=133670"},{"taxonomy":"product_cat","embeddable":true,"href":"https:\/\/gevelridder.nl\/de\/wp-json\/wp\/v2\/product_cat?post=133670"},{"taxonomy":"product_tag","embeddable":true,"href":"https:\/\/gevelridder.nl\/de\/wp-json\/wp\/v2\/product_tag?post=133670"}],"curies":[{"name":"wp","href":"https:\/\/api.w.org\/{rel}","templated":true}]}}