
{"id":133656,"date":"2026-03-24T11:35:38","date_gmt":"2026-03-24T11:35:38","guid":{"rendered":"https:\/\/gevelridder.nl\/product\/geverlridder-erweiterung\/"},"modified":"2026-04-06T14:17:50","modified_gmt":"2026-04-06T14:17:50","slug":"gable-ridder-erweiterung","status":"publish","type":"product","link":"https:\/\/gevelridder.nl\/de\/produkt\/gable-ridder-erweiterung\/","title":{"rendered":"GEVERLRIDDER Erweiterung"},"content":{"rendered":"\n<h2 class=\"wp-block-heading\">Giebel-Ritter Erweiterung<\/h2>\n\n\n\n<p>Die Gevelridder-Verl\u00e4ngerung kann f\u00fcr den Gevelridder M verwendet werden. Sie ist ein ideales Produkt zum Heben in den zweiten Stock. Dank seiner kompakten Gr\u00f6\u00dfe im eingefahrenen Zustand l\u00e4sst er sich leicht in einem Auto oder Kleintransporter transportieren. Der Gevelridder wird im Gesundheits- und Sicherheitskatalog f\u00fcr die Glasreparatur empfohlen. Mit diesem Produkt haben Sie bei der Montage die H\u00e4nde frei und sind auf Treppen und Leitern nicht mehr in Gefahr. Transportl\u00e4nge 2400 mm, Fu\u00dfbreite 850 mm. Ausziehbar bis zu 4 Meter in 2 Teilen (WLL 200 kg). Bei Verwendung des dritten Teils ausziehbar auf 5850 mm (WLL 200 kg).<\/p>\n\n\n\n<h2 class=\"wp-block-heading\">Arbeiten Sie ohne eine Giebel-Ritter-Erweiterung?<\/h2>\n\n\n\n<p>Heben ist f\u00fcr den K\u00f6rper sehr anstrengend, vor allem wenn es h\u00e4ufig geschieht. Beim Heben schwerer Gegenst\u00e4nde besteht die Gefahr, dass die R\u00fcckenmuskulatur, die Bindegewebsb\u00e4nder um die Wirbels\u00e4ule oder die Bandscheiben besch\u00e4digt werden. Je schwerer man hebt, desto gr\u00f6\u00dfer ist das Risiko einer Sch\u00e4digung. Aber auch das Heben von leichten Gegenst\u00e4nden kann zu Sch\u00e4den f\u00fchren, z.B. durch eine ung\u00fcnstige Haltung (gebeugt, verdreht oder mit erhobenen Armen) oder durch zu h\u00e4ufiges Heben hintereinander und zu wenig Erholungszeit. F\u00fcr&nbsp;<a href=\"https:\/\/www.arboportaal.nl\/onderwerpen\/tillen-en-dragen\/wat-zijn-de-risico%E2%80%99s-van-tillen-en-dragen\" target=\"_blank\" rel=\"noreferrer noopener\">mehr Informationen.&nbsp;<\/a>Der Geverridder sorgt daf\u00fcr, dass Sie Ihre Arbeit in der Vertikalen effizient und sicher erledigen k\u00f6nnen. F\u00fcr den horizontalen Transport empfehlen wir unseren&nbsp;<a href=\"https:\/\/gevelridder.nl\/product\/glaskar-250-platenwagen\/\" target=\"_blank\" rel=\"noreferrer noopener\">Glaswagen.<\/a>&nbsp;Als Kolben kaufen Sie am besten den&nbsp;<a href=\"https:\/\/gevelridder.nl\/product\/sirliftalot2-glaszuiger-glasdrager\/\">SirLiftAlot 2<\/a>&nbsp;oder&nbsp;<a href=\"https:\/\/gevelridder.nl\/product\/sir-liftalot4-vacuumzuiger-glass-vacuum-lifter-vantouse-vakuumheber\/\">den SirliftAlot 4<\/a>. &nbsp;<strong>DE:<\/strong>&nbsp;Fassade Ritter, versenkbare Hebevorrichtung alumium, bis 5,85 mtr 200 kg. Die Preise beinhalten keine Versandkosten f\u00fcr Kunden au\u00dferhalb der Niederlande und Belgien.&nbsp;<strong>FR:<\/strong>&nbsp;Fassade Chevalier L\u2019\u00e9l\u00e9vateur de aluminium, sur 5.85 mtr, 200 kg. Die Preise beinhalten nicht die Versandkosten f\u00fcr Kunden in den Niederlanden und in Belgien.&nbsp;<strong>UK:<\/strong>&nbsp;Sir LiftAlot, Facade Knight, Aluminium Heber bis 5,85 mtr, 200 kg. Die Preise enthalten keine Versandkosten f\u00fcr Kunden au\u00dferhalb der Niederlande und Belgiens.<\/p>\n","protected":false},"excerpt":{"rendered":"<div class=\"woocommerce-product-details__short-description\">\n<p>Erweiterung f\u00fcr den Giebel-Ritter M<\/p>\n<\/div>\n","protected":false},"featured_media":131885,"template":"","meta":{"_acf_changed":false,"_seopress_robots_primary_cat":"none","_seopress_titles_title":"","_seopress_titles_desc":"","_seopress_robots_index":""},"product_brand":[],"product_cat":[921],"product_tag":[1208,1034,1672,944,1025,1213,1353,1322,1316,1022,1276,1372,1483,1564,1052,1691,1692,1693,1088,1694,1695],"class_list":{"0":"post-133656","1":"product","2":"type-product","3":"status-publish","4":"has-post-thumbnail","6":"product_cat-teile","7":"product_tag-boom-de","8":"product_tag-elektrischer-hybrid-gable-knight","9":"product_tag-fensterrahmen-2","10":"product_tag-giebel-ritter-m","11":"product_tag-glas-einbauen","12":"product_tag-glaser-de-2","13":"product_tag-glaser-de","14":"product_tag-glasheben","15":"product_tag-glaslift-de-2","16":"product_tag-glaslift-de","17":"product_tag-glaslift-mieten","18":"product_tag-griplift-de","19":"product_tag-leiterlift","20":"product_tag-miroiterie-de","21":"product_tag-montage-glas","22":"product_tag-shopfitter","23":"product_tag-sirliftalot","24":"product_tag-suncreenlift","25":"product_tag-uplifter-de","26":"product_tag-ventouse","27":"product_tag-viavac","28":"product_shipping_class-75-euro-de","30":"first","31":"instock","32":"taxable","33":"shipping-taxable","34":"purchasable","35":"product-type-simple"},"acf":[],"_links":{"self":[{"href":"https:\/\/gevelridder.nl\/de\/wp-json\/wp\/v2\/product\/133656","targetHints":{"allow":["GET"]}}],"collection":[{"href":"https:\/\/gevelridder.nl\/de\/wp-json\/wp\/v2\/product"}],"about":[{"href":"https:\/\/gevelridder.nl\/de\/wp-json\/wp\/v2\/types\/product"}],"wp:featuredmedia":[{"embeddable":true,"href":"https:\/\/gevelridder.nl\/de\/wp-json\/wp\/v2\/media\/131885"}],"wp:attachment":[{"href":"https:\/\/gevelridder.nl\/de\/wp-json\/wp\/v2\/media?parent=133656"}],"wp:term":[{"taxonomy":"product_brand","embeddable":true,"href":"https:\/\/gevelridder.nl\/de\/wp-json\/wp\/v2\/product_brand?post=133656"},{"taxonomy":"product_cat","embeddable":true,"href":"https:\/\/gevelridder.nl\/de\/wp-json\/wp\/v2\/product_cat?post=133656"},{"taxonomy":"product_tag","embeddable":true,"href":"https:\/\/gevelridder.nl\/de\/wp-json\/wp\/v2\/product_tag?post=133656"}],"curies":[{"name":"wp","href":"https:\/\/api.w.org\/{rel}","templated":true}]}}