
{"id":133638,"date":"2026-03-24T11:44:24","date_gmt":"2026-03-24T11:44:24","guid":{"rendered":"https:\/\/gevelridder.nl\/product\/gevelridder-set-pro-250-kg\/"},"modified":"2026-04-06T14:17:13","modified_gmt":"2026-04-06T14:17:13","slug":"facade-knight-set-hybrid-m-pro","status":"publish","type":"product","link":"https:\/\/gevelridder.nl\/de\/produkt\/facade-knight-set-hybrid-m-pro\/","title":{"rendered":"Gevelridder Set PRO 250 kg"},"content":{"rendered":"\n<h2 class=\"wp-block-heading\">Giebel-Ritterset 250 kg<\/h2>\n\n\n\n<p>Beugen Sie R\u00fcckenschmerzen vor. Mit diesem Facade Rider Set haben Sie alles, was Sie zum Anbringen und Transportieren von Glas, Fensterrahmen, Markisen usw. bis zu einer H\u00f6he von 5,8 Metern und einem maximalen Gewicht von 200-250 kg ben\u00f6tigen. Dar\u00fcber hinaus ist dieses Set sehr gesundheits- und sicherheitsfreundlich, klein, leicht und daher einfach auf die Baustelle zu bringen.<\/p>\n\n\n\n<h2 class=\"wp-block-heading\">Facade Knight (Gevelridder) Set, das Mittel gegen R\u00fcckenschmerzen<\/h2>\n\n\n\n<p>Die\u00a0<a href=\"https:\/\/gevelridder.nl\/gevelridder-m-hybride-milieu\/\" target=\"_blank\" rel=\"noreferrer noopener\">Giebel-Ritter M Hybrid\u00a0<\/a>. Er ist leicht zu transportieren. Eingefahren 2,4 m, ausgefahren fast 4 m und mit dem zus\u00e4tzlichen Verl\u00e4ngerungsrohr kann er bis auf 5,8 m H\u00f6he ausgefahren werden. Mit dem zus\u00e4tzlichen Verl\u00e4ngerungsb\u00fcgel kann er auch verwendet werden, um Platten von Ger\u00fcsten oder aus dem Auto zu heben. Der leichtgewichtige\u00a0<a href=\"https:\/\/gevelridder.nl\/de\/product\/sirliftalot4-250kg\/\">SirLiftAlot 4\u00a0<\/a>kann in 3 Positionen angehoben werden, z.B. f\u00fcr Wintergartend\u00e4cher. Der Kolben arbeitet mit Lexan-Pumpenkolben. Sobald Sie h\u00f6her als 1,8 m (Bodenh\u00f6he) heben m\u00f6chten, m\u00fcssen Sie eine Absturzsicherung verwenden, aber auch daf\u00fcr gibt es die passenden Halterungen.\u00a0<a href=\"https:\/\/gevelridder.nl\/product\/glaskar-250-platenwagen\/\" target=\"_blank\" rel=\"noreferrer noopener\">Der\u00a0Aluminium-Glaskar 250 kg.<\/a>\u00a0Dieser hat ebenfalls ein Eigengewicht von 13 kg, der Rahmen ist 100\u00d7100 cm gro\u00df, der Aufsatz ist 200 mm, 250 kg maximal. Zwei\u00a0<a href=\"https:\/\/gevelridder.nl\/de\/product\/neu-spannklemme-fuer-glaskar-2-0-alu\/\">Spannklammern<\/a>\u00a0f\u00fcr den Gable Rider Wagen.<\/p>\n\n\n\n<h2 class=\"wp-block-heading\">Beugen Sie R\u00fcckenschmerzen vor mit dem Geveridder Set<\/h2>\n\n\n\n<p>Beugen Sie R\u00fcckenschmerzen vor. Mit Facade Knight (Gevelridder) k\u00f6nnen Sie Glas, Fenster und T\u00fcren effizient und mit geradem R\u00fccken montieren. Auch Markisen lassen sich leicht montieren. Gevelridder ist leicht zu tragen und hat ein geringes Gewicht. Fachleute, die die Produkte verwenden, sind zufrieden. \u201eAbends nicht mehr mit R\u00fcckenschmerzen flach auf dem Sofa liegen, sondern das Leben genie\u00dfen.\u201c<\/p>\n\n\n\n<h2 class=\"wp-block-heading\">Ung\u00fcnstige K\u00f6rperhaltung und R\u00fcckenschmerzen<\/h2>\n\n\n\n<h3 class=\"wp-block-heading\">Vorbeugung von R\u00fcckenschmerzen mit dem Facade Knight (Gevelridder) Set<\/h3>\n\n\n\n<p>Bei Gevelridder geht es uns nicht um den Verkauf unserer sch\u00f6nen, NEIN, es geht uns um die Gesundheit unserer Kunden, die wir scherzhaft Patienten nennen. Es sind oft die kleinen Dinge im Leben, die den Unterschied ausmachen. Die Einsparung einer kleinen Investition kann das Leben eines Mechanikers oft drastisch beeinflussen. Arbeitnehmer, die oft oder lange in ungesunder Arbeitshaltung arbeiten, haben ein h\u00f6heres Risiko, (dauerhafte) Beschwerden oder Berufskrankheiten an Muskeln, Sehnen, B\u00e4ndern oder Gelenken zu erleiden. Zu den ungesunden Arbeitshaltungen geh\u00f6ren das Arbeiten in geb\u00fcckter Haltung, mit erhobenen Armen oder kniend. Dabei werden Muskeln und Sehnen lang oder stark gedehnt. Haltungen, die eine extreme Gelenkstellung beinhalten, k\u00f6nnen ebenfalls zu Spannungen an Sehnen, B\u00e4ndern und Muskeln f\u00fchren.<\/p>\n\n\n\n<h3 class=\"wp-block-heading\">Portal f\u00fcr Gesundheit und Sicherheit und Fa\u00e7ade Knight<\/h3>\n\n\n\n<p>So kann beispielsweise das Arbeiten in ungesunden Arbeitspositionen zu Erm\u00fcdung oder sogar zu Sch\u00e4den f\u00fchren. Es ist daher wichtig, diese Form der k\u00f6rperlichen Belastung so weit wie m\u00f6glich zu begrenzen. Die Arbeitgeber sind verpflichtet, Ma\u00dfnahmen zu ergreifen, damit die Arbeitnehmer so weit wie m\u00f6glich in guter Haltung arbeiten k\u00f6nnen. siehe auch:&nbsp;<a href=\"https:\/\/www.arboportaal.nl\/onderwerpen\/werkhoudingen\" target=\"_blank\" rel=\"noreferrer noopener\">Arbeitshaltung.&nbsp;<\/a>Mit den Werkzeugen von Gevelridder wird auch das Bewusstsein f\u00fcr die Arbeit, die sie verrichten, gesch\u00e4rft. Werde ich in 10 Jahren noch in der Lage sein, diese Arbeit zu verrichten, wenn ich st\u00e4ndig R\u00fcckenschmerzen habe? Deshalb Gevelridder! Gehen Sie mit Freude zur Arbeit.<\/p>\n\n\n\n<h2 class=\"wp-block-heading\">Personalmangel aufgrund von R\u00fcckenschmerzen<\/h2>\n\n\n\n<p>Die Arbeitgeber schlagen seit Jahren Alarm wegen des Personalmangels. Eine der L\u00f6sungen besteht darin, sich als Unternehmer nicht auf die Quantit\u00e4t, sondern auf die Qualit\u00e4t der Arbeit der Mitarbeiter zu konzentrieren. Hier spielt Gevelridder eine wichtige Rolle. Durch sicheres, effizientes, aber auch ergonomisches Arbeiten in der Werkstatt wird der Handwerker nicht nur mehr Freude an seiner Arbeit haben, sondern auch die Zahl der R\u00fcckenverletzungen und damit der Krankheitsausf\u00e4lle wird zur\u00fcckgehen.<\/p>\n","protected":false},"excerpt":{"rendered":"<p><b>\u2714<\/b>\u00a0<strong>Sch\u00f6nes komplettes Set:<\/strong><\/p>\n<ol>\n<li>\n<ol>\n<li>Gevelridder Hybrid M<\/li>\n<li>Abstandshalter<\/li>\n<li>Verl\u00e4ngerungsrohr<\/li>\n<li>Glaswagen 250 kg<\/li>\n<li>Zwei Aluminium-Spannklemmen<\/li>\n<li>Vakuum hebe gerat: Kim250 WLL 250 kg<\/li>\n<\/ol>\n<\/li>\n<\/ol>\n<p><strong>\u2714\u00a0Geringes Gewicht, im Transporter mitzunehmen.<\/strong><\/p>\n<p><strong>\u2714\u00a0<\/strong><strong>Transportl\u00e4nge 2400 mm.<\/strong><\/p>\n<p><strong>\u2714\u00a0<\/strong><strong>Maximal ausziehbar bis 5850 mm.<\/strong><\/p>\n","protected":false},"featured_media":132496,"template":"","meta":{"_acf_changed":false,"_seopress_robots_primary_cat":"none","_seopress_titles_title":"","_seopress_titles_desc":"","_seopress_robots_index":""},"product_brand":[],"product_cat":[916,922],"product_tag":[998,1010,1259,1266,1022,1418,1400,1492,1483,1555,1561,1572,1630,1040,1647],"class_list":{"0":"post-133638","1":"product","2":"type-product","3":"status-publish","4":"has-post-thumbnail","6":"product_cat-fassadenritter","7":"product_cat-vorteils-sets","8":"product_tag-giebel-ritter","9":"product_tag-giebel-ritter-set","10":"product_tag-glaskran-mieten","11":"product_tag-glaslift-de-3","12":"product_tag-glaslift-de","13":"product_tag-hebeleiter","14":"product_tag-hebezeug","15":"product_tag-leiteraufzug","16":"product_tag-leiterlift","17":"product_tag-minikran","18":"product_tag-minilift-de","19":"product_tag-montieren","20":"product_tag-platzierung-von-glas","21":"product_tag-rahmen-heben","22":"product_tag-ruckenschmerzen","23":"product_shipping_class-giebel-ritter-m","25":"first","26":"instock","27":"sale","28":"taxable","29":"shipping-taxable","30":"purchasable","31":"product-type-simple"},"acf":[],"_links":{"self":[{"href":"https:\/\/gevelridder.nl\/de\/wp-json\/wp\/v2\/product\/133638","targetHints":{"allow":["GET"]}}],"collection":[{"href":"https:\/\/gevelridder.nl\/de\/wp-json\/wp\/v2\/product"}],"about":[{"href":"https:\/\/gevelridder.nl\/de\/wp-json\/wp\/v2\/types\/product"}],"wp:featuredmedia":[{"embeddable":true,"href":"https:\/\/gevelridder.nl\/de\/wp-json\/wp\/v2\/media\/132496"}],"wp:attachment":[{"href":"https:\/\/gevelridder.nl\/de\/wp-json\/wp\/v2\/media?parent=133638"}],"wp:term":[{"taxonomy":"product_brand","embeddable":true,"href":"https:\/\/gevelridder.nl\/de\/wp-json\/wp\/v2\/product_brand?post=133638"},{"taxonomy":"product_cat","embeddable":true,"href":"https:\/\/gevelridder.nl\/de\/wp-json\/wp\/v2\/product_cat?post=133638"},{"taxonomy":"product_tag","embeddable":true,"href":"https:\/\/gevelridder.nl\/de\/wp-json\/wp\/v2\/product_tag?post=133638"}],"curies":[{"name":"wp","href":"https:\/\/api.w.org\/{rel}","templated":true}]}}