
{"id":133628,"date":"2026-03-24T11:44:24","date_gmt":"2026-03-24T11:44:24","guid":{"rendered":"https:\/\/gevelridder.nl\/product\/gevelridder-set-pro-150kg\/"},"modified":"2026-04-06T14:16:31","modified_gmt":"2026-04-06T14:16:31","slug":"fassaden-ritter-set-150-pro","status":"publish","type":"product","link":"https:\/\/gevelridder.nl\/de\/produkt\/fassaden-ritter-set-150-pro\/","title":{"rendered":"Gevelridder Set PRO 150kg"},"content":{"rendered":"\n<h2 class=\"wp-block-heading\">Gevelridder-Set 150kg<\/h2>\n\n\n\n<p>Mit diesem Facade Rider Set 150kg haben Sie alles, was Sie zum Anbringen und Transportieren von Glas, Fensterrahmen, Markisen usw. bis zu einer H\u00f6he von 5,8 Metern und einem Maximalgewicht von 150 kg ben\u00f6tigen. Dar\u00fcber hinaus ist dieses Set sehr gesundheits- und sicherheitsfreundlich, klein, leicht und daher einfach auf die Baustelle zu transportieren. Dieses Set besteht aus: Der\u00a0<a href=\"https:\/\/gevelridder.nl\/gevelridder-m-hybride-milieu\/\">Fassaden-Ritter M Hybrid:<\/a>\u00a0Dieser ist leicht zu transportieren. Eingefahren 2,4 mtr, ausgefahren fast 4 mtr und mit dem zus\u00e4tzlichen Verl\u00e4ngerungsrohr kann er bis zu 5,8 mtr ausfahren. Mit dem zus\u00e4tzlichen\u00a0<strong>Verl\u00e4ngerungsb\u00fcgel<\/strong>\u00a0kann er auch zum Heben von Platten von Ger\u00fcsten oder aus dem Auto verwendet werden. Der\u00a0<a href=\"https:\/\/gevelridder.nl\/de\/product\/sirliftalot2-150kg-pumpenkolben-3-0\/\">SirLiftAlot 2<\/a>: ein leichter Saug- und Heberahmen aus Aluminium, den Sie in 3 Positionen anheben k\u00f6nnen, z.B. f\u00fcr Wintergartend\u00e4cher. Er arbeitet mit zwei Lenzkolben. Sobald Sie also h\u00f6her als 1,8 m (Bodenh\u00f6he) heben m\u00f6chten, m\u00fcssen Sie eine Absturzsicherung verwenden, aber auch daf\u00fcr gibt es Halterungen. Der\u00a0<a href=\"https:\/\/gevelridder.nl\/de\/product\/glas-und-plattenwagen-150kg-2-0\/\">Aluminium Gable Trolley einachsig 150 kg<\/a>. Dieser hat ebenfalls ein Eigengewicht von 10 kg, der Rahmen ist 1000\u00d71000 mm gro\u00df, der Aufsatz ist 200 mm gro\u00df, 150 kg maximal.<\/p>\n\n\n\n<p><strong>Und ein\u00a0<\/strong><a href=\"https:\/\/gevelridder.nl\/de\/product\/neu-spannklemme-fuer-glaskar-2-0-alu\/\">SPANKLEM<\/a><strong>!<\/strong><\/p>\n\n\n\n<h2 class=\"wp-block-heading\">Beugen Sie R\u00fcckenschmerzen vor mit dem Gevelridder Set 150 kg<\/h2>\n\n\n\n<p>Beugen Sie R\u00fcckenschmerzen vor. Mit Facade Knight (Gevelridder) k\u00f6nnen Sie Glas, Fenster und T\u00fcren effizient und mit geradem R\u00fccken montieren. Auch Markisen lassen sich leicht montieren. Gevelridder ist leicht zu tragen und hat ein geringes Gewicht. Fachleute, die die Produkte verwenden, sind zufrieden. \u201eAbends nicht mehr mit R\u00fcckenschmerzen flach auf dem Sofa liegen, sondern das Leben genie\u00dfen.\u201c<\/p>\n\n\n\n<h2 class=\"wp-block-heading\">Ung\u00fcnstige K\u00f6rperhaltung und R\u00fcckenschmerzen<\/h2>\n\n\n\n<h3 class=\"wp-block-heading\">Vorbeugung von R\u00fcckenschmerzen mit dem Gevelridder Set 150kg<\/h3>\n\n\n\n<p>Bei Gevelridder geht es nicht darum, unsere Sch\u00f6nheit zu verkaufen, NEIN, es geht uns um die Gesundheit unserer Kunden, Patienten nennen wir sie scherzhaft. Es sind oft die kleinen Dinge im Leben, die den Unterschied ausmachen. Die Einsparung einer kleinen Investition kann das Leben eines Mechanikers oft drastisch beeinflussen. Arbeitnehmer, die oft oder lange in ungesunder Arbeitshaltung arbeiten, haben ein h\u00f6heres Risiko, (dauerhafte) Beschwerden oder Berufskrankheiten an Muskeln, Sehnen, B\u00e4ndern oder Gelenken zu erleiden. Zu den ungesunden Arbeitshaltungen geh\u00f6ren das Arbeiten in geb\u00fcckter Haltung, mit erhobenen Armen oder kniend. Dabei werden Muskeln und Sehnen lang oder stark gedehnt. Haltungen, die eine extreme Gelenkstellung beinhalten, k\u00f6nnen ebenfalls zu Spannungen an Sehnen, B\u00e4ndern und Muskeln f\u00fchren.<\/p>\n\n\n\n<h3 class=\"wp-block-heading\">Portal f\u00fcr Gesundheit und Sicherheit und Gevelridder<\/h3>\n\n\n\n<p>So kann beispielsweise das Arbeiten in ungesunden Arbeitspositionen zu Erm\u00fcdung oder sogar zu Sch\u00e4den f\u00fchren. Es ist daher wichtig, diese Form der k\u00f6rperlichen Belastung so weit wie m\u00f6glich zu begrenzen. Die Arbeitgeber sind verpflichtet, Ma\u00dfnahmen zu ergreifen, damit die Arbeitnehmer so weit wie m\u00f6glich in einer guten K\u00f6rperhaltung arbeiten k\u00f6nnen. Siehe auch:&nbsp;<a href=\"https:\/\/www.arboportaal.nl\/onderwerpen\/werkhoudingen\">https:\/\/www.arboportaal.nl\/onderwerpen\/werkhoudingen<\/a>&nbsp;Mit den Werkzeugen von Gevelridder werden auch die Kunden bewusster mit der Arbeit umgehen, die sie verrichten. Werde ich in 10 Jahren noch in der Lage sein, diese Arbeit zu verrichten, wenn mein R\u00fccken st\u00e4ndig schmerzt? Deshalb Gevelridder! Damit die Arbeit Spa\u00df macht.<\/p>\n\n\n\n<h2 class=\"wp-block-heading\">Personalmangel aufgrund von R\u00fcckenschmerzen, verwenden Sie das Gevelridder Set 150kg<\/h2>\n\n\n\n<p>Die Arbeitgeber schlagen seit Jahren Alarm wegen des Personalmangels. Eine der L\u00f6sungen besteht darin, sich als Unternehmer nicht auf die Quantit\u00e4t, sondern auf die Qualit\u00e4t der Arbeit der Mitarbeiter zu konzentrieren. Hier spielt Gevelridder eine wichtige Rolle. Durch sicheres, effizientes, aber auch ergonomisches Arbeiten in der Werkstatt wird der Handwerker nicht nur mehr Freude an seiner Arbeit haben, sondern auch die Zahl der R\u00fcckenverletzungen und damit der Krankheitsausf\u00e4lle wird zur\u00fcckgehen.<\/p>\n","protected":false},"excerpt":{"rendered":"<p><b>\u2714<\/b>\u00a0<strong>Sch\u00f6nes komplettes Set:<\/strong><\/p>\n<ol>\n<li>\n<ol>\n<li>Gevelridder Hybrid M<\/li>\n<li>Verl\u00e4ngerung<\/li>\n<li>Abstandhalter<\/li>\n<li>Glaswagen 150 kg (Einachser)<\/li>\n<li>Zwei Aluminium-Spannklemmen<\/li>\n<li>Kim150 Vakuumheber elektrisch<\/li>\n<\/ol>\n<\/li>\n<\/ol>\n<p><strong>\u2714\u00a0<\/strong><strong>Transportl\u00e4nge 2400 mm.<\/strong><\/p>\n<p><strong>\u2714\u00a0Leichtgewicht, im Transporter mitnehmbar.<\/strong><\/p>\n<p><strong>\u2714\u00a0<\/strong><strong>Maximal ausziehbar bis 5850 mm.<\/strong><\/p>\n","protected":false},"featured_media":132499,"template":"","meta":{"_acf_changed":false,"_seopress_robots_primary_cat":"none","_seopress_titles_title":"","_seopress_titles_desc":"","_seopress_robots_index":""},"product_brand":[],"product_cat":[922],"product_tag":[1391,1472,998,1400,1052,1729],"class_list":{"0":"post-133628","1":"product","2":"type-product","3":"status-publish","4":"has-post-thumbnail","6":"product_cat-vorteils-sets","7":"product_tag-aufzug","8":"product_tag-fensterrahmen","9":"product_tag-giebel-ritter","10":"product_tag-hebezeug","11":"product_tag-montage-glas","12":"product_tag-set","13":"product_shipping_class-giebel-ritter-m","15":"first","16":"instock","17":"sale","18":"taxable","19":"shipping-taxable","20":"purchasable","21":"product-type-simple"},"acf":[],"_links":{"self":[{"href":"https:\/\/gevelridder.nl\/de\/wp-json\/wp\/v2\/product\/133628","targetHints":{"allow":["GET"]}}],"collection":[{"href":"https:\/\/gevelridder.nl\/de\/wp-json\/wp\/v2\/product"}],"about":[{"href":"https:\/\/gevelridder.nl\/de\/wp-json\/wp\/v2\/types\/product"}],"wp:featuredmedia":[{"embeddable":true,"href":"https:\/\/gevelridder.nl\/de\/wp-json\/wp\/v2\/media\/132499"}],"wp:attachment":[{"href":"https:\/\/gevelridder.nl\/de\/wp-json\/wp\/v2\/media?parent=133628"}],"wp:term":[{"taxonomy":"product_brand","embeddable":true,"href":"https:\/\/gevelridder.nl\/de\/wp-json\/wp\/v2\/product_brand?post=133628"},{"taxonomy":"product_cat","embeddable":true,"href":"https:\/\/gevelridder.nl\/de\/wp-json\/wp\/v2\/product_cat?post=133628"},{"taxonomy":"product_tag","embeddable":true,"href":"https:\/\/gevelridder.nl\/de\/wp-json\/wp\/v2\/product_tag?post=133628"}],"curies":[{"name":"wp","href":"https:\/\/api.w.org\/{rel}","templated":true}]}}