
{"id":133554,"date":"2026-03-24T08:17:09","date_gmt":"2026-03-24T08:17:09","guid":{"rendered":"https:\/\/gevelridder.nl\/product\/gevelridder-set-basic-250-kg\/"},"modified":"2026-04-06T14:15:48","modified_gmt":"2026-04-06T14:15:48","slug":"giebel-ritter-set-250kg","status":"publish","type":"product","link":"https:\/\/gevelridder.nl\/de\/produkt\/giebel-ritter-set-250kg\/","title":{"rendered":"Gevelridder Set BASIC 250 kg"},"content":{"rendered":"\n<h2 class=\"wp-block-heading\">Giebel-Ritterset 250 kg<\/h2>\n\n\n\n<p>Beugen Sie R\u00fcckenschmerzen vor. Mit diesem Facade Rider Set haben Sie alles, was Sie zum Anbringen und Transportieren von Glas, Fensterrahmen, Markisen usw. bis zu einer H\u00f6he von 5,8 Metern und einem maximalen Gewicht von 200-250 kg ben\u00f6tigen. Dar\u00fcber hinaus ist dieses Set sehr gesundheits- und sicherheitsfreundlich, klein, leicht und daher einfach auf die Baustelle zu bringen.<\/p>\n\n\n\n<h2 class=\"wp-block-heading\">Gable Knight Set, das Mittel gegen R\u00fcckenschmerzen<\/h2>\n\n\n\n<p>Der&nbsp;<a href=\"https:\/\/gevelridder.nl\/gevelridder-m-hybride-milieu\/\" target=\"_blank\" rel=\"noreferrer noopener\"><strong>Gevelridder M Hybrid&nbsp;<\/strong><\/a>. Dieser ist einfach zu transportieren. Eingeschoben 2,4 m, ausgeschoben fast 4 m und mit dem zus\u00e4tzlichen Verl\u00e4ngerungsrohr kann er maximal bis zu einer H\u00f6he von 5,8 m ausfahren. Mit dem zus\u00e4tzlichen Ausleger auch verwendbar, um Paneele von Ger\u00fcsten oder vom Auto zu heben.<\/p>\n\n\n\n<p>Der leichte&nbsp;<a href=\"https:\/\/gevelridder.nl\/de\/product\/sirliftalot4-250kg\/\">SirLiftAlot 4&nbsp;<\/a>, den du in 3 Positionen heben kannst, denk zum Beispiel auch an Wintergartend\u00e4cher. Der Sauger arbeitet mit Lexan-Pumpensaugern. Sobald du h\u00f6her als 1,8 m (Erdgeschoss) heben m\u00f6chtest, musst du eine Absturzsicherung verwenden, aber auch daf\u00fcr sind die Befestigungsb\u00fcgel vorhanden.<\/p>\n\n\n\n<p><a href=\"https:\/\/gevelridder.nl\/product\/glaskar-250-platenwagen\/\" target=\"_blank\" rel=\"noreferrer noopener\">Der&nbsp;<strong>Aluminium Glaswagen 250 kg<\/strong>.<\/a>&nbsp;Dieser hat auch ein Eigengewicht von 13 kg, der Rahmen ist 100\u00d7100 cm, der Aufbau ist 200 mm, maximal 250 kg.<\/p>\n\n\n\n<p>Zwei&nbsp;<a href=\"https:\/\/gevelridder.nl\/de\/product\/neu-spannklemme-fuer-glaskar-2-0-alu\/\">Spannklemmen<\/a>&nbsp;f\u00fcr den Gevelridder Wagen.<\/p>\n\n\n\n<h2 class=\"wp-block-heading\">Beugen Sie R\u00fcckenschmerzen vor mit dem Geveridder Set<\/h2>\n\n\n\n<p>Beugen Sie R\u00fcckenschmerzen vor. Mit Gable Knight k\u00f6nnen Sie Glas, Fenster und T\u00fcren effizient und mit geradem R\u00fccken montieren. Auch Markisen lassen sich leicht montieren. Gevelridder ist leicht zu tragen und hat ein geringes Gewicht. Fachleute, die die Produkte verwenden, sind zufrieden. \u201eAbends nicht mehr mit R\u00fcckenschmerzen flach auf dem Sofa liegen, sondern das Leben genie\u00dfen.\u201c<\/p>\n\n\n\n<h2 class=\"wp-block-heading\">Ung\u00fcnstige K\u00f6rperhaltung und R\u00fcckenschmerzen<\/h2>\n\n\n\n<h3 class=\"wp-block-heading\">Vorbeugung von R\u00fcckenschmerzen mit dem Gable Knight Set<\/h3>\n\n\n\n<p>Bei Gevelridder geht es uns nicht um den Verkauf unserer sch\u00f6nen, NEIN, es geht uns um die Gesundheit unserer Kunden, die wir scherzhaft Patienten nennen. Es sind oft die kleinen Dinge im Leben, die den Unterschied ausmachen. Die Einsparung einer kleinen Investition kann das Leben eines Mechanikers oft drastisch beeinflussen. Arbeitnehmer, die oft oder lange in ungesunder Arbeitshaltung arbeiten, haben ein h\u00f6heres Risiko, (dauerhafte) Beschwerden oder Berufskrankheiten an Muskeln, Sehnen, B\u00e4ndern oder Gelenken zu erleiden. Zu den ungesunden Arbeitshaltungen geh\u00f6ren das Arbeiten in geb\u00fcckter Haltung, mit erhobenen Armen oder kniend. Dabei werden Muskeln und Sehnen lang oder stark gedehnt. Haltungen, die eine extreme Gelenkstellung beinhalten, k\u00f6nnen ebenfalls zu Spannungen an Sehnen, B\u00e4ndern und Muskeln f\u00fchren.<\/p>\n\n\n\n<h3 class=\"wp-block-heading\">Portal f\u00fcr Gesundheit und Sicherheit und Fa\u00e7ade Knight<\/h3>\n\n\n\n<p>So kann das Arbeiten in ungesunden Arbeitshaltungen zu Erm\u00fcdung oder sogar zu Sch\u00e4den f\u00fchren. Deshalb ist es wichtig, diese Form der k\u00f6rperlichen Belastung so weit wie m\u00f6glich zu reduzieren. Arbeitgeber sind verpflichtet, Ma\u00dfnahmen zu ergreifen, damit Mitarbeiter so weit wie m\u00f6glich in guten Haltungen arbeiten k\u00f6nnen. siehe auch:&nbsp;<a href=\"https:\/\/www.arboportaal.nl\/onderwerpen\/werkhoudingen\" target=\"_blank\" rel=\"noreferrer noopener\">Arbeitshaltung.<\/a><\/p>\n\n\n\n<p>Die Kunden werden mit den Hilfsmitteln von Gevelridder auch bewusster f\u00fcr die Arbeit, die sie leisten. Kann ich diese Arbeit in 10 Jahren noch machen, wenn ich st\u00e4ndig R\u00fcckenschmerzen habe? Deshalb Gevelridder! Mit Freude zur Arbeit.<\/p>\n\n\n\n<h2 class=\"wp-block-heading\">Personalmangel aufgrund von R\u00fcckenschmerzen<\/h2>\n\n\n\n<p>Die Arbeitgeber schlagen seit Jahren Alarm wegen des Personalmangels. Eine der L\u00f6sungen besteht darin, sich als Unternehmer nicht auf die Quantit\u00e4t, sondern auf die Qualit\u00e4t der Arbeit der Mitarbeiter zu konzentrieren. Hier spielt Gevelridder eine wichtige Rolle. Durch sicheres, effizientes, aber auch ergonomisches Arbeiten in der Werkstatt wird der Handwerker nicht nur mehr Freude an seiner Arbeit haben, sondern auch die Zahl der R\u00fcckenverletzungen und damit der Krankheitsausf\u00e4lle wird zur\u00fcckgehen.<\/p>\n","protected":false},"excerpt":{"rendered":"<p><b>\u2714<\/b>\u00a0<strong>Sch\u00f6nes Komplettset:<\/strong><\/p>\n<ol>\n<li>\n<ol>\n<li>Gable Knight Hybrid M<\/li>\n<li>Verl\u00e4ngerungsrohr<\/li>\n<li>Abstandhalter<\/li>\n<li>Glaswagen 250 kg<\/li>\n<li>Zwei Aluminium-Spannklemmen<\/li>\n<li>Vakuum hebe gerat: SirLiftAlot 4 WLL 250 kg<\/li>\n<\/ol>\n<\/li>\n<\/ol>\n<p><strong>\u2714\u00a0Leichtes Gewicht, kann im Bus mitgenommen werden.<\/strong><\/p>\n<p><strong>\u2714\u00a0<\/strong><strong>Transportl\u00e4nge 2400 mm.<\/strong><\/p>\n<p><strong>\u2714\u00a0<\/strong><strong>Maximal ausfahrbar bis zu 5850 mm.<\/strong><\/p>\n","protected":false},"featured_media":131397,"template":"","meta":{"_acf_changed":false,"_seopress_robots_primary_cat":"none","_seopress_titles_title":"","_seopress_titles_desc":"","_seopress_robots_index":""},"product_brand":[],"product_cat":[916,922],"product_tag":[998,1010,1259,1266,1022,1418,1400,1492,1483,1561,1572,1630,1040,1647],"class_list":{"0":"post-133554","1":"product","2":"type-product","3":"status-publish","4":"has-post-thumbnail","6":"product_cat-fassadenritter","7":"product_cat-vorteils-sets","8":"product_tag-giebel-ritter","9":"product_tag-giebel-ritter-set","10":"product_tag-glaskran-mieten","11":"product_tag-glaslift-de-3","12":"product_tag-glaslift-de","13":"product_tag-hebeleiter","14":"product_tag-hebezeug","15":"product_tag-leiteraufzug","16":"product_tag-leiterlift","17":"product_tag-minilift-de","18":"product_tag-montieren","19":"product_tag-platzierung-von-glas","20":"product_tag-rahmen-heben","21":"product_tag-ruckenschmerzen","22":"product_shipping_class-giebel-ritter-m","24":"first","25":"instock","26":"sale","27":"taxable","28":"shipping-taxable","29":"purchasable","30":"product-type-simple"},"acf":[],"_links":{"self":[{"href":"https:\/\/gevelridder.nl\/de\/wp-json\/wp\/v2\/product\/133554","targetHints":{"allow":["GET"]}}],"collection":[{"href":"https:\/\/gevelridder.nl\/de\/wp-json\/wp\/v2\/product"}],"about":[{"href":"https:\/\/gevelridder.nl\/de\/wp-json\/wp\/v2\/types\/product"}],"wp:featuredmedia":[{"embeddable":true,"href":"https:\/\/gevelridder.nl\/de\/wp-json\/wp\/v2\/media\/131397"}],"wp:attachment":[{"href":"https:\/\/gevelridder.nl\/de\/wp-json\/wp\/v2\/media?parent=133554"}],"wp:term":[{"taxonomy":"product_brand","embeddable":true,"href":"https:\/\/gevelridder.nl\/de\/wp-json\/wp\/v2\/product_brand?post=133554"},{"taxonomy":"product_cat","embeddable":true,"href":"https:\/\/gevelridder.nl\/de\/wp-json\/wp\/v2\/product_cat?post=133554"},{"taxonomy":"product_tag","embeddable":true,"href":"https:\/\/gevelridder.nl\/de\/wp-json\/wp\/v2\/product_tag?post=133554"}],"curies":[{"name":"wp","href":"https:\/\/api.w.org\/{rel}","templated":true}]}}