
{"id":133541,"date":"2026-03-24T11:33:32","date_gmt":"2026-03-24T11:33:32","guid":{"rendered":"https:\/\/gevelridder.nl\/product\/gevelridder-glaslift-nautica-small\/"},"modified":"2026-04-06T14:13:16","modified_gmt":"2026-04-06T14:13:16","slug":"gevelridder-glaslift-nautica-small","status":"publish","type":"product","link":"https:\/\/gevelridder.nl\/de\/produkt\/gevelridder-glaslift-nautica-small\/","title":{"rendered":"Gevelridder Glaslift Nautica Small"},"content":{"rendered":"\n<p><strong>Gevelridder S Nautic \u2013 Beschreibung<\/strong><\/p>\n\n\n\n<p>Der Gevelridder S Nautic ist ein kompaktes, leicht zu bedienendes Ger\u00e4t mit Hubmechanismus, speziell entwickelt zum Austausch von Scheiben und schweren Bullaugen auf See.<\/p>\n\n\n\n<p>Sowohl auf dem Gangbord als auch im Innenraum haben wir es oft mit sehr begrenztem Platz zu tun. Mit dem SirLiftAlot Nautic bleibt mehr Raum, um beispielsweise unseren Glaskar einzusetzen. Die Verbindung und das Gegengewicht des Gevelridder Nautic sind mit Gummi gesch\u00fctzt und dadurch besser gegen Salzwasser best\u00e4ndig.<\/p>\n\n\n\n<hr class=\"wp-block-separator has-alpha-channel-opacity\"\/>\n\n\n\n<p><strong>Welcher Gevelridder f\u00fcr welche Situation?<\/strong><\/p>\n\n\n\n<ul class=\"wp-block-list\">\n<li><strong>Gevelridder M Hybrid:<\/strong>\u00a0Das meistverkaufte Modell. Transportl\u00e4nge: 2,4\u202fm. Innen &amp; au\u00dfen einsetzbar. Mit Verl\u00e4ngerung kann eine Scheibe im 1. OG montiert werden. Max. L\u00e4nge: 5,9\u202fm.<\/li>\n\n\n\n<li><strong>Gevelridder L:<\/strong>\u00a0Eingefahren 5,25\u202fm \/ ausgefahren 9,5\u202fm. Ideal bis zum 2. Stockwerk. Kompatibel mit dem Gevelridder-M-Kopf oder dem Giekkopf f\u00fcr XL-Ausf\u00fchrung.<\/li>\n\n\n\n<li><strong>Gevelridder Nautic:<\/strong>\u00a0Speziell f\u00fcr kleine R\u00e4ume. Die au\u00dfen montierte Winde schafft zus\u00e4tzlichen Arbeitsraum zwischen Wand und Ger\u00e4t. Eingefahren: 1,66\u202fm \/ ausgefahren max. 2,47\u202fm.<\/li>\n<\/ul>\n\n\n\n<hr class=\"wp-block-separator has-alpha-channel-opacity\"\/>\n\n\n\n<p><strong>In der Arbeitsschutzrichtlinie empfohlen<\/strong><\/p>\n\n\n\n<p>Die Last wird an den Haken geh\u00e4ngt und per Kurbel bewegt \u2013 so wird das Objekt m\u00fchelos zur Arbeitsstelle gebracht. Dank des kompakten Formats passt der Gevelridder S Nautic problemlos in ein Auto oder einen kleinen Transporter. Er ist in der Arbeitsschutzrichtlinie Glasmontage (\u201eArbocatalogus Glaszetten\u201c) offiziell empfohlen.<\/p>\n","protected":false},"excerpt":{"rendered":"<p class=\"ai-optimize-34\" data-start=\"35\" data-end=\"348\">Mit einer maximalen Arbeitsh\u00f6he von 2,4 Metern und einer Transportl\u00e4nge von nur 1,6 Metern l\u00e4sst sich der Nautica m\u00fchelos durch schmale Gangborde, Maschinenr\u00e4ume oder zwischen Stegen man\u00f6vrieren. Trotz seiner kompakten Gr\u00f6\u00dfe liefert er Spitzenleistungen \u2013 genau das, was man von einem\u00a0<em data-start=\"320\" data-end=\"333\">Gevelridder<\/em>\u00a0erwarten darf.<\/p>\n<p class=\"ai-optimize-33\">\u2714\u00a0Zum Heben von Schiffsfenstern, Installationen usw.<br data-start=\"97\" data-end=\"100\" \/>\u2714\u00a0F\u00fcr enge R\u00e4ume geeignet.<br data-start=\"128\" data-end=\"131\" \/>\u2714\u00a0H\u00f6henverstellbar.<br data-start=\"152\" data-end=\"155\" \/>\u2714\u00a0Leicht im Gewicht (15\u202fkg).<br data-start=\"185\" data-end=\"188\" \/>\u2714\u00a0Transportl\u00e4nge 166\u202fcm.<br data-start=\"214\" data-end=\"217\" \/>\u2714\u00a0Maximale Hakenh\u00f6he 216\u202fcm.<br data-start=\"247\" data-end=\"250\" \/>\u2714\u00a0Tragf\u00e4higkeit (WLL) 250\u202fkg.<br data-start=\"281\" data-end=\"284\" \/>\u2714\u00a0Winde mit Handkurbel.<br data-start=\"309\" data-end=\"312\" \/>\u2714\u00a0Mit Abstandshalter (PI).<br data-start=\"340\" data-end=\"343\" \/>\u2714\u00a0Emissionsfrei.<\/p>\n","protected":false},"featured_media":131853,"template":"","meta":{"_acf_changed":false,"_seopress_robots_primary_cat":"none","_seopress_titles_title":"","_seopress_titles_desc":"","_seopress_robots_index":""},"product_brand":[],"product_cat":[916,919],"product_tag":[1714,1382,998,1213,1353,1322,1319,1316,1022,1276,1359,1428,1492,1483,1486,1552,1564,1593,1725,1153,1692,1590,1088,1694],"class_list":{"0":"post-133541","1":"product","2":"type-product","3":"status-publish","4":"has-post-thumbnail","6":"product_cat-fassadenritter","7":"product_cat-fassadenritter-de","8":"product_tag-aluminiumlift","9":"product_tag-gesundheit-und-sicherheit","10":"product_tag-giebel-ritter","11":"product_tag-glaser-de-2","12":"product_tag-glaser-de","13":"product_tag-glasheben","14":"product_tag-glasheber","15":"product_tag-glaslift-de-2","16":"product_tag-glaslift-de","17":"product_tag-glaslift-mieten","18":"product_tag-glazierslife-de","19":"product_tag-heben","20":"product_tag-leiteraufzug","21":"product_tag-leiterlift","22":"product_tag-leiterlift-de","23":"product_tag-minikrane","24":"product_tag-miroiterie-de","25":"product_tag-nautisch","26":"product_tag-schepen","27":"product_tag-schiffshebewerk","28":"product_tag-sirliftalot","29":"product_tag-umzugsunternehmen","30":"product_tag-uplifter-de","31":"product_tag-ventouse","32":"product_shipping_class-giebel-ritter-m","34":"first","35":"instock","36":"taxable","37":"shipping-taxable","38":"purchasable","39":"product-type-simple"},"acf":[],"_links":{"self":[{"href":"https:\/\/gevelridder.nl\/de\/wp-json\/wp\/v2\/product\/133541","targetHints":{"allow":["GET"]}}],"collection":[{"href":"https:\/\/gevelridder.nl\/de\/wp-json\/wp\/v2\/product"}],"about":[{"href":"https:\/\/gevelridder.nl\/de\/wp-json\/wp\/v2\/types\/product"}],"wp:featuredmedia":[{"embeddable":true,"href":"https:\/\/gevelridder.nl\/de\/wp-json\/wp\/v2\/media\/131853"}],"wp:attachment":[{"href":"https:\/\/gevelridder.nl\/de\/wp-json\/wp\/v2\/media?parent=133541"}],"wp:term":[{"taxonomy":"product_brand","embeddable":true,"href":"https:\/\/gevelridder.nl\/de\/wp-json\/wp\/v2\/product_brand?post=133541"},{"taxonomy":"product_cat","embeddable":true,"href":"https:\/\/gevelridder.nl\/de\/wp-json\/wp\/v2\/product_cat?post=133541"},{"taxonomy":"product_tag","embeddable":true,"href":"https:\/\/gevelridder.nl\/de\/wp-json\/wp\/v2\/product_tag?post=133541"}],"curies":[{"name":"wp","href":"https:\/\/api.w.org\/{rel}","templated":true}]}}