
{"id":133516,"date":"2026-03-24T08:17:10","date_gmt":"2026-03-24T08:17:10","guid":{"rendered":"https:\/\/gevelridder.nl\/product\/gevelridder-poot-glas-recyclingwagen\/"},"modified":"2026-04-06T14:14:28","modified_gmt":"2026-04-06T14:14:28","slug":"giebelritter-poot-glas-recyclingwagen","status":"publish","type":"product","link":"https:\/\/gevelridder.nl\/de\/produkt\/giebelritter-poot-glas-recyclingwagen\/","title":{"rendered":"Gevelridder Poot Glas-Recyclingwagen"},"content":{"rendered":"\n<h2 class=\"wp-block-heading\">Bein Glaswagen<\/h2>\n\n\n\n<h3 class=\"wp-block-heading\">Kapitel 1: Einf\u00fchrung in den Poot Glass Reception Trolley<\/h3>\n\n\n\n<p>Das Bein des Gevelridder Glasresteelwagens ist eine lose St\u00fctze, die am Gevelridder S, Gevelridder Nautica oder Gevelridder M,&nbsp;<a href=\"https:\/\/gevelridder.nl\/product\/gevelridder-m-hybride\/\">Gevelridder M Hybrid<\/a>&nbsp;oder&nbsp;<a href=\"https:\/\/gevelridder.nl\/product\/gevelridder-l-hybride\/\">Gevelridder L Hybrid<\/a>&nbsp;angebracht werden kann und mehr Platz schafft, um z.B. einen Fensterrahmen h\u00f6her als den Rest des Wagens anzuheben. Diese Innovation bietet eine praktische L\u00f6sung f\u00fcr sicheres und effizientes Arbeiten in der H\u00f6he. Mit einer L\u00e4nge von 140 cm erreicht die St\u00fctze eine Arbeitsh\u00f6he von ca. 1,07 Metern und hat damit eine ideale Gr\u00f6\u00dfe f\u00fcr verschiedene Arbeiten.<\/p>\n\n\n\n<h3 class=\"wp-block-heading\">Kapitel 2: Technische Spezifikationen<\/h3>\n\n\n\n<p>Die maximale Belastung des Gevelridder Glasresteelwagens ist auf 250 kg festgelegt.<\/p>\n\n\n\n<h3 class=\"wp-block-heading\">Kapitel 3: Risiken der Arbeit ohne Tools<\/h3>\n\n\n\n<p>Regelm\u00e4\u00dfiges schweres Heben ist sch\u00e4dlich f\u00fcr Ihre Gesundheit, also verwenden Sie auch das Facade Knight Glass Reclaimer Bein. Beim Heben schwerer Gegenst\u00e4nde besteht die Gefahr einer Sch\u00e4digung der R\u00fcckenmuskulatur, der Bindegewebsb\u00e4nder um die Wirbels\u00e4ule oder der Zwischenwirbelscheiben. Je schwerer das Heben ist, desto gr\u00f6\u00dfer ist das Risiko einer Sch\u00e4digung. Aber auch das Heben von leichten Gegenst\u00e4nden kann zu Sch\u00e4den f\u00fchren, z.B. weil es in einer ung\u00fcnstigen Position (gebeugt, verdreht oder mit erhobenen Armen) oder durch zu viele Hebevorg\u00e4nge hintereinander mit zu kurzer Erholungszeit durchgef\u00fchrt werden muss. Weitere Informationen finden Sie auf dem Portal f\u00fcr Gesundheit und Sicherheit am Arbeitsplatz.<\/p>\n\n\n\n<h3 class=\"wp-block-heading\">Kapitel 4: Kompatibilit\u00e4t und Bestellm\u00f6glichkeiten<\/h3>\n\n\n\n<p>Bitte beachten Sie, dass das Balustradenbein nicht in Kombination mit dem alten Gevelridder L und XL verwendet werden kann. F\u00fcr diejenigen, die noch keinen Gevelridder besitzen, gibt es die M\u00f6glichkeit, ein komplettes Set bei uns zu bestellen. Auf diese Weise k\u00f6nnen alle ben\u00f6tigten Teile auf einmal beschafft werden, was den Arbeitsprozess weiter optimieren kann.<\/p>\n\n\n\n<h3 class=\"wp-block-heading\">Kapitel 5: Schlussfolgerung<\/h3>\n\n\n\n<p>Das Gevelridder Glass Resteel Wagenbein ist ein unverzichtbares Hilfsmittel f\u00fcr Arbeiten in der H\u00f6he. Er bietet festen Halt und reduziert die Risiken, die mit dem Heben schwerer Lasten verbunden sind. Das Bein ist Teil eines Systems, das die Effizienz steigert und die k\u00f6rperliche Belastung der Arbeiter reduziert und so zu einem sichereren und ges\u00fcnderen Arbeitsumfeld beitr\u00e4gt. Diese innovative L\u00f6sung verbessert die Arbeitsabl\u00e4ufe und hilft Unternehmen, die Gesundheits- und Sicherheitsanforderungen zu erf\u00fcllen. Wenn Sie die Investition in das Fa\u00e7ade Knight Balustrade Leg in Erw\u00e4gung ziehen, investieren Sie in die Gesundheit und Sicherheit der Arbeiter und in die Qualit\u00e4t des Endergebnisses.<\/p>\n","protected":false},"excerpt":{"rendered":"<p>Das Gevelridder Glasresteel Fahrgestellbein ist eine lose St\u00fctze, die am Gevelridder S, Gevelridder Nautica oder Gevelridder M,\u00a0<a href=\"https:\/\/gevelridder.nl\/product\/gevelridder-m-hybride\/\">Gevelridder M Hybrid<\/a>\u00a0oder\u00a0<a href=\"https:\/\/gevelridder.nl\/product\/gevelridder-l-hybride\/\">Gevelridder L Hybrid<\/a>\u00a0angebracht werden kann, um mehr Platz zu schaffen, um z.B. einen Fensterrahmen h\u00f6her als das Fahrgestell zu heben. Das Bein soll vom Boden bis zur Mitte des Rohrs 107 cm hoch f\u00fchren.<\/p>\n","protected":false},"featured_media":132328,"template":"","meta":{"_acf_changed":false,"_seopress_robots_primary_cat":"none","_seopress_titles_title":"","_seopress_titles_desc":"","_seopress_robots_index":""},"product_brand":[],"product_cat":[921],"product_tag":[1129,998,1680,1412],"class_list":{"0":"post-133516","1":"product","2":"type-product","3":"status-publish","4":"has-post-thumbnail","6":"product_cat-teile","7":"product_tag-brustungsfus","8":"product_tag-giebel-ritter","9":"product_tag-gut","10":"product_tag-heben-auf-dem-dach","11":"product_shipping_class-75-euro-de","13":"first","14":"instock","15":"taxable","16":"shipping-taxable","17":"purchasable","18":"product-type-simple"},"acf":[],"_links":{"self":[{"href":"https:\/\/gevelridder.nl\/de\/wp-json\/wp\/v2\/product\/133516","targetHints":{"allow":["GET"]}}],"collection":[{"href":"https:\/\/gevelridder.nl\/de\/wp-json\/wp\/v2\/product"}],"about":[{"href":"https:\/\/gevelridder.nl\/de\/wp-json\/wp\/v2\/types\/product"}],"wp:featuredmedia":[{"embeddable":true,"href":"https:\/\/gevelridder.nl\/de\/wp-json\/wp\/v2\/media\/132328"}],"wp:attachment":[{"href":"https:\/\/gevelridder.nl\/de\/wp-json\/wp\/v2\/media?parent=133516"}],"wp:term":[{"taxonomy":"product_brand","embeddable":true,"href":"https:\/\/gevelridder.nl\/de\/wp-json\/wp\/v2\/product_brand?post=133516"},{"taxonomy":"product_cat","embeddable":true,"href":"https:\/\/gevelridder.nl\/de\/wp-json\/wp\/v2\/product_cat?post=133516"},{"taxonomy":"product_tag","embeddable":true,"href":"https:\/\/gevelridder.nl\/de\/wp-json\/wp\/v2\/product_tag?post=133516"}],"curies":[{"name":"wp","href":"https:\/\/api.w.org\/{rel}","templated":true}]}}