
{"id":133466,"date":"2026-03-24T11:44:02","date_gmt":"2026-03-24T11:44:02","guid":{"rendered":"https:\/\/gevelridder.nl\/product\/gevelridder-glaslift-lg\/"},"modified":"2026-04-06T14:10:49","modified_gmt":"2026-04-06T14:10:49","slug":"gevelridder-glaslift-l-kopie-kopie","status":"publish","type":"product","link":"https:\/\/gevelridder.nl\/de\/produkt\/gevelridder-glaslift-l-kopie-kopie\/","title":{"rendered":"GEVELRIDDER Glaslift LG"},"content":{"rendered":"\n<h2 class=\"wp-block-heading\">Facade Knight (Gevelridder) LG Hybrid<\/h2>\n\n\n\n<p>Mit dieser praktischen Hebevorrichtung k\u00f6nnen Sie schwere Gegenst\u00e4nde wie Glas und Fensterrahmen im Au\u00dfenbereich leicht anheben. Sie befestigen die Last am Hebehaken und setzen sie durch Drehen der Winde in Bewegung. Die Winde kann auch mit einem Akkubohrer betrieben werden. Mit Hilfe von Abstandshaltern auf dem Dach k\u00f6nnen Sie sogar Gegenst\u00e4nde \u00fcber eine Dachrinne hinaus heben. Nat\u00fcrlich ohne R\u00fccken, Nacken und Schultern zu belasten. Bis zu 8,978 m1 hoch (Herzrolle).<\/p>\n\n\n\n<h2 class=\"wp-block-heading\">Risiken bei der Arbeit ohne Hebehilfe<\/h2>\n\n\n\n<p>Heben ist f\u00fcr den K\u00f6rper sehr anstrengend, vor allem wenn es h\u00e4ufig geschieht. Beim Heben schwerer Gegenst\u00e4nde besteht die Gefahr, dass die R\u00fcckenmuskulatur, die Bindegewebsb\u00e4nder um die Wirbels\u00e4ule oder die Bandscheiben besch\u00e4digt werden. Je schwerer Sie heben, desto gr\u00f6\u00dfer ist das Risiko einer Sch\u00e4digung. Aber auch das Heben von leichten Gegenst\u00e4nden kann zu Sch\u00e4den f\u00fchren, z.B. weil es in einer ung\u00fcnstigen Position (B\u00fccken, Drehen oder mit erhobenen Armen) oder durch zu h\u00e4ufiges Heben hintereinander und ohne ausreichende Erholungszeit erfolgt. F\u00fcr weitere Informationen:&nbsp;<a href=\"https:\/\/www.arboportaal.nl\/\" target=\"_blank\" rel=\"noreferrer noopener\">ArboPortal<\/a>. Suchen Sie einen bestimmten Typ von Fassaden-Ritter? Kontaktieren Sie uns. Der Gevelridder sorgt daf\u00fcr, dass Sie Ihre Arbeit in der Vertikalen effizient und sicher erledigen k\u00f6nnen. Wir empfehlen den&nbsp;<a href=\"https:\/\/gevelridder.nl\/product\/glaskar-250-platenwagen\/\">250 kg schweren Gevelwagen<\/a>&nbsp;f\u00fcr den horizontalen Transport. Als Kolben kaufen Sie am besten den&nbsp;<a href=\"https:\/\/gevelridder.nl\/de\/product\/sirliftalot4-250kg\/\">Sir LiftAlot4<\/a>&nbsp;\u2013 Facade Knight.<\/p>\n","protected":false},"excerpt":{"rendered":"<p><b>\u2714<\/b>\u00a0<strong>Zum Heben von Glas, Markisen, Installationen, etc.<\/strong><\/p>\n<p><strong>\u2714\u00a0F\u00fcr den Einsatz bis zum zweiten Stock<\/strong><strong>.<\/strong><\/p>\n<p><strong>\u2714\u00a0<\/strong><strong>Schnell einsatzbereit, mit verschiedenen Optionen.<\/strong><\/p>\n<p><strong>\u2714\u00a0H\u00f6henverstellbar<\/strong><strong>.<\/strong><\/p>\n<p><strong>\u2714\u00a0<\/strong><strong>Transportl\u00e4nge 540 cm.<\/strong><\/p>\n<p><strong>\u2714\u00a0<\/strong><strong>Maximale Ausdehnung auf 890 cm.<\/strong><\/p>\n<p><strong>\u2714<\/strong>\u00a0<strong>WLL250.<\/strong><\/p>\n<p><strong>\u2714<\/strong>\u00a0<strong>Winde mit Handkurbel.<\/strong><\/p>\n<p><strong>\u2714<\/strong>\u00a0<strong>Die Winde kann mit einem Akkubohrer aufgewickelt werden.<\/strong><\/p>\n<p><strong>\u2714<\/strong><strong>\u00a0Emissionsfrei.<\/strong><\/p>\n","protected":false},"featured_media":132482,"template":"","meta":{"_acf_changed":false,"_seopress_robots_primary_cat":"none","_seopress_titles_title":"","_seopress_titles_desc":"","_seopress_robots_index":""},"product_brand":[],"product_cat":[916,919],"product_tag":[1578,1714,1715,1672,1001,1353,1213,1319,1022,1276,1403,1406,1489,1492,1483,1716,1692,1717,1718,1719,1088,1720,1600,1721,1722],"class_list":{"0":"post-133466","1":"product","2":"type-product","3":"status-publish","4":"has-post-thumbnail","6":"product_cat-fassadenritter","7":"product_cat-fassadenritter-de","8":"product_tag-airoc-zusammenbauen","9":"product_tag-aluminiumlift","10":"product_tag-arbovriendelijk","11":"product_tag-fensterrahmen-2","12":"product_tag-giebel-ritter-l","13":"product_tag-glaser-de","14":"product_tag-glaser-de-2","15":"product_tag-glasheber","16":"product_tag-glaslift-de","17":"product_tag-glaslift-mieten","18":"product_tag-hebe-klimaanlage","19":"product_tag-hebe-wechselrichter-solarpanel","20":"product_tag-leiter-lioft","21":"product_tag-leiteraufzug","22":"product_tag-leiterlift","23":"product_tag-ruit-plaatsen","24":"product_tag-sirliftalot","25":"product_tag-sunscreenlift","26":"product_tag-tilhulp","27":"product_tag-tweede-verdieping","28":"product_tag-uplifter-de","29":"product_tag-volandis","30":"product_tag-wechselrichter","31":"product_tag-windowframelift","32":"product_tag-zonwering-ophangen","33":"product_shipping_class-giebel-ritter-l","35":"first","36":"instock","37":"taxable","38":"shipping-taxable","39":"purchasable","40":"product-type-simple"},"acf":[],"_links":{"self":[{"href":"https:\/\/gevelridder.nl\/de\/wp-json\/wp\/v2\/product\/133466","targetHints":{"allow":["GET"]}}],"collection":[{"href":"https:\/\/gevelridder.nl\/de\/wp-json\/wp\/v2\/product"}],"about":[{"href":"https:\/\/gevelridder.nl\/de\/wp-json\/wp\/v2\/types\/product"}],"wp:featuredmedia":[{"embeddable":true,"href":"https:\/\/gevelridder.nl\/de\/wp-json\/wp\/v2\/media\/132482"}],"wp:attachment":[{"href":"https:\/\/gevelridder.nl\/de\/wp-json\/wp\/v2\/media?parent=133466"}],"wp:term":[{"taxonomy":"product_brand","embeddable":true,"href":"https:\/\/gevelridder.nl\/de\/wp-json\/wp\/v2\/product_brand?post=133466"},{"taxonomy":"product_cat","embeddable":true,"href":"https:\/\/gevelridder.nl\/de\/wp-json\/wp\/v2\/product_cat?post=133466"},{"taxonomy":"product_tag","embeddable":true,"href":"https:\/\/gevelridder.nl\/de\/wp-json\/wp\/v2\/product_tag?post=133466"}],"curies":[{"name":"wp","href":"https:\/\/api.w.org\/{rel}","templated":true}]}}