
{"id":133436,"date":"2026-03-24T08:17:10","date_gmt":"2026-03-24T08:17:10","guid":{"rendered":"https:\/\/gevelridder.nl\/product\/teleskop-ausleger-fuer-fassadenheber\/"},"modified":"2026-04-06T14:58:04","modified_gmt":"2026-04-06T14:58:04","slug":"gevelridder-hybrid-ausleger","status":"publish","type":"product","link":"https:\/\/gevelridder.nl\/de\/produkt\/gevelridder-hybrid-ausleger\/","title":{"rendered":"Teleskop-Ausleger f\u00fcr Fassadenheber"},"content":{"rendered":"\n<h2 class=\"wp-block-heading\">Facade Knight (Gevelridder) Hybrid Ausleger<\/h2>\n\n\n\n<h2 class=\"wp-block-heading\">Der Gevelridder Teleskop-Ausleger f\u00fcr Fassadenheber kann an den Hybrid Gevelridder M und L montiert werden.<\/h2>\n\n\n\n<p>Er ist ein ideales Produkt zum Heben \u00fcber Ger\u00fcste. Der Ausleger ist leicht und kann einfach in einem Bus transportiert werden. Der Gevelridder wird im Gesundheits- und Sicherheitskatalog f\u00fcr Verglasungen empfohlen. Durch die Verwendung dieses Produkts haben Sie w\u00e4hrend der Montage die H\u00e4nde frei und die Gefahr von Treppen und Leitern entf\u00e4llt. Transportl\u00e4nge 2400 mm, Fu\u00dfbreite 850 mm. In 2 Teilen auf bis zu 4 Meter ausziehbar (WLL 200 kg). Mit dem dritten Teil ausziehbar auf 5850 mm (WLL 200 kg).<\/p>\n\n\n\n<h2 class=\"wp-block-heading\">Arbeiten ohne Fa\u00e7ade Knight M Hybrid?<\/h2>\n\n\n\n<p>Heben ist f\u00fcr den K\u00f6rper sehr anstrengend, vor allem wenn es h\u00e4ufig geschieht. Beim Heben schwerer Gegenst\u00e4nde besteht die Gefahr, dass die R\u00fcckenmuskulatur, das Bindegewebe um die Wirbels\u00e4ule oder die Bandscheiben besch\u00e4digt werden. Je schwerer Sie heben, desto gr\u00f6\u00dfer ist das Risiko einer Sch\u00e4digung. Aber auch das Heben von leichten Gegenst\u00e4nden kann zu Sch\u00e4den f\u00fchren, z.B. weil es in einer ung\u00fcnstigen Position (geb\u00fcckt, gedreht oder mit erhobenen Armen) durchgef\u00fchrt werden muss oder wenn Sie zu oft hintereinander heben und sich zu wenig erholen. F\u00fcr&nbsp;<a href=\"https:\/\/www.arboportaal.nl\/onderwerpen\/tillen-en-dragen\/wat-zijn-de-risico%E2%80%99s-van-tillen-en-dragen\">weitere Informationen<\/a>.&nbsp;De Gevelridder sorgt daf\u00fcr, dass Sie Ihre Arbeit vertikal effizient und sicher erledigen k\u00f6nnen. F\u00fcr den horizontalen Transport empfehlen wir unseren&nbsp;<a href=\"https:\/\/gevelridder.nl\/de\/product\/neu-spannklemme-fuer-glaskar-2-0-alu\/\">Glaswagen<\/a>.<\/p>\n","protected":false},"excerpt":{"rendered":"<p>Der Teleskop-Ausleger ist eine optionale Erweiterung f\u00fcr die Modelle M und L Hybrid. Er erm\u00f6glicht das Heben von Fassadenelementen \u00fcber Ger\u00fcste hinweg oder in schwer zug\u00e4nglichen Bereichen. Die robuste Aluminiumkonstruktion sichert eine hohe Tragf\u00e4higkeit, w\u00e4hrend die kompakte Bauweise den Transport und Aufbau erleichtert.<\/p>\n","protected":false},"featured_media":131876,"template":"","meta":{"_acf_changed":false,"_seopress_robots_primary_cat":"none","_seopress_titles_title":"","_seopress_titles_desc":"","_seopress_robots_index":""},"product_brand":[],"product_cat":[916,921],"product_tag":[1208,1034,1672,944,1025,1213,1353,1322,1316,1022,1276,1372,1483,1564,1052,1691,1692,1693,1088,1694,1695],"class_list":{"0":"post-133436","1":"product","2":"type-product","3":"status-publish","4":"has-post-thumbnail","6":"product_cat-fassadenritter","7":"product_cat-teile","8":"product_tag-boom-de","9":"product_tag-elektrischer-hybrid-gable-knight","10":"product_tag-fensterrahmen-2","11":"product_tag-giebel-ritter-m","12":"product_tag-glas-einbauen","13":"product_tag-glaser-de-2","14":"product_tag-glaser-de","15":"product_tag-glasheben","16":"product_tag-glaslift-de-2","17":"product_tag-glaslift-de","18":"product_tag-glaslift-mieten","19":"product_tag-griplift-de","20":"product_tag-leiterlift","21":"product_tag-miroiterie-de","22":"product_tag-montage-glas","23":"product_tag-shopfitter","24":"product_tag-sirliftalot","25":"product_tag-suncreenlift","26":"product_tag-uplifter-de","27":"product_tag-ventouse","28":"product_tag-viavac","29":"product_shipping_class-75-euro-de","31":"first","32":"instock","33":"taxable","34":"shipping-taxable","35":"purchasable","36":"product-type-simple"},"acf":[],"_links":{"self":[{"href":"https:\/\/gevelridder.nl\/de\/wp-json\/wp\/v2\/product\/133436","targetHints":{"allow":["GET"]}}],"collection":[{"href":"https:\/\/gevelridder.nl\/de\/wp-json\/wp\/v2\/product"}],"about":[{"href":"https:\/\/gevelridder.nl\/de\/wp-json\/wp\/v2\/types\/product"}],"wp:featuredmedia":[{"embeddable":true,"href":"https:\/\/gevelridder.nl\/de\/wp-json\/wp\/v2\/media\/131876"}],"wp:attachment":[{"href":"https:\/\/gevelridder.nl\/de\/wp-json\/wp\/v2\/media?parent=133436"}],"wp:term":[{"taxonomy":"product_brand","embeddable":true,"href":"https:\/\/gevelridder.nl\/de\/wp-json\/wp\/v2\/product_brand?post=133436"},{"taxonomy":"product_cat","embeddable":true,"href":"https:\/\/gevelridder.nl\/de\/wp-json\/wp\/v2\/product_cat?post=133436"},{"taxonomy":"product_tag","embeddable":true,"href":"https:\/\/gevelridder.nl\/de\/wp-json\/wp\/v2\/product_tag?post=133436"}],"curies":[{"name":"wp","href":"https:\/\/api.w.org\/{rel}","templated":true}]}}