
{"id":133343,"date":"2026-03-24T11:38:06","date_gmt":"2026-03-24T11:38:06","guid":{"rendered":"https:\/\/gevelridder.nl\/product\/tragegriffe-glaskar\/"},"modified":"2026-04-06T15:02:13","modified_gmt":"2026-04-06T15:02:13","slug":"tragegriffe-glaskar","status":"publish","type":"product","link":"https:\/\/gevelridder.nl\/de\/produkt\/tragegriffe-glaskar\/","title":{"rendered":"Tragegriffe Glaskar"},"content":{"rendered":"\n<h2 class=\"wp-block-heading\">Tragegriffe<\/h2>\n\n\n\n<p>Entdecken Sie die praktischen Tragegriffe f\u00fcr den Glaskar Plattenwagen, Ihren idealen Partner f\u00fcr den m\u00fchelosen Transport. Ganz gleich, ob Sie einen gro\u00dfen Werkzeugkasten, ein B\u00fcndel Glasplatten oder andere schwere Gegenst\u00e4nde transportieren m\u00fcssen, diese Tragegriffe sind speziell auf Ihre Bed\u00fcrfnisse zugeschnitten. Sie sind die perfekte Erg\u00e4nzung zum Glaskar Plattenwagen, mit dem Sie gro\u00dfe Lasten m\u00fchelos bewegen k\u00f6nnen.<\/p>\n\n\n\n<h2 class=\"wp-block-heading\">Der Glaskar Plattenwagen<\/h2>\n\n\n\n<p>mit einer gro\u00dfz\u00fcgigen Ladefl\u00e4che von 100\u00d7100 cm und einer Tragf\u00e4higkeit von 250 kg bietet die ideale L\u00f6sung f\u00fcr Ihre Transportaufgaben. An der Unterseite sind 2 Rohre angebracht, die Ihnen die M\u00f6glichkeit bieten, Spannklemmen zu verwenden. Diese Rohre sind an der R\u00fcckseite verl\u00e4ngert, so dass Sie die Spannklemmen bequem abstellen k\u00f6nnen, wenn sie nicht gebraucht werden. Mit dem Gevelkar haben Sie einen zuverl\u00e4ssigen Begleiter f\u00fcr alle Ihre Transportaufgaben. Der Fassadenwagen ist vollst\u00e4ndig aus hochwertigem Aluminium gefertigt und wiegt nur etwa 10 kg. Dadurch ist er \u00e4u\u00dferst wendig und leicht zu handhaben, selbst bei schweren Lasten. Die Spannklemmen oder Spannlanzen sind separat erh\u00e4ltlich, so dass Sie die Konfiguration w\u00e4hlen k\u00f6nnen, die Ihren Bed\u00fcrfnissen am besten entspricht. Das Besondere an diesem Wagen ist, dass er mit \u00e4u\u00dferster Sorgfalt entworfen und in den Niederlanden handgefertigt wird. Wir tragen mit Stolz das Label #MadeinHolland. Unsere Handwerker haben jedes Detail mit Pr\u00e4zision ausgef\u00fchrt und die Wagen sind von Hand gef\u00fcttert, was zu einer unvergleichlichen Qualit\u00e4t und Handwerkskunst f\u00fchrt. Es ist daher keine \u00dcbertreibung zu sagen, dass dieser Wagen der \u201eAston Martin\u201c unter den Transportwagen ist. Bitte beachten Sie, dass der Preis des Glaskar Plattenwagens nicht die Spannklemme beinhaltet, die Sie separat bestellen k\u00f6nnen. Die Ladefl\u00e4che hat eine Breite von 18 cm und die Gesamtbreite des Wagens, einschlie\u00dflich der R\u00e4der, betr\u00e4gt nur 50 cm. Alternativ ist auch eine Version mit einer Achse und einer Tragf\u00e4higkeit von 150 kg erh\u00e4ltlich. Die Griffe sind mit einem praktischen Schnellverschluss verstellbar und der Wagen ist zum Schutz Ihrer Ladung mit schwarzem\/anthrazitfarbenem Filz ausgestattet. Entscheiden Sie sich f\u00fcr Komfort, entscheiden Sie sich f\u00fcr Qualit\u00e4t und entdecken Sie die M\u00f6glichkeiten des Glaskar Plattenwagens mit Tragegriffen. Mit diesem zuverl\u00e4ssigen Begleiter k\u00f6nnen Sie gro\u00dfe Lasten m\u00fchelos bewegen, selbst in den schwierigsten Situationen. Machen Sie Ihre Transportaufgaben einfacher und effizienter mit diesem hochwertigen Wagen, der in den Niederlanden mit viel Liebe und Handwerkskunst entworfen und hergestellt wird. Sparen Sie Zeit und M\u00fche mit dem Glaskar Plattenwagen mit Tragegriffen, Ihrem Schl\u00fcssel zum m\u00fchelosen Transportieren.<\/p>\n","protected":false},"excerpt":{"rendered":"<h2>Tragegriffe Glaskar Plattenwagen<\/h2>\n<p>Entdecken Sie die praktischen Tragehalterungen f\u00fcr den Glaskar oder das Platenkar von Gevelridder. Ideal f\u00fcr den Transport eines gro\u00dfen Werkzeugkastens oder eines B\u00fcndels von Glaslamellen. Der Preis gilt pro Paar.<\/p>\n","protected":false},"featured_media":132037,"template":"","meta":{"_acf_changed":false,"_seopress_robots_primary_cat":"none","_seopress_titles_title":"","_seopress_titles_desc":"","_seopress_robots_index":""},"product_brand":[],"product_cat":[915,934,936,931],"product_tag":[1673,1672,1675,1213,1353,1016,1019,1022,1028,1674,1475,1055],"class_list":{"0":"post-133343","1":"product","2":"type-product","3":"status-publish","4":"has-post-thumbnail","6":"product_cat-fassade-transportwagen","7":"product_cat-glaskar","8":"product_cat-teile-de","9":"product_cat-transportwagen-de","10":"product_tag-allterraindolly","11":"product_tag-fensterrahmen-2","12":"product_tag-fensterrahmentrager","13":"product_tag-glaser-de-2","14":"product_tag-glaser-de","15":"product_tag-glaskar-de","16":"product_tag-glaskar-tellerwagen","17":"product_tag-glaslift-de","18":"product_tag-glaswagen-de","19":"product_tag-ladenbauer","20":"product_tag-rahmenwagen","21":"product_tag-tellerwagen","22":"product_shipping_class-paket-45-35-25","24":"first","25":"instock","26":"taxable","27":"shipping-taxable","28":"purchasable","29":"product-type-simple"},"acf":[],"_links":{"self":[{"href":"https:\/\/gevelridder.nl\/de\/wp-json\/wp\/v2\/product\/133343","targetHints":{"allow":["GET"]}}],"collection":[{"href":"https:\/\/gevelridder.nl\/de\/wp-json\/wp\/v2\/product"}],"about":[{"href":"https:\/\/gevelridder.nl\/de\/wp-json\/wp\/v2\/types\/product"}],"wp:featuredmedia":[{"embeddable":true,"href":"https:\/\/gevelridder.nl\/de\/wp-json\/wp\/v2\/media\/132037"}],"wp:attachment":[{"href":"https:\/\/gevelridder.nl\/de\/wp-json\/wp\/v2\/media?parent=133343"}],"wp:term":[{"taxonomy":"product_brand","embeddable":true,"href":"https:\/\/gevelridder.nl\/de\/wp-json\/wp\/v2\/product_brand?post=133343"},{"taxonomy":"product_cat","embeddable":true,"href":"https:\/\/gevelridder.nl\/de\/wp-json\/wp\/v2\/product_cat?post=133343"},{"taxonomy":"product_tag","embeddable":true,"href":"https:\/\/gevelridder.nl\/de\/wp-json\/wp\/v2\/product_tag?post=133343"}],"curies":[{"name":"wp","href":"https:\/\/api.w.org\/{rel}","templated":true}]}}