
{"id":133321,"date":"2026-03-24T11:33:09","date_gmt":"2026-03-24T11:33:09","guid":{"rendered":"https:\/\/gevelridder.nl\/product\/carve-x\/"},"modified":"2026-04-06T14:04:18","modified_gmt":"2026-04-06T14:04:18","slug":"schnitzen-x","status":"publish","type":"product","link":"https:\/\/gevelridder.nl\/de\/produkt\/schnitzen-x\/","title":{"rendered":"Carve X"},"content":{"rendered":"\n<h2 class=\"wp-block-heading\"><strong>der CARVE-X 250 kg T\u00fcr- und Glaswagen<\/strong><\/h2>\n\n\n\n<h2 class=\"wp-block-heading\">Das Transportwerkzeug f\u00fcr Platten, Glas, T\u00fcren und Arbeits- und Tischplatten aus Naturstein!<\/h2>\n\n\n\n<p>Sind Sie auf der Suche nach einer effizienten und zuverl\u00e4ssigen L\u00f6sung f\u00fcr den Transport von Tellern, Glas, T\u00fcren, aber auch Arbeits- und Tischplatten aus Naturstein, bei denen das Objekt aufgrund seiner H\u00f6he so nah wie m\u00f6glich am Boden transportiert werden muss \u2013 selbst auf engstem Raum? Dann haben wir gute Nachrichten f\u00fcr Sie!<br>W&nbsp;<strong>ir stellen die Carve X 250 Plattenwagen vor<\/strong>, die f\u00fcr den professionellen Einsatz entwickelt wurden. Diese Plattenwagen oder Plattenwagen kombinieren St\u00e4rke, Flexibilit\u00e4t und Stil, um Ihnen die perfekte Transportl\u00f6sung zu bieten. Mit einem sch\u00f6nen lederbezogenen Griff ist der Wagen oder Doggy leicht zu tragen.<\/p>\n\n\n\n<p><strong>Warum das CARVE X Ihr n\u00e4chster Kauf sein sollte:<\/strong><\/p>\n\n\n\n<ol class=\"wp-block-list\">\n<li><strong>Au\u00dfergew\u00f6hnliche Man\u00f6vrierf\u00e4higkeit:<\/strong>\u00a0Mit vier vorne und hinten mit einer Gummischeibe gefederten Lenkrollen l\u00e4sst sich der CARVE X m\u00fchelos durch enge R\u00e4ume man\u00f6vrieren \u2013 ideal f\u00fcr den Transport von Naturstein-Arbeitsplatten und Tischplatten.<\/li>\n\n\n\n<li><strong>Vielseitig einsetzbar:<\/strong>\u00a0Egal, ob Sie ihn als Schlitten verwenden m\u00f6chten oder das Bed\u00fcrfnis versp\u00fcren, Spannclips f\u00fcr zus\u00e4tzliche Sicherheit anzubringen; der CARVE bietet Ihnen beide M\u00f6glichkeiten!<\/li>\n\n\n\n<li><strong>Elegantes und praktisches Design:<\/strong>\u00a0Die anthrazitfarbene Filzpolsterung verleiht dem CARVE nicht nur ein elegantes Aussehen, sondern sch\u00fctzt Ihre Materialien auch vor Kratzern und Besch\u00e4digungen.<\/li>\n\n\n\n<li><strong>Zus\u00e4tzliche Sicherheit:<\/strong>\u00a0Dank des Gummipuffers m\u00fcssen Sie sich keine Sorgen \u00fcber St\u00f6\u00dfe oder Kratzer machen.<\/li>\n\n\n\n<li><strong>Kompaktheit und Bequemlichkeit:<\/strong>\u00a0Mit seinen geringen Abmessungen ist der CARVE X leicht zu transportieren und zu verstauen.<\/li>\n\n\n\n<li><strong>Gro\u00dfe Teller<\/strong>? : Dann nehmen Sie einfach zwei<\/li>\n<\/ol>\n\n\n\n<p>F<strong>azit:<\/strong>&nbsp;Egal, ob Sie im Baugewerbe, in der Innenarchitektur, bei der Renovierung oder in der Natursteinbranche arbeiten, der CARVE-X Platten- und Glaswagen ist ein unverzichtbares Werkzeug. Wendig, langlebig und stilvoll; mit diesem Wagen wird der Transport zum Kinderspiel.<\/p>\n\n\n\n<h4 class=\"wp-block-heading\">TNO \u2013 Merkblatt Physikalische Arbeitsbelastung 2018<\/h4>\n\n\n\n<p>Neben der psychosozialen Arbeitsbelastung ist die k\u00f6rperliche Belastung immer noch die Hauptursache f\u00fcr Berufskrankheiten und Fehlzeiten. Dies ist ein TNO-Faktenblatt mit Zahlen vom Juni 2018. Nutzen Sie also die Hebehilfen von Gevelridder!<\/p>\n\n\n\n<h4 class=\"wp-block-heading\">Heben und Tragen<\/h4>\n\n\n\n<p>Heben ist das Aufnehmen und Absetzen einer Last mit den H\u00e4nden, ohne sich selbst zu bewegen. Wenn Sie etwas im Gehen bewegen, w\u00e4hrend Sie heben, nennen wir das Tragen. Mit diesen Tipps k\u00f6nnen Sie gesundheitlichen Problemen vorbeugen. Welche Beschwerden k\u00f6nnen Sie bekommen? Heben und Tragen bei der Arbeit ist eine der Hauptursachen f\u00fcr k\u00f6rperliche Beschwerden wie Schmerzen im (unteren) R\u00fccken, in den Schultern, im Nacken, in den Knien und in den H\u00fcften. Sie k\u00f6nnen auch R\u00fcckenbeschwerden bekommen, wenn Sie Gegenst\u00e4nde mit einem gekr\u00fcmmten oder verdrehten R\u00fccken heben.<\/p>\n\n\n\n<p><a href=\"https:\/\/www.fnv.nl\/werk-inkomen\/veilig-gezond-werken\/lichamelijke-belasting\/tillen-en-dragen\">siehe auch<\/a><\/p>\n\n\n\n<p>F\u00fcr diesen luftbereiften Plattenwagen sind Sie bei uns genau richtig. Achten Sie darauf, dass die Wagen (aber auch die Glasst\u00e4nder) immer waagerecht stehen, damit das Glas nicht umfallen kann!<\/p>\n","protected":false},"excerpt":{"rendered":"<p><strong>Der CARVE X Transportwagen: perfekt f\u00fcr Platten, T\u00fcren, Glas und Naturstein!<\/strong><\/p>\n<p><b>\u2714<\/b>\u00a0<strong>F\u00fcr den Transport von hohem Glas, Rahmen, Stein usw.<\/strong><\/p>\n<p><strong>\u2714\u00a0Sehr leicht, einfach zu tragen!!!<\/strong><\/p>\n<p><strong>\u2714\u00a0Regal 15 mm \u00fcber dem Boden<\/strong><\/p>\n<p><strong>\u2714\u00a0Rinne in Tageslichtgr\u00f6\u00dfe 85 mm cm, 38 cm lang<\/strong><\/p>\n<p><strong>\u2714<\/strong>\u00a0<strong>WLL250 kg.<\/strong><\/p>\n<p><strong>\u2714\u00a0Eigengewicht 6 kg.<\/strong><\/p>\n<p><strong>\u2714<\/strong><strong>\u00a0Gefederte R\u00e4der.<\/strong><\/p>\n<p><strong>\u2714<\/strong><strong>\u00a0Gummi-Sto\u00dfstangen.<\/strong><\/p>\n<p><strong>x<\/strong>\u00a0<strong>Ohne Spannklemmen!<\/strong>\u00a0<strong>&gt; \u2013<\/strong><\/p>\n<p><strong>\u2660<\/strong>\u00a0<strong>Die Spannklemme muss separat bestellt werden:<\/strong><\/p>\n<ul>\n<li><a href=\"https:\/\/gevelridder.nl\/product\/spanklem-2-0-alu\/\">Alu-Spannklemme (Spitze)<\/a><\/li>\n<li><a href=\"https:\/\/gevelridder.nl\/product\/spanklem\/\">Stahlklammer<\/a><\/li>\n<li><a href=\"https:\/\/gevelridder.nl\/product\/spanklem-lans\/\">Spannlanze<\/a><\/li>\n<\/ul>\n","protected":false},"featured_media":132370,"template":"","meta":{"_acf_changed":false,"_seopress_robots_primary_cat":"none","_seopress_titles_title":"","_seopress_titles_desc":"","_seopress_robots_index":""},"product_brand":[],"product_cat":[915,934,935,931],"product_tag":[1655,1082,1016,1328,1334,1337,1031,1435,1475,1037,992,1656,1641,994,1058],"class_list":{"0":"post-133321","1":"product","2":"type-product","3":"status-publish","4":"has-post-thumbnail","6":"product_cat-fassade-transportwagen","7":"product_cat-glaskar","8":"product_cat-rollwagen","9":"product_cat-transportwagen-de","10":"product_tag-dreifach","11":"product_tag-dreifach-glaswagen","12":"product_tag-glaskar-de","13":"product_tag-glastransport","14":"product_tag-glastransport-2","15":"product_tag-glastransport-hand-2","16":"product_tag-glaswagen-tellerwagen","17":"product_tag-hundchen","18":"product_tag-rahmenwagen","19":"product_tag-rahmenwagen-de","20":"product_tag-schnitzen","21":"product_tag-schweres-glas","22":"product_tag-tellerwagen-2","23":"product_tag-turwagen","24":"product_tag-wagen-fur-plattenmaterial","25":"product_shipping_class-paket-160-50-40","27":"first","28":"instock","29":"taxable","30":"shipping-taxable","31":"purchasable","32":"product-type-simple"},"acf":[],"_links":{"self":[{"href":"https:\/\/gevelridder.nl\/de\/wp-json\/wp\/v2\/product\/133321","targetHints":{"allow":["GET"]}}],"collection":[{"href":"https:\/\/gevelridder.nl\/de\/wp-json\/wp\/v2\/product"}],"about":[{"href":"https:\/\/gevelridder.nl\/de\/wp-json\/wp\/v2\/types\/product"}],"wp:featuredmedia":[{"embeddable":true,"href":"https:\/\/gevelridder.nl\/de\/wp-json\/wp\/v2\/media\/132370"}],"wp:attachment":[{"href":"https:\/\/gevelridder.nl\/de\/wp-json\/wp\/v2\/media?parent=133321"}],"wp:term":[{"taxonomy":"product_brand","embeddable":true,"href":"https:\/\/gevelridder.nl\/de\/wp-json\/wp\/v2\/product_brand?post=133321"},{"taxonomy":"product_cat","embeddable":true,"href":"https:\/\/gevelridder.nl\/de\/wp-json\/wp\/v2\/product_cat?post=133321"},{"taxonomy":"product_tag","embeddable":true,"href":"https:\/\/gevelridder.nl\/de\/wp-json\/wp\/v2\/product_tag?post=133321"}],"curies":[{"name":"wp","href":"https:\/\/api.w.org\/{rel}","templated":true}]}}