
{"id":133264,"date":"2026-03-24T11:33:09","date_gmt":"2026-03-24T11:33:09","guid":{"rendered":"https:\/\/gevelridder.nl\/product\/carve-500kg\/"},"modified":"2026-04-06T13:59:47","modified_gmt":"2026-04-06T13:59:47","slug":"schnitzen-500kg-2-0","status":"publish","type":"product","link":"https:\/\/gevelridder.nl\/de\/produkt\/schnitzen-500kg-2-0\/","title":{"rendered":"Carve 500kg"},"content":{"rendered":"\n<h2 class=\"wp-block-heading\">CARVE 500 kg Transportwagen: die ideale L\u00f6sung f\u00fcr Teller, Glas und T\u00fcren<\/h2>\n\n\n\n<p>Sind Sie in der Bau-, Innenausbau-, Renovierungs- oder Natursteinbranche t\u00e4tig? Wenn Sie nach der optimalen L\u00f6sung f\u00fcr den Transport von Platten, Glas, T\u00fcren, aber vor allem von Arbeits- und Tischplatten aus Naturstein suchen, dann ist der CARVE 500kg Transportwagen Ihre beste Wahl.<\/p>\n\n\n\n<p><strong>Warum der CARVE Transportwagen Ihr n\u00e4chster Kauf sein sollte:<\/strong><\/p>\n\n\n\n<ol class=\"wp-block-list\">\n<li><strong>Au\u00dfergew\u00f6hnliche Man\u00f6vrierf\u00e4higkeit:<\/strong>\u00a0Dank einer festen Achse in der Mitte und Doppelr\u00e4dern vorne und hinten bewegt sich der CARVE m\u00fchelos durch enge R\u00e4ume \u2013 ideal f\u00fcr Arbeits- und Tischplatten aus Naturstein.<\/li>\n\n\n\n<li><strong>Vielseitig einsetzbar:<\/strong>\u00a0Verwenden Sie ihn als Schlitten oder befestigen Sie Spannklemmen f\u00fcr zus\u00e4tzliche Sicherheit; der CARVE bietet beide M\u00f6glichkeiten.<\/li>\n\n\n\n<li><strong>Elegantes &amp; praktisches Design:<\/strong>\u00a0Das anthrazitfarbene Filzfutter verleiht dem CARVE nicht nur ein elegantes Aussehen, sondern sch\u00fctzt auch Ihre Materialien vor Kratzern.<\/li>\n\n\n\n<li><strong>Zus\u00e4tzliche Sicherheit:<\/strong>\u00a0Dank der gepolsterten Sto\u00dff\u00e4nger auf der Vorder- und R\u00fcckseite m\u00fcssen Sie sich keine Sorgen um St\u00f6\u00dfe oder Kratzer machen.<\/li>\n\n\n\n<li><strong>Kompakt und praktisch:<\/strong>\u00a0Mit einer L\u00e4nge von 140 cm und einer Tageslichtgr\u00f6\u00dfe von 60 mm ist der CARVE leicht zu transportieren und zu verstauen.<\/li>\n\n\n\n<li><strong>Schwellenfreundliches Design:<\/strong>\u00a0Die einzigartige Konstruktion des CARVE macht es leicht, \u00fcber Unebenheiten zu fahren, ohne die Ladung zu destabilisieren.<\/li>\n<\/ol>\n\n\n\n<p>Ein TNO-Faktenblatt vom Juni 2018 zeigt, dass neben der psychosozialen Arbeitsbelastung die k\u00f6rperliche Belastung immer noch die Hauptursache f\u00fcr Berufskrankheiten und Fehlzeiten ist. K\u00f6rperliche Beschwerden, wie Schmerzen im R\u00fccken, in den Schultern, im Nacken, in den Knien und in den H\u00fcften, k\u00f6nnen mit den richtigen Hilfsmitteln verhindert werden. Das Gehen beim Heben von Gegenst\u00e4nden kann zu diesen Beschwerden f\u00fchren. Deshalb bietet Facade Knight (Gevelridder) diesen Transportwagen mit Luftreifen an. Achten Sie immer darauf, dass die Wagen (aber auch die Glasst\u00e4nder) waagerecht stehen, damit das Glas nicht umfallen kann. Entscheiden Sie sich f\u00fcr Qualit\u00e4t, Haltbarkeit und Stil. Entscheiden Sie sich f\u00fcr den CARVE 500kg Transportwagen. Ihre Arbeit wird einfacher, sicherer und effizienter sein. Bestellen Sie jetzt und erleben Sie den Unterschied!<\/p>\n","protected":false},"excerpt":{"rendered":"<p><strong>Der leichte CARVE Platten \/ Transportwagen \/ Glaswagen: Perfekt f\u00fcr die Montage von (Dreifach-)Glas, T\u00fcren und Arbeitsplatten auf kleinem Raum.<\/strong><\/p>\n<p><strong>Neu: jetzt mit Gummipuffer und D\u00e4mpfer vorne und hinten<\/strong>.\u00a0<strong>Der Carve 2.0<\/strong><\/p>\n<p><strong>\u2714\u00a0L= 150 cm, H=26 cm, B=47 cm<\/strong><\/p>\n<p><strong>\u2714<\/strong><strong>\u00a0Sto\u00dfstange (neu).<\/strong><\/p>\n<p><strong>\u2714<\/strong><strong>\u00a0Tageslicht-Rinne 6 cm.<\/strong><\/p>\n<p><strong>\u2714<\/strong>\u00a0<strong>WLL500 kg.<\/strong><\/p>\n<p><strong>\u2714\u00a0Eigengewicht 9 kg.<\/strong><\/p>\n<p><strong>\u2714<\/strong><strong>\u00a0Mit Luftreifen (gute D\u00e4mpfung).<\/strong><\/p>\n<p><strong>\u2714<\/strong><strong>\u00a0Sicherheitspuffer gegen das Umkippen des Wagens.<\/strong><\/p>\n<p><strong>x<\/strong>\u00a0<strong>Exklusive Klammern<\/strong><\/p>\n<p>\u2660\u00a0<strong>Klammern m\u00fcssen separat bestellt werden:<\/strong><\/p>\n<ul>\n<li><a href=\"https:\/\/gevelridder.nl\/product\/spanklem-2-0-alu\/\">Alu-Spannklemme (Spitze)<\/a><\/li>\n<li><a href=\"https:\/\/gevelridder.nl\/product\/spanklem\/\">Stahlklammer<\/a><\/li>\n<li><a href=\"https:\/\/gevelridder.nl\/product\/spanklem-lans\/\">Spannlanze<\/a><\/li>\n<\/ul>\n","protected":false},"featured_media":131943,"template":"","meta":{"_acf_changed":false,"_seopress_robots_primary_cat":"none","_seopress_titles_title":"","_seopress_titles_desc":"","_seopress_robots_index":""},"product_brand":[],"product_cat":[915,934,935],"product_tag":[1082,1016,1328,1334,1337,1031,1475,1037,1659,994,1058],"class_list":{"0":"post-133264","1":"product","2":"type-product","3":"status-publish","4":"has-post-thumbnail","6":"product_cat-fassade-transportwagen","7":"product_cat-glaskar","8":"product_cat-rollwagen","9":"product_tag-dreifach-glaswagen","10":"product_tag-glaskar-de","11":"product_tag-glastransport","12":"product_tag-glastransport-2","13":"product_tag-glastransport-hand-2","14":"product_tag-glaswagen-tellerwagen","15":"product_tag-rahmenwagen","16":"product_tag-rahmenwagen-de","17":"product_tag-transport-trippleglas","18":"product_tag-turwagen","19":"product_tag-wagen-fur-plattenmaterial","20":"product_shipping_class-paket-160-50-40","22":"first","23":"instock","24":"taxable","25":"shipping-taxable","26":"purchasable","27":"product-type-simple"},"acf":[],"_links":{"self":[{"href":"https:\/\/gevelridder.nl\/de\/wp-json\/wp\/v2\/product\/133264","targetHints":{"allow":["GET"]}}],"collection":[{"href":"https:\/\/gevelridder.nl\/de\/wp-json\/wp\/v2\/product"}],"about":[{"href":"https:\/\/gevelridder.nl\/de\/wp-json\/wp\/v2\/types\/product"}],"wp:featuredmedia":[{"embeddable":true,"href":"https:\/\/gevelridder.nl\/de\/wp-json\/wp\/v2\/media\/131943"}],"wp:attachment":[{"href":"https:\/\/gevelridder.nl\/de\/wp-json\/wp\/v2\/media?parent=133264"}],"wp:term":[{"taxonomy":"product_brand","embeddable":true,"href":"https:\/\/gevelridder.nl\/de\/wp-json\/wp\/v2\/product_brand?post=133264"},{"taxonomy":"product_cat","embeddable":true,"href":"https:\/\/gevelridder.nl\/de\/wp-json\/wp\/v2\/product_cat?post=133264"},{"taxonomy":"product_tag","embeddable":true,"href":"https:\/\/gevelridder.nl\/de\/wp-json\/wp\/v2\/product_tag?post=133264"}],"curies":[{"name":"wp","href":"https:\/\/api.w.org\/{rel}","templated":true}]}}