
{"id":133187,"date":"2026-04-03T10:24:57","date_gmt":"2026-04-03T10:24:57","guid":{"rendered":"https:\/\/gevelridder.nl\/product\/kompakter-montagewagen-fuer-glas-und-fensterelemente-500\/"},"modified":"2026-04-06T14:42:43","modified_gmt":"2026-04-06T14:42:43","slug":"brammetje-kozijnwagen","status":"publish","type":"product","link":"https:\/\/gevelridder.nl\/de\/produkt\/brammetje-kozijnwagen\/","title":{"rendered":"Kompakter Montagewagen f\u00fcr Glas- und Fensterelemente 500"},"content":{"rendered":"\n<h2 class=\"wp-block-heading\">Optimale Effizienz in der Bauindustrie mit Brammetje Rahmenwagen<\/h2>\n\n\n\n<p>Brammetje, ein zuverl\u00e4ssiger, leichter Rahmenwagen mit zwei Achsen.<\/p>\n\n\n\n<h2 class=\"wp-block-heading\">Brammetje Rahmenwagen: Ihr unverzichtbarer Freund auf der Baustelle<\/h2>\n\n\n\n<p>Brammetje ist kein gew\u00f6hnlicher Rahmenwagen, sondern ein optimiertes Werkzeug f\u00fcr Bauprofis. Mit einer Tagesspur von 240 mm ist Brammetje perfekt f\u00fcr breitere Rahmen mit Dreifachverglasung geeignet. Durch seine robuste Konstruktion und seine L\u00e4nge von 580 mm ist er ideal f\u00fcr kleine und gro\u00dfe Arbeiten. Als treuer Begleiter ist Brammetje immer bereit, Fensterrahmen, Balken und Jalousien mit Leichtigkeit zu transportieren, so dass Sie mit einem L\u00e4cheln arbeiten k\u00f6nnen.<\/p>\n\n\n\n<p>Wir wissen, dass Erfolg im Bauwesen vor allem auf Pr\u00e4zision und Komfort beruht. Deshalb haben wir eine Reihe von Werkzeugen entwickelt, die sich nahtlos in Ihren Arbeitsablauf integrieren lassen. Neben den rollwagen&nbsp;<a href=\"https:\/\/gevelridder.nl\/de\/product\/malle-jantje\/\" target=\"_blank\" rel=\"noreferrer noopener\">Malle Jantje<\/a>&nbsp;und Brammetje haben wir auch leichte&nbsp;<a href=\"https:\/\/gevelridder.nl\/?product_cat=tellerwagen-glaskar\">Glaskarren<\/a>&nbsp;in unserem Sortiment.<\/p>\n\n\n\n<ul class=\"wp-block-list\">\n<li>\n<ul class=\"wp-block-list\">\n<li>240 mm Ladebreite<\/li>\n\n\n\n<li>580 mm lang<\/li>\n\n\n\n<li>2 Achsen, 4 R\u00e4der<\/li>\n\n\n\n<li>maximal 500 kg Zuladung (gleichm\u00e4\u00dfige Verteilung der Last auf 4 R\u00e4der).<\/li>\n<\/ul>\n<\/li>\n<\/ul>\n\n\n\n<h3 class=\"wp-block-heading\">K\u00f6rperliche Belastung: eine Herausforderung f\u00fcr Baufachleute<\/h3>\n\n\n\n<p>K\u00f6rperliche Belastung ist eine st\u00e4ndige Herausforderung f\u00fcr Baufachleute. Laut Daten von TNO vom Juni 2018 ist die k\u00f6rperliche Belastung nach wie vor eine der Hauptursachen f\u00fcr Berufskrankheiten und Fehlzeiten. Schmerzen im R\u00fccken, in den Schultern, im Nacken, in den Knien und in den H\u00fcften sind h\u00e4ufige Beschwerden, die durch Heben und Tragen am Arbeitsplatz entstehen. Eine falsche Hebetechnik kann zu ernsthaften Gesundheitsproblemen f\u00fchren. Verwenden Sie daher so viele Hebehilfen wie m\u00f6glich, wie zum Beispiel unseren s\u00fc\u00dfen kleinen Hund, den brammetje Fensterrahmenwagen.<\/p>\n\n\n\n<h3 class=\"wp-block-heading\">Brammetje Frame Trolley Hebehilfen: Schutz f\u00fcr Ihre Gesundheit<\/h3>\n\n\n\n<p>Um diese Gesundheitsrisiken zu verringern, bietet Facade Knight (Gevelridder) den leichten Hund Brammetje an. Diese moderne Version des klassischen Transportwagens vergangener Tage wurde entwickelt, um Baufachleuten zu helfen, k\u00f6rperliche Verletzungen zu vermeiden. Durch die Unterst\u00fctzung der richtigen Hebetechnik und die Verringerung der k\u00f6rperlichen Belastung tragen die Hebehilfen von Gevelridder zu einem ges\u00fcnderen und produktiveren Arbeitsumfeld bei.<\/p>\n\n\n\n<p>Wir bei Gevelridder sind bestrebt, Ihr Partner f\u00fcr den Erfolg auf der Baustelle zu sein. Wir bieten qualitativ hochwertige, effiziente L\u00f6sungen, die sowohl das Handwerk als auch die Gesundheit f\u00f6rdern. Gemeinsam bauen wir an einer Zukunft, in der Baufachleute hervorragende Leistungen erbringen k\u00f6nnen, ohne sich Gedanken \u00fcber k\u00f6rperliche Belastungen machen zu m\u00fcssen. Entscheiden Sie sich f\u00fcr Gevelridder, entscheiden Sie sich f\u00fcr handwerkliches K\u00f6nnen und Wohlbefinden am Arbeitsplatz.<\/p>\n","protected":false},"excerpt":{"rendered":"<p><strong>Brammetje \u2013 Kompakte und effiziente Hebehilfe f\u00fcr Fassadenarbeiten<\/strong><\/p>\n<p>Brammetje ist die ideale L\u00f6sung f\u00fcr sicheres und einfaches Heben bei Fassadenarbeiten. Diese innovative Hebehilfe sorgt f\u00fcr eine ergonomische Arbeitsweise, reduziert die Belastung von R\u00fccken und Schultern und erh\u00f6ht die Produktivit\u00e4t in der Werkstatt. Geeignet f\u00fcr verschiedene Materialien wie Fensterrahmen, Glas, Verblendsteine und D\u00e4mmplatten. Dank seiner kompakten Gr\u00f6\u00dfe und einfachen Handhabung ist Brammetje perfekt f\u00fcr kleine und gro\u00dfe Bauprojekte geeignet. Bestellen Sie jetzt und erleben Sie den Unterschied in Effizienz und Sicherheit!<\/p>\n<p><b>\u2714<\/b>\u00a0 240 mm Ladebreite<\/p>\n<p><b>\u2714\u00a0\u00a0<\/b>580 mm lang<\/p>\n<p><b>\u2714\u00a0\u00a0<\/b>2 achsen, 4 R\u00e4der<\/p>\n<p><b>\u2714\u00a0\u00a0<\/b>maximal 500 kg Tragf\u00e4higkeit<\/p>\n<p>(gleichm\u00e4\u00dfige Lastverteilung auf 4 R\u00e4der).<\/p>\n","protected":false},"featured_media":1868,"template":"","meta":{"_acf_changed":false,"_seopress_robots_primary_cat":"none","_seopress_titles_title":"","_seopress_titles_desc":"","_seopress_robots_index":""},"product_brand":[],"product_cat":[1927,915,934,935,931],"product_tag":[998,1353,1016,1334,1475,1037,1479,1635,1634],"class_list":{"0":"post-133187","1":"product","2":"type-product","3":"status-publish","4":"has-post-thumbnail","6":"product_cat-am-meisten-verkauft","7":"product_cat-fassade-transportwagen","8":"product_cat-glaskar","9":"product_cat-rollwagen","10":"product_cat-transportwagen-de","11":"product_tag-giebel-ritter","12":"product_tag-glaser-de","13":"product_tag-glaskar-de","14":"product_tag-glastransport-2","15":"product_tag-rahmenwagen","16":"product_tag-rahmenwagen-de","17":"product_tag-rahmenwagen-de-2","18":"product_tag-transportrahmen","19":"product_tag-turwagen-2","20":"product_shipping_class-paket-50-50-60","22":"first","23":"instock","24":"taxable","25":"shipping-taxable","26":"purchasable","27":"product-type-simple"},"acf":[],"_links":{"self":[{"href":"https:\/\/gevelridder.nl\/de\/wp-json\/wp\/v2\/product\/133187","targetHints":{"allow":["GET"]}}],"collection":[{"href":"https:\/\/gevelridder.nl\/de\/wp-json\/wp\/v2\/product"}],"about":[{"href":"https:\/\/gevelridder.nl\/de\/wp-json\/wp\/v2\/types\/product"}],"wp:featuredmedia":[{"embeddable":true,"href":"https:\/\/gevelridder.nl\/de\/wp-json\/wp\/v2\/media\/1868"}],"wp:attachment":[{"href":"https:\/\/gevelridder.nl\/de\/wp-json\/wp\/v2\/media?parent=133187"}],"wp:term":[{"taxonomy":"product_brand","embeddable":true,"href":"https:\/\/gevelridder.nl\/de\/wp-json\/wp\/v2\/product_brand?post=133187"},{"taxonomy":"product_cat","embeddable":true,"href":"https:\/\/gevelridder.nl\/de\/wp-json\/wp\/v2\/product_cat?post=133187"},{"taxonomy":"product_tag","embeddable":true,"href":"https:\/\/gevelridder.nl\/de\/wp-json\/wp\/v2\/product_tag?post=133187"}],"curies":[{"name":"wp","href":"https:\/\/api.w.org\/{rel}","templated":true}]}}