
{"id":133180,"date":"2026-04-03T09:29:11","date_gmt":"2026-04-03T09:29:11","guid":{"rendered":"https:\/\/gevelridder.nl\/product\/spannklemme-fuer-glaswagen-alu\/"},"modified":"2026-04-06T14:55:09","modified_gmt":"2026-04-06T14:55:09","slug":"neu-spannklemme-fuer-glaskar-2-0-alu","status":"publish","type":"product","link":"https:\/\/gevelridder.nl\/de\/produkt\/neu-spannklemme-fuer-glaskar-2-0-alu\/","title":{"rendered":"Spannklemme f\u00fcr Glaswagen ALU"},"content":{"rendered":"\n<h2 class=\"wp-block-heading\">Spannklemme<\/h2>\n\n\n\n<p>Diese handliche Tension Clamp 2.0 von Gevelridder ist nicht nur leicht, sondern auch sicher und robust in der Anwendung. Dank des langen Trolleys kann diese Aluminium-Spannklemme sogar an der R\u00fcckseite des Glaskar \u201egeparkt\u201c werden. Im Prinzip reicht 1 Spanner f\u00fcr das Spannfutter aus, wenn er auf dem Aluminium-Glaskar verwendet wird. F\u00fcr gro\u00dfe Gl\u00e4ser empfehlen wir zwei Spannklemmen. Aus hochwertigem Aluminium gefertigt und mit dem gleichen Teppich wie der Glaskar \u00fcberzogen. Preis pro St\u00fcck. Spannklemmen sind ein entscheidendes Element f\u00fcr die Sicherheit in Ihrer Werkstatt oder auf der Baustelle. Es kann zu gef\u00e4hrlichen Situationen kommen, wenn der Glaswagen oder das Glasgestell nicht gerade steht, so dass das Glas oder anderes Plattenmaterial umfallen kann. Aber auch die Wetterbedingungen k\u00f6nnen unerwartete Gefahren mit sich bringen. Auf einer Baustelle, in einem Garten oder auf einem Balkon ist Wind ein Risiko; Glasplatten fangen viel Wind ein. Lassen Sie Ihren Glaskarren daher nie unbeaufsichtigt auf der Baustelle stehen, vor allem nicht, wenn es windig ist. Eine Windb\u00f6e kann den ganzen Wagen zum Umkippen bringen. Die Spannklemme ist die zus\u00e4tzliche Hand, die Sie f\u00fcr den sicheren Glastransport ben\u00f6tigen. Die Produkte von Gevelridder sind haupts\u00e4chlich aus Aluminium gefertigt: leicht, stark, schnell einsetzbar und in Holland hergestellt. Deshalb passt diese Klemme perfekt in das Sortiment von Gevelridder, Ihrem Spezialisten f\u00fcr Hebehilfen!<\/p>\n","protected":false},"excerpt":{"rendered":"<p>Diese Spannklemme bietet zus\u00e4tzliche Sicherheit beim Transport von Glaselementen auf dem Glaskar 2.0 ALU. Schnell montierbar und mit rutschfestem Belag ausgestattet.<\/p>\n","protected":false},"featured_media":1864,"template":"","meta":{"_acf_changed":false,"_seopress_robots_primary_cat":"none","_seopress_titles_title":"Spannklemme f\u00fcr Glaskar 2.0 ALU","_seopress_titles_desc":"Handliche, leichte Spannklemme f\u00fcr unsere Aluminium-Glaswagen, um das Glas vor dem Herabfallen zu bewahren. Die Klemme ist mit Teppich ausgelegt.","_seopress_robots_index":""},"product_brand":[],"product_cat":[934,935,936,931],"product_tag":[1522,1523,1501,1016,1521,1525,1055,1524],"class_list":{"0":"post-133180","1":"product","2":"type-product","3":"status-publish","4":"has-post-thumbnail","6":"product_cat-glaskar","7":"product_cat-rollwagen","8":"product_cat-teile-de","9":"product_cat-transportwagen-de","10":"product_tag-aluminium-futter","11":"product_tag-chuck","12":"product_tag-geringes-gewicht","13":"product_tag-glaskar-de","14":"product_tag-plattenwagen","15":"product_tag-sicherheit","16":"product_tag-tellerwagen","17":"product_tag-tragerglas","18":"product_shipping_class-paket-80-50-20","20":"first","21":"instock","22":"taxable","23":"shipping-taxable","24":"purchasable","25":"product-type-simple"},"acf":[],"_links":{"self":[{"href":"https:\/\/gevelridder.nl\/de\/wp-json\/wp\/v2\/product\/133180","targetHints":{"allow":["GET"]}}],"collection":[{"href":"https:\/\/gevelridder.nl\/de\/wp-json\/wp\/v2\/product"}],"about":[{"href":"https:\/\/gevelridder.nl\/de\/wp-json\/wp\/v2\/types\/product"}],"wp:featuredmedia":[{"embeddable":true,"href":"https:\/\/gevelridder.nl\/de\/wp-json\/wp\/v2\/media\/1864"}],"wp:attachment":[{"href":"https:\/\/gevelridder.nl\/de\/wp-json\/wp\/v2\/media?parent=133180"}],"wp:term":[{"taxonomy":"product_brand","embeddable":true,"href":"https:\/\/gevelridder.nl\/de\/wp-json\/wp\/v2\/product_brand?post=133180"},{"taxonomy":"product_cat","embeddable":true,"href":"https:\/\/gevelridder.nl\/de\/wp-json\/wp\/v2\/product_cat?post=133180"},{"taxonomy":"product_tag","embeddable":true,"href":"https:\/\/gevelridder.nl\/de\/wp-json\/wp\/v2\/product_tag?post=133180"}],"curies":[{"name":"wp","href":"https:\/\/api.w.org\/{rel}","templated":true}]}}