
{"id":133107,"date":"2026-03-24T08:17:10","date_gmt":"2026-03-24T08:17:10","guid":{"rendered":"https:\/\/gevelridder.nl\/product\/abstandshalter-fassadenheber-1-meter\/"},"modified":"2026-04-06T13:54:17","modified_gmt":"2026-04-06T13:54:17","slug":"abstandshalter-giebel-ritter-1-meter","status":"publish","type":"product","link":"https:\/\/gevelridder.nl\/de\/produkt\/abstandshalter-giebel-ritter-1-meter\/","title":{"rendered":"Abstandshalter Fassadenheber 1 Meter"},"content":{"rendered":"\n<p>Liebe Ritter, verwenden Sie bereits den Abstandhalter Gevelridder 1 Meter mit dem&nbsp;<a href=\"https:\/\/gevelridder.nl\/product\/gevelridder-l\/\">Gevelridder L<\/a>?<\/p>\n\n\n\n<h2 class=\"wp-block-heading\">Bleiben Sie bei dem Spacer Facade Knight (Gevelridder) 1 Meter<\/h2>\n\n\n\n<p>Tjosten ist ein beliebtes Spiel f\u00fcr Sie. Wenn die Lanze beim Tjosten zu Pferd l\u00e4nger ist als die des Konkurrenten, sind die Chancen, das Spiel zu gewinnen, am gr\u00f6\u00dften. So ist es auch mit dem Einsatz von Werkzeugen im Bauwesen. Mit #slimbuilding werden Sie der Konkurrenz voraus sein! Wir Ritter der Tafelrunde, brechen eine Lanze f\u00fcr die Produkte von Gevelridder! Die Rohre sind aus Aluminium gefertigt und daher leicht. Die Abstandshalter werden verwendet, um den Gevelridder-Haken weiter von der Fassade entfernt anzubringen. Das ist notwendig, wenn zum Beispiel ein Solareffekt \u00fcber die Fassade hinausragt. Die Abstandshalter sind auch dann n\u00fctzlich, wenn oberhalb des Fensterrahmens kein Platz ist, um den Gevelridder zu halten. Der Gevelridder kann dann mit diesen St\u00fctzen auf das dar\u00fcber liegende Dach gesetzt werden. Woher kommt eigentlich der Begriff, eine Lanze f\u00fcr etwas brechen? Nach unserem Sprachgebrauch aus dem&nbsp;<a href=\"https:\/\/onzetaal.nl\/schatkamer\/lezen\/uitdrukkingen\/ergens-een-lans-voor-breken\">Folgenden:<\/a>&nbsp;<em>Eine Lanze f\u00fcr etwas brechen<\/em>&nbsp;bedeutet, \u201aetwas zu verteidigen\u2018, \u201aetwas zu loben\u2018. Man kann auch&nbsp;<em>eine Lanze f\u00fcr jemanden brechen<\/em>; es bedeutet, sich f\u00fcr jemanden einzusetzen oder ihn zu verteidigen. Van Dale\u2019s&nbsp;<em>Groot Uitdrukkingenwoordenboek (<\/em>&nbsp;2006) erw\u00e4hnt, dass dieser Ausdruck bis ins Mittelalter zur\u00fcckreicht. Wenn Ritter f\u00fcr jemanden eine Lanze brachen, bedeutete dies, dass sie f\u00fcr diese Person in einem Tjost (w\u00e4hrend eines Turniers) k\u00e4mpften. Auch nach&nbsp;<a href=\"https:\/\/www.dbnl.org\/tekst\/stoe002nede01_01\/stoe002nede01_01_1358.php\" target=\"_blank\" rel=\"noreferrer noopener\">F.A. Stoett<\/a>&nbsp;kommt \u201c&nbsp;<em>eine Lanze brechen<\/em>&nbsp;\u201c von \u201eein Ritter sein\u201c;&nbsp;<em>\u201eeine Lanze f\u00fcr jemanden brechen<\/em>&nbsp;\u201c bedeutete urspr\u00fcnglich \u201ef\u00fcr diese Person in die Schlacht ziehen\u201c. Diese Redewendung kommt in vielen Sprachen vor, zum Beispiel:&nbsp;<em>f\u00fcr jemanden\/etwas eine Lanze brechen\/einlegen<\/em>&nbsp;(Deutsch),&nbsp;<em>rompre des lances pour quelqu\u2019un(e)<\/em>&nbsp;(Franz\u00f6sisch),&nbsp;<em>to break a lance for someone\/something<\/em>&nbsp;(Englisch) und&nbsp;<em>spezzare una lancia a\/in favore di qualcuno\/qualcosa<\/em>&nbsp;(Italienisch). Nur damit Sie es wissen\u2026 Der Abstandshalter ist auch f\u00fcr den&nbsp;<a href=\"https:\/\/gevelridder.nl\/de\/product\/gevelridder-s-incl-afstandhouder\/\">Facade Knight (Gevelridder) S<\/a>&nbsp;und den&nbsp;<a href=\"https:\/\/gevelridder.nl\/?post_type=product&amp;p=99254\">Facade Knight (Gevelridder) M<\/a>&nbsp;geeignet.<\/p>\n","protected":false},"excerpt":{"rendered":"<p>Liebe Ritter, verwenden Sie bereits den Abstandshalter Facade Knight 1 Meter mit dem\u00a0<a href=\"https:\/\/gevelridder.nl\/product\/gevelridder-l\/\">Facade Knight L?<\/a>\u00a0Der Tjost ist ein beliebtes Spiel f\u00fcr Sie. Wenn die Lanze beim Tjost zu Pferd l\u00e4nger ist als der Konkurrent, sind die Chancen, das Spiel zu gewinnen, am gr\u00f6\u00dften. So ist es auch mit dem Einsatz von Werkzeugen im Bauwesen. Mit #slimbuilding werden Sie der Konkurrenz voraus sein! Die Lanze ist auch f\u00fcr\u00a0<a href=\"https:\/\/gevelridder.nl\/product\/gevelridder-s-incl-afstandhouder\/\">Gevelridder S<\/a>\u00a0und\u00a0<a href=\"https:\/\/gevelridder.nl\/product\/gevelridder-m-incl-afstandhouder\/\">Gevelridder M<\/a>\u00a0geeignet Wir Ritter der Tafelrunde, brechen Sie die Lanze f\u00fcr Gevelridder Produkte!<\/p>\n","protected":false},"featured_media":131513,"template":"","meta":{"_acf_changed":false,"_seopress_robots_primary_cat":"none","_seopress_titles_title":"","_seopress_titles_desc":"","_seopress_robots_index":""},"product_brand":[],"product_cat":[921],"product_tag":[1121],"class_list":{"0":"post-133107","1":"product","2":"type-product","3":"status-publish","4":"has-post-thumbnail","6":"product_cat-teile","7":"product_tag-abstandhalter-fassade-ritter-1-meter","8":"product_shipping_class-40-euro-de","10":"first","11":"instock","12":"taxable","13":"shipping-taxable","14":"purchasable","15":"product-type-simple"},"acf":[],"_links":{"self":[{"href":"https:\/\/gevelridder.nl\/de\/wp-json\/wp\/v2\/product\/133107","targetHints":{"allow":["GET"]}}],"collection":[{"href":"https:\/\/gevelridder.nl\/de\/wp-json\/wp\/v2\/product"}],"about":[{"href":"https:\/\/gevelridder.nl\/de\/wp-json\/wp\/v2\/types\/product"}],"wp:featuredmedia":[{"embeddable":true,"href":"https:\/\/gevelridder.nl\/de\/wp-json\/wp\/v2\/media\/131513"}],"wp:attachment":[{"href":"https:\/\/gevelridder.nl\/de\/wp-json\/wp\/v2\/media?parent=133107"}],"wp:term":[{"taxonomy":"product_brand","embeddable":true,"href":"https:\/\/gevelridder.nl\/de\/wp-json\/wp\/v2\/product_brand?post=133107"},{"taxonomy":"product_cat","embeddable":true,"href":"https:\/\/gevelridder.nl\/de\/wp-json\/wp\/v2\/product_cat?post=133107"},{"taxonomy":"product_tag","embeddable":true,"href":"https:\/\/gevelridder.nl\/de\/wp-json\/wp\/v2\/product_tag?post=133107"}],"curies":[{"name":"wp","href":"https:\/\/api.w.org\/{rel}","templated":true}]}}