
{"id":132915,"date":"2026-03-25T08:47:54","date_gmt":"2026-03-25T08:47:54","guid":{"rendered":"https:\/\/gevelridder.nl\/datenschutzbestimmungen\/"},"modified":"2026-04-02T10:22:29","modified_gmt":"2026-04-02T10:22:29","slug":"datenschutzbestimmungen","status":"publish","type":"page","link":"https:\/\/gevelridder.nl\/de\/datenschutzbestimmungen\/","title":{"rendered":"Datenschutzbestimmungen"},"content":{"rendered":"\n<p>Bei der Beratung und dem Kauf unserer Dienstleistungen und\/oder Produkte fragen wir Sie nach Ihren pers\u00f6nlichen Daten. Dabei h\u00e4lt sich Gevelridder B.V. an die Allgemeine Datenschutzverordnung. Im Hinblick auf den Schutz Ihrer Privatsph\u00e4re gilt die folgende Richtlinie.<\/p>\n\n\n\n<h4 class=\"wp-block-heading\"><strong>Die Verantwortlichen f\u00fcr Ihre&nbsp;<\/strong>Privatsph\u00e4re<\/h4>\n\n\n\n<p>Gevelridder B.V., mit Sitz im Provincialeweg 4-9, 4013 CL Kapel Avezaath, eingetragen im Handelsregister der Handelskammer unter der Nummer 61679232. Erreichbar unter 085-0270020 und unter info@gevelridder.nl. Der Datenschutzbeauftragte ist Wim de Groot und erreichbar unter 085-0270020 und unter info@gevelridder.nl. Damit Sie wissen, an wen Sie sich mit Ihren Fragen zum Datenschutz wenden k\u00f6nnen.<\/p>\n\n\n\n<h3 class=\"wp-block-heading\">Wozu verarbeiten wir Ihre privaten Daten?<\/h3>\n\n\n\n<p>Im Rahmen unserer Dienstleistungen erfassen wir Daten. Wir haben dies im Datenregister n\u00e4her erl\u00e4utert. Wir verarbeiten Ihre personenbezogenen Daten, weil:<\/p>\n\n\n\n<p>Sie sich bei uns f\u00fcr einen unserer Newsletter anmelden; Sie Informationen von uns anfordern, zum Beispiel \u00fcber unsere Kontaktseite; F\u00fcr statistische Analysen.<\/p>\n\n\n\n<h3 class=\"wp-block-heading\"><strong>Wie lange bewahren wir Ihre pers\u00f6nlichen Daten auf?<\/strong><\/h3>\n\n\n\n<p>Wir bewahren Ihre pers\u00f6nlichen Daten mindestens so lange auf, wie Sie Kunde von Gevelridder B.V. sind. Auch nach Beendigung unserer Dienstleistungen sind wir gesetzlich verpflichtet, bestimmte Daten aufzubewahren. Schlie\u00dflich erw\u00e4gen wir die M\u00f6glichkeit, Ihnen in der Zukunft erneut Dienstleistungen anzubieten. Nach Ablauf der Aufbewahrungsfrist vernichten wir Ihre Daten. Sie haben jederzeit das Recht, uns zu bitten, Ihre Daten zu l\u00f6schen. M\u00f6chten Sie, dass wir Ihre Daten aus unseren Dateien entfernen? Bitte senden Sie eine E-Mail an info@gevelridder.nl. Wir werden Ihre Anfrage innerhalb von 7 Werktagen pr\u00fcfen. Wenn keine Vereinbarung besteht, werden wir Ihrer Bitte innerhalb der gleichen Zeit nachkommen.<\/p>\n\n\n\n<h3 class=\"wp-block-heading\"><strong>Recht auf Inspektion und Kontrolle<\/strong><\/h3>\n\n\n\n<p>Die Allgemeine Datenschutzverordnung gew\u00e4hrt Ihnen bestimmte Rechte in Bezug auf die von uns verarbeiteten personenbezogenen Daten. Sie haben das Recht auf L\u00f6schung der personenbezogenen Daten, das Recht auf Einschr\u00e4nkung der Verarbeitung, das Recht auf Widerspruch gegen die Verarbeitung und das Recht auf Daten\u00fcbertragbarkeit. Wenn die von uns zur Verf\u00fcgung gestellte Daten\u00fcbersicht Ihrer Meinung nach Ungenauigkeiten enth\u00e4lt, k\u00f6nnen Sie schriftlich eine \u00c4nderung der Daten verlangen, indem Sie eine E-Mail an info@gevelridder.nl senden. Wir werden Ihrem Antrag innerhalb von 7 Werktagen nachkommen. Au\u00dferdem haben Sie das Recht, uns mitzuteilen, dass Sie keine Informationen \u00fcber unsere Produkte und Dienstleistungen erhalten m\u00f6chten. Sie k\u00f6nnen dies ebenfalls per E-Mail an info@gevelridder.nl mitteilen.<\/p>\n\n\n\n<h3 class=\"wp-block-heading\"><strong>Datenschutzrichtlinie andere Websites<\/strong><\/h3>\n\n\n\n<p>gevelridder.nl enth\u00e4lt Links zu anderen Websites. Wir sind jedoch nicht verantwortlich f\u00fcr die Datenschutzrichtlinien dieser Websites. Weitere Informationen zu diesem Thema finden Sie auf den betreffenden Websites.<\/p>\n\n\n\n<h3 class=\"wp-block-heading\"><strong>Wir verwenden Cookies<\/strong><\/h3>\n\n\n\n<p>Wir verwenden Cookies, wenn Sie unsere Website besuchen. F\u00fcr nicht-anonymisierte Daten bitten wir Sie um Ihre vorherige Zustimmung. Wir verwenden Cookies, um Informationen \u00fcber die Nutzung unserer Dienste zu sammeln. Cookies sind kleine Informationseinheiten, die Ihr Browser automatisch auf Ihrem Computer speichert. Dies erm\u00f6glicht es uns, Sie bei Ihrem n\u00e4chsten Besuch wiederzuerkennen. Cookies werden nicht verwendet, um Personen zu erkennen; sie identifizieren nur Computer. Sie k\u00f6nnen jedoch pers\u00f6nliche Informationen enthalten. Durch die Verwendung von Cookies k\u00f6nnen wir unsere Dienste weiter verbessern und an die W\u00fcnsche unserer Besucher anpassen \u2013 nat\u00fcrlich unter Ber\u00fccksichtigung Ihrer Privatsph\u00e4re.<\/p>\n\n\n\n<h3 class=\"wp-block-heading\"><strong>Warum wir Cookies verwenden<\/strong><\/h3>\n\n\n\n<p>Um die Website besser funktionieren zu lassen. Um die Nutzung der Website zu erleichtern. Um zu messen, ob Besucher die gew\u00fcnschten Informationen auf unserer Website leicht finden k\u00f6nnen.<\/p>\n\n\n\n<h3 class=\"wp-block-heading\"><strong>Welche Cookies verwenden wir auf dieser Website?<\/strong><\/h3>\n\n\n\n<p><strong>Google Analytics<br><\/strong>Diese Website benutzt Google Analytics, einen Webanalysedienst der Google Inc. Die durch den Cookie erzeugten Informationen \u00fcber Ihre Benutzung dieser Website (einschlie\u00dflich Ihrer IP-Adresse) werden an einen Server von Google in den Vereinigten Staaten \u00fcbertragen und dort gespeichert. Google verwendet diese Informationen, um zu verfolgen, wie Sie die Website nutzen, um Berichte \u00fcber die Website-Aktivit\u00e4ten f\u00fcr die Website-Betreiber zu erstellen und um weitere Dienstleistungen im Zusammenhang mit der Website-Aktivit\u00e4t und der Internetnutzung zu erbringen. Google wird diese Informationen gegebenenfalls an Dritte \u00fcbertragen, sofern dies gesetzlich vorgeschrieben ist oder soweit Dritte diese Daten im Auftrag von Google verarbeiten. Google wird Ihre IP-Adresse nicht mit anderen von Google gespeicherten Daten kombinieren.<strong><br>Hotjar<\/strong>Wir verwenden&nbsp;<strong><a href=\"https:\/\/www.hotjar.com\/\">Hotjar<\/a>, um die Bed\u00fcrfnisse unserer Nutzer besser zu verstehen und unseren Service sowie das damit verbundene Erlebnis zu verbessern. Hotjar ist ein Technologiedienst, der uns hilft, die Erfahrungen unserer Nutzer besser zu verstehen. So k\u00f6nnen wir unsere Website mit Hilfe von Benutzer-Feedback verbessern. Hotjar verwendet Cookies und andere Technologien, um Daten \u00fcber das Verhalten unserer Benutzer und ihrer Ger\u00e4te zu sammeln (insbesondere IP-Adressen der Ger\u00e4te (die nur in anonymisierter Form erfasst und gespeichert werden), Bildschirmaufl\u00f6sung des Ger\u00e4ts, Ger\u00e4tetyp (eindeutige Ger\u00e4te-IDs), Browserinformationen, geografischer Standort (nur auf L\u00e4nderebene), bevorzugte Sprache f\u00fcr die Anzeige unserer Website). Diese Funktionalit\u00e4t wird nur aktiviert, wenn Sie Ihre Zustimmung zum Setzen der Cookies gegeben haben. Hotjar speichert diese Informationen in einem pseudo-anonymisierten Benutzerprofil. Weder Hotjar noch wir werden diese Informationen jemals verwenden, um einzelne Benutzer zu identifizieren oder sie mit weiteren Daten \u00fcber einen einzelnen Benutzer zu verkn\u00fcpfen. Weitere Informationen finden Sie in der Datenschutzrichtlinie von Hotjar, indem Sie auf&nbsp;<a href=\"https:\/\/www.hotjar.com\/privacy\/\">diesen Link<\/a>&nbsp;klicken.<\/strong><\/p>\n\n\n\n<h3 class=\"wp-block-heading\"><strong>Permanente Cookies<\/strong><\/h3>\n\n\n\n<p>Durch die Verwendung permanenter Cookies stellen wir sicher, dass Sie bestimmte Aktionen nicht erneut durchf\u00fchren m\u00fcssen. Wir erkennen die Pr\u00e4ferenzen, die Sie bei einem fr\u00fcheren Besuch auf unserer Website eingegeben haben. Das spart Ihnen Zeit und macht die Nutzung der Website angenehmer. Sie k\u00f6nnen permanente Cookies \u00fcber Ihre Browsereinstellungen l\u00f6schen.<\/p>\n\n\n\n<h3 class=\"wp-block-heading\"><strong>Sitzungs-Cookies<\/strong><\/h3>\n\n\n\n<p>Session-Cookies werden w\u00e4hrend Ihres Besuchs gesetzt und automatisch gel\u00f6scht, sobald Sie den Browser schlie\u00dfen. Wir merken uns, welche Teile Sie w\u00e4hrend eines Besuchs ansehen und passen unsere Dienste entsprechend an.<\/p>\n\n\n\n<h3 class=\"wp-block-heading\"><strong>Cookies f\u00fcr soziale Medien<\/strong><\/h3>\n\n\n\n<p>Auf unserer Website finden Sie Schaltfl\u00e4chen, mit denen Sie unsere Beitr\u00e4ge oder Webseiten in den sozialen Medien bewerben k\u00f6nnen. Denken Sie an das \u201eLiken\u201c \u00fcber Facebook, Instagram oder YouTube oder das Senden eines \u201eTweets\u201c \u00fcber Twitter. Diese Schaltfl\u00e4chen funktionieren \u00fcber Codest\u00fccke, die von den sozialen Medienplattformen selbst stammen. \u00dcber diesen Code werden Cookies platziert. Wir haben hierauf keinen Einfluss. Die sozialen Medienplattformen geben in ihren Datenschutzerkl\u00e4rungen an, was sie mit Ihren Daten \u00fcber die Cookies machen. Unsere Website verwendet auch einen Facebook-Pixel. Der Facebook-Pixel sorgt daf\u00fcr, dass Sie relevante Inhalte von unserer Website auf Facebook sehen. So k\u00f6nnen wir Sie online besser bedienen.<\/p>\n\n\n\n<h3 class=\"wp-block-heading\"><strong>Tracking-Cookies von uns selbst<\/strong><\/h3>\n\n\n\n<p>Wir fordern ein Tracking-Cookie an, sobald Sie eine Website aus unserem Netzwerk besuchen. Dadurch k\u00f6nnen wir feststellen, dass Sie neben unserer Website auch die entsprechende(n) Website(s) aus unserem Netzwerk besucht haben. Das so erstellte Profil ist nicht mit Ihrem Namen, Ihrer Adresse, Ihrer E-Mail-Adresse und dergleichen verkn\u00fcpft, sondern dient lediglich dazu, die Werbung auf Ihr Profil abzustimmen, damit sie f\u00fcr Sie so relevant wie m\u00f6glich ist.<\/p>\n\n\n\n<p><a href=\"https:\/\/gevelridder.nl\/de\/datenschutzbestimmungen\/#\">\u00c4ndern Sie die aktuellen Cookie-Einstellungen?<\/a><\/p>\n\n\n\n<h3 class=\"wp-block-heading\"><strong>Cookies im Internet Explorer l\u00f6schen<\/strong><\/h3>\n\n\n\n<p>Gehen Sie zum Men\u00fc Extras &gt; Internet-Optionen &gt; Registerkarte Allgemein. Klicken Sie unter Verlauf durchsuchen auf L\u00f6schen. Sie m\u00f6chten vielleicht nicht alles l\u00f6schen. Vergewissern Sie sich, dass zumindest Cookies markiert sind und klicken Sie auf L\u00f6schen.<\/p>\n\n\n\n<h3 class=\"wp-block-heading\"><strong>Cookies in Firefox l\u00f6schen<\/strong><\/h3>\n\n\n\n<p>Gehe zu Tools &gt; Optionen &gt; Registerkarte Datenschutz. Klicken Sie auf Ihren j\u00fcngsten Verlauf l\u00f6schen. Unter Details k\u00f6nnen Sie angeben, was genau Sie l\u00f6schen m\u00f6chten. Markieren Sie auf jeden Fall Cookies. Sie k\u00f6nnen auch angeben, wie alt die Cookies sein sollen. W\u00e4hlen Sie hier Alle.<\/p>\n\n\n\n<h3 class=\"wp-block-heading\"><strong>Cookies in Chrome l\u00f6schen<\/strong><\/h3>\n\n\n\n<p>Klicken Sie auf das Symbol mit den 3 Linien oben rechts. &gt; Klicken Sie auf Extras Browsing-Daten l\u00f6schen\u2026 Vergewissern Sie sich auf jeden Fall, dass \u201aCookies und andere Website- und Plugin-Daten l\u00f6schen\u2018 aktiviert ist. Sie k\u00f6nnen auch angeben, wie alt die Cookies sein sollen. W\u00e4hlen Sie hier Alle.<\/p>\n\n\n\n<h3 class=\"wp-block-heading\"><strong>Urheberrecht und Datenbankrechte<\/strong><\/h3>\n\n\n\n<p>Alle Urheber- und Datenbankrechte in Bezug auf (den Inhalt) unserer Website sind ausdr\u00fccklich vorbehalten. Diese Rechte sind Eigentum von Gevelridder B.V. in Kapel Avezaath.<\/p>\n\n\n\n<h3 class=\"wp-block-heading\"><strong>\u00c4nderungen<\/strong><\/h3>\n\n\n\n<p>Wir behalten uns das Recht vor, unsere Datenschutzrichtlinie jederzeit zu \u00e4ndern. Sie finden jedoch immer die aktuellste Version auf dieser Seite. Sie sollten daher regelm\u00e4\u00dfig unsere Datenschutzrichtlinien auf dieser Website \u00fcberpr\u00fcfen.<\/p>\n\n\n\n<h3 class=\"wp-block-heading\"><strong>Datenschutzverletzung<\/strong><\/h3>\n\n\n\n<p>Wenn Sie glauben, eine Schwachstelle in einem unserer (digitalen) Dienste gefunden zu haben (Sicherheitsverletzung) oder vertrauliche Informationen wie z.B. private Daten zu sehen oder darauf zuzugreifen<a href=\"https:\/\/autoriteitpersoonsgegevens.nl\/nl\/onderwerpen\/beveiliging\/meldplicht-datalekken#:~:text=Bij%20een%20datalek%20gaat%20het%20om%20ongeoorloofde%20of%20onbedoelde%20toegang,niet%20voor%20in%20de%20wet.\">(Datenverletzung<\/a>), w\u00fcrden wir gerne mit Ihnen zusammenarbeiten, um diese Situation so schnell wie m\u00f6glich zu l\u00f6sen. Wir bitten Sie daher, diese Informationen mit uns zu teilen.<\/p>\n\n\n\n<h3 class=\"wp-block-heading\"><strong>Beschwerden \u00fcber unsere Datenschutzrichtlinie?<\/strong><\/h3>\n\n\n\n<p>Haben Sie eine Beschwerde \u00fcber die Art und Weise, wie wir mit Ihren pers\u00f6nlichen Daten umgehen? Wenn ja, k\u00f6nnen Sie diese an uns richten, indem Sie eine E-Mail an info@gevelridder.nl mit dem Betreff \u201eBeschwerde\u201c senden. Wir werden innerhalb von 7 Werktagen auf Ihre Anfrage antworten. Sie k\u00f6nnen auch eine Beschwerde bei der Beh\u00f6rde f\u00fcr personenbezogene Daten einreichen. Wir haben das Recht, diese Datenschutzerkl\u00e4rung zu \u00e4ndern. Wir empfehlen Ihnen, diese Datenschutzerkl\u00e4rung regelm\u00e4\u00dfig zu lesen. Auf jeden Fall zu dem Zeitpunkt, an dem Sie uns Ihre pers\u00f6nlichen Daten zur Verf\u00fcgung stellen.<\/p>\n\n\n\n<h3 class=\"wp-block-heading\"><strong>Haben Sie Fragen zu unseren Datenschutzbestimmungen?<\/strong><\/h3>\n\n\n\n<p>Wenn ja, senden Sie bitte eine E-Mail an info@gevelridder.nl. Sie k\u00f6nnen diese E-Mail-Adresse auch verwenden, wenn Sie Fragen zu Ihren Angaben haben oder diese \u00e4ndern m\u00f6chten. Unser Kundenservice hilft Ihnen gerne weiter. oder gehen Sie zu&nbsp;<a href=\"https:\/\/gevelridder.nl\/de\/kontakt\/\">Kontakt<\/a>.<\/p>\n","protected":false},"excerpt":{"rendered":"<p>Bei der Beratung und dem Kauf unserer Dienstleistungen und\/oder Produkte fragen wir Sie nach Ihren pers\u00f6nlichen Daten. Dabei h\u00e4lt sich [&hellip;]<\/p>\n","protected":false},"author":1,"featured_media":0,"parent":0,"menu_order":0,"comment_status":"closed","ping_status":"closed","template":"","meta":{"_acf_changed":false,"_seopress_robots_primary_cat":"","_seopress_titles_title":"","_seopress_titles_desc":"","_seopress_robots_index":"","footnotes":""},"class_list":["post-132915","page","type-page","status-publish","hentry"],"acf":[],"_links":{"self":[{"href":"https:\/\/gevelridder.nl\/de\/wp-json\/wp\/v2\/pages\/132915","targetHints":{"allow":["GET"]}}],"collection":[{"href":"https:\/\/gevelridder.nl\/de\/wp-json\/wp\/v2\/pages"}],"about":[{"href":"https:\/\/gevelridder.nl\/de\/wp-json\/wp\/v2\/types\/page"}],"author":[{"embeddable":true,"href":"https:\/\/gevelridder.nl\/de\/wp-json\/wp\/v2\/users\/1"}],"replies":[{"embeddable":true,"href":"https:\/\/gevelridder.nl\/de\/wp-json\/wp\/v2\/comments?post=132915"}],"version-history":[{"count":2,"href":"https:\/\/gevelridder.nl\/de\/wp-json\/wp\/v2\/pages\/132915\/revisions"}],"predecessor-version":[{"id":132919,"href":"https:\/\/gevelridder.nl\/de\/wp-json\/wp\/v2\/pages\/132915\/revisions\/132919"}],"wp:attachment":[{"href":"https:\/\/gevelridder.nl\/de\/wp-json\/wp\/v2\/media?parent=132915"}],"curies":[{"name":"wp","href":"https:\/\/api.w.org\/{rel}","templated":true}]}}