
{"id":132873,"date":"2023-08-24T08:13:20","date_gmt":"2023-08-24T08:13:20","guid":{"rendered":"https:\/\/gevelridder.nl\/home\/"},"modified":"2026-04-12T08:37:38","modified_gmt":"2026-04-12T08:37:38","slug":"home","status":"publish","type":"page","link":"https:\/\/gevelridder.nl\/de\/","title":{"rendered":"Home"},"content":{"rendered":"","protected":false},"excerpt":{"rendered":"","protected":false},"author":1,"featured_media":0,"parent":0,"menu_order":0,"comment_status":"closed","ping_status":"closed","template":"","meta":{"_acf_changed":false,"_seopress_robots_primary_cat":"","_seopress_titles_title":"Gevelridder: Glaswagen, Glaslift, Plattenwagen vacu\u00fcm equipment.","_seopress_titles_desc":"Seit 30 Jahren ist Gevelridder ein zuverl\u00e4ssiger Lieferant und Berater f\u00fcr gesundheits- und sicherheitsf\u00f6rdernde Hebehilfen wie Gevelridder.","_seopress_robots_index":"","footnotes":""},"class_list":["post-132873","page","type-page","status-publish","hentry"],"acf":[],"_links":{"self":[{"href":"https:\/\/gevelridder.nl\/de\/wp-json\/wp\/v2\/pages\/132873","targetHints":{"allow":["GET"]}}],"collection":[{"href":"https:\/\/gevelridder.nl\/de\/wp-json\/wp\/v2\/pages"}],"about":[{"href":"https:\/\/gevelridder.nl\/de\/wp-json\/wp\/v2\/types\/page"}],"author":[{"embeddable":true,"href":"https:\/\/gevelridder.nl\/de\/wp-json\/wp\/v2\/users\/1"}],"replies":[{"embeddable":true,"href":"https:\/\/gevelridder.nl\/de\/wp-json\/wp\/v2\/comments?post=132873"}],"version-history":[{"count":4,"href":"https:\/\/gevelridder.nl\/de\/wp-json\/wp\/v2\/pages\/132873\/revisions"}],"predecessor-version":[{"id":136798,"href":"https:\/\/gevelridder.nl\/de\/wp-json\/wp\/v2\/pages\/132873\/revisions\/136798"}],"wp:attachment":[{"href":"https:\/\/gevelridder.nl\/de\/wp-json\/wp\/v2\/media?parent=132873"}],"curies":[{"name":"wp","href":"https:\/\/api.w.org\/{rel}","templated":true}]}}