
{"id":132719,"date":"2023-09-01T09:19:15","date_gmt":"2023-09-01T09:19:15","guid":{"rendered":"https:\/\/gevelridder.nl\/kontakt\/"},"modified":"2026-03-31T14:33:17","modified_gmt":"2026-03-31T14:33:17","slug":"kontakt","status":"publish","type":"page","link":"https:\/\/gevelridder.nl\/de\/kontakt\/","title":{"rendered":"Kontakt"},"content":{"rendered":"\n<h2 class=\"wp-block-heading\">Verkaufsb\u00fcro, Versand und Ausstellungsraum<\/h2>\n\n<p>Unser Verkaufsb\u00fcro, die Versandabteilung und der Ausstellungsraum befinden sich in Kapel Avezaath, zentral gelegen in der Mitte der Niederlande, so dass Sie uns dort pers\u00f6nlich kontaktieren k\u00f6nnen. Die meisten Produkte in unserem Webshop sind auf Lager. Hohe Qualit\u00e4t, schneller Service und Kundenfreundlichkeit stehen bei uns an erster Stelle.   <\/p>\n\n<p>Sie k\u00f6nnen ein Produkt auf unserer Website nicht finden? Bitte lassen Sie es uns wissen! M\u00f6chten Sie unsere Produkte zuerst sehen oder ausprobieren? Rufen Sie uns an und vereinbaren Sie einen Termin oder einen Besuch bei Ihnen vor Ort durch unseren Produktspezialisten.   <\/p>\n","protected":false},"excerpt":{"rendered":"<p>Verkaufsb\u00fcro, Versand und Ausstellungsraum Unser Verkaufsb\u00fcro, die Versandabteilung und der Ausstellungsraum befinden sich in Kapel Avezaath, zentral gelegen in der [&hellip;]<\/p>\n","protected":false},"author":1,"featured_media":0,"parent":0,"menu_order":0,"comment_status":"closed","ping_status":"closed","template":"contact-page.php","meta":{"_acf_changed":false,"_seopress_robots_primary_cat":"","_seopress_titles_title":"","_seopress_titles_desc":"","_seopress_robots_index":"","footnotes":""},"class_list":["post-132719","page","type-page","status-publish","hentry"],"acf":[],"_links":{"self":[{"href":"https:\/\/gevelridder.nl\/de\/wp-json\/wp\/v2\/pages\/132719","targetHints":{"allow":["GET"]}}],"collection":[{"href":"https:\/\/gevelridder.nl\/de\/wp-json\/wp\/v2\/pages"}],"about":[{"href":"https:\/\/gevelridder.nl\/de\/wp-json\/wp\/v2\/types\/page"}],"author":[{"embeddable":true,"href":"https:\/\/gevelridder.nl\/de\/wp-json\/wp\/v2\/users\/1"}],"replies":[{"embeddable":true,"href":"https:\/\/gevelridder.nl\/de\/wp-json\/wp\/v2\/comments?post=132719"}],"version-history":[{"count":4,"href":"https:\/\/gevelridder.nl\/de\/wp-json\/wp\/v2\/pages\/132719\/revisions"}],"predecessor-version":[{"id":132731,"href":"https:\/\/gevelridder.nl\/de\/wp-json\/wp\/v2\/pages\/132719\/revisions\/132731"}],"wp:attachment":[{"href":"https:\/\/gevelridder.nl\/de\/wp-json\/wp\/v2\/media?parent=132719"}],"curies":[{"name":"wp","href":"https:\/\/api.w.org\/{rel}","templated":true}]}}